{"id":434,"date":"2025-02-24T13:46:52","date_gmt":"2025-02-24T12:46:52","guid":{"rendered":"https:\/\/lepalaishotel.ms2.decms.eu\/?page_id=434"},"modified":"2025-03-19T11:31:40","modified_gmt":"2025-03-19T10:31:40","slug":"buchungsbedingungen","status":"publish","type":"page","link":"https:\/\/www.lepalaishotel.eu\/de\/buchungsbedingungen\/","title":{"rendered":"Buchungsbedingungen"},"content":{"rendered":"<p>Alle Buchungen m\u00fcssen mit einer g\u00fcltigen Kreditkarte zum Zeitpunkt der Buchung garantiert werden (wir akzeptieren VISA, EC\/MC, Amex, Diners Club und JCB).<\/p>\n<p>Das Hotel beh\u00e4lt sich das Recht vor, die Kreditkarte vor der Anreise mit\u00a0<strong>dem Betrag der ersten Nacht<\/strong>\u00a0zu belasten (gilt nicht f\u00fcr im Voraus f\u00e4llige und nicht zur\u00fcckzahlbare Buchungen). <strong>Eine Vorauszahlung in H\u00f6he von 100\u00a0% des Buchungswertes<\/strong>\u00a0der im Voraus f\u00e4lligen und nicht zur\u00fcckzahlbaren Buchung wird zum Zeitpunkt der Buchung abgebucht.<\/p>\n<p>Bei Nichtvorlage einer g\u00fcltigen Kreditkarte wird die Buchung automatisch storniert.<\/p>\n<p>Buchungen mit flexibler Stornierung k\u00f6nnen\u00a0<strong>bis zu<\/strong>\u00a0<strong>18.00 Uhr Ortszeit am Vortag der Anreise\u00a0kostenfrei<\/strong> storniert werden. Bei Nichtanreise an dem Tag (No show) oder sp\u00e4terer Stornierung (bzw. \u00c4nderung) als 1 Tag vor der Anreise wird Ihre Kreditkarte mit dem Betrag f\u00fcr die erste Nacht belastet.<\/p>\n<p><strong>Im Voraus bezahlte Buchungen<\/strong>\u00a0sind\u00a0<strong>nicht zur\u00fcckzahlbar<\/strong> und\u00a0k\u00f6nnen nicht kostenfrei umgebucht oder storniert\u00a0werden. Der Gesamtbetrag der gebuchten \u00dcbernachtung zu einem <strong>Fr\u00fchbucherpreis<\/strong>\u00a0wird zum Zeitpunkt der Buchung f\u00e4llig.\u00a0Bei Nichtanreise (No show) oder Stornierung (bzw. \u00c4nderung) wird die <strong>Vorauszahlung in H\u00f6he von 100 %<\/strong> <strong>des Buchungswertes nicht zur\u00fcckerstattet.<\/strong><\/p>\n<p>Unabh\u00e4ngig von der W\u00e4hrung bzw. vom W\u00e4hrungskurs erfolgen alle Buchungen per Kreditkarte oder EC-Karte in der Landesw\u00e4hrung des Hotels, das bedeutet, dass die Betr\u00e4ge aufgrund von Ver\u00e4nderungen des Wechselkurses variieren k\u00f6nnen.\u00a0Dar\u00fcber hinaus weisen wir darauf hin, dass Ihre Bank Umrechnungsgeb\u00fchren f\u00fcr Zahlungen per Kreditkarte berechnen kann.<\/p>\n<p>Alle gebuchten Zusatzleistungen k\u00f6nnen bis 18.00 Uhr Ortszeit am Tag vor der Anreise kostenfrei storniert werden.\u00a0Bei Nichtanreise an dem Tag (No show) oder sp\u00e4terer Stornierung (bzw. \u00c4nderung) als 1 Tag vor der Anreise wird Ihre Kreditkarte mit einem Betrag in H\u00f6he von 50 % des Wertes der Zusatzleistungen belastet.<\/p>\n","protected":false},"excerpt":{"rendered":"<p>Alle Buchungen m\u00fcssen mit einer g\u00fcltigen Kreditkarte zum Zeitpunkt der Buchung garantiert werden (wir akzeptieren VISA, EC\/MC, Amex, Diners Club und JCB). Das Hotel beh\u00e4lt sich das Recht vor, die Kreditkarte vor der Anreise mit\u00a0dem Betrag der ersten Nacht\u00a0zu belasten (gilt nicht f\u00fcr im Voraus f\u00e4llige und nicht zur\u00fcckzahlbare Buchungen). Eine Vorauszahlung in H\u00f6he von [&hellip;]<\/p>\n","protected":false},"author":26,"featured_media":0,"parent":0,"menu_order":150,"comment_status":"closed","ping_status":"closed","template":"template-policy-page.php","meta":{"footnotes":""},"yoast_head":"<!-- This site is optimized with the Yoast SEO plugin v22.3 - https:\/\/yoast.com\/wordpress\/plugins\/seo\/ -->\n<title>Buchungsbedingungen - Le Palais Art Hotel Prague -<\/title>\n<meta name=\"description\" content=\"Alle Buchungen m\u00fcssen mit einer g\u00fcltigen Kreditkarte zum Zeitpunkt der Buchung garantiert werden (wir akzeptieren VISA, EC\/MC, Amex, Diners Club und JCB).  Das Hotel beh\u00e4lt sich das Recht vor, die Kreditkarte vor der Anreise mit\u00a0dem Betrag der ersten Nacht\u00a0zu belasten (gilt nicht f\u00fcr im Voraus f\u00e4llige und nicht zur\u00fcckzahlbare Buchungen). Eine Vorauszahlung in H\u00f6he von 100\u00a0% des Buchungswertes\u00a0der im Voraus f\u00e4lligen und nicht zur\u00fcckzahlbaren Buchung wird zum Zeitpunkt der Buchung abgebucht.  Bei Nichtvorlage einer g\u00fcltigen Kreditkarte wird die Buchung automatisch storniert.  Buchungen mit flexibler Stornierung k\u00f6nnen\u00a0bis zu\u00a018.00 Uhr Ortszeit am Vortag der Anreise\u00a0kostenfrei storniert werden\" \/>\n<meta name=\"robots\" content=\"index, follow, max-snippet:-1, max-image-preview:large, max-video-preview:-1\" \/>\n<link rel=\"canonical\" href=\"https:\/\/www.lepalaishotel.eu\/de\/buchungsbedingungen\/\" \/>\n<meta property=\"og:locale\" content=\"de_DE\" \/>\n<meta property=\"og:type\" content=\"article\" \/>\n<meta property=\"og:title\" content=\"Buchungsbedingungen - Le Palais Art Hotel Prague -\" \/>\n<meta property=\"og:description\" content=\"Alle Buchungen m\u00fcssen mit einer g\u00fcltigen Kreditkarte zum Zeitpunkt der Buchung garantiert werden (wir akzeptieren VISA, EC\/MC, Amex, Diners Club und JCB).  Das Hotel beh\u00e4lt sich das Recht vor, die Kreditkarte vor der Anreise mit\u00a0dem Betrag der ersten Nacht\u00a0zu belasten (gilt nicht f\u00fcr im Voraus f\u00e4llige und nicht zur\u00fcckzahlbare Buchungen). Eine Vorauszahlung in H\u00f6he von 100\u00a0% des Buchungswertes\u00a0der im Voraus f\u00e4lligen und nicht zur\u00fcckzahlbaren Buchung wird zum Zeitpunkt der Buchung abgebucht.  Bei Nichtvorlage einer g\u00fcltigen Kreditkarte wird die Buchung automatisch storniert.  Buchungen mit flexibler Stornierung k\u00f6nnen\u00a0bis zu\u00a018.00 Uhr Ortszeit am Vortag der Anreise\u00a0kostenfrei storniert werden\" \/>\n<meta property=\"og:url\" content=\"https:\/\/www.lepalaishotel.eu\/de\/buchungsbedingungen\/\" \/>\n<meta property=\"og:site_name\" content=\"Le Palais Art Hotel Prague\" \/>\n<meta property=\"article:publisher\" content=\"https:\/\/www.facebook.com\/Le.Palais.Hotel.Prague\" \/>\n<meta property=\"article:modified_time\" content=\"2025-03-19T10:31:40+00:00\" \/>\n<meta name=\"twitter:card\" content=\"summary_large_image\" \/>\n<meta name=\"twitter:label1\" content=\"Gesch\u00e4tzte Lesezeit\" \/>\n\t<meta name=\"twitter:data1\" content=\"2 Minuten\" \/>\n<script type=\"application\/ld+json\" class=\"yoast-schema-graph\">{\"@context\":\"https:\/\/schema.org\",\"@graph\":[{\"@type\":\"WebPage\",\"@id\":\"https:\/\/www.lepalaishotel.eu\/de\/buchungsbedingungen\/\",\"url\":\"https:\/\/www.lepalaishotel.eu\/de\/buchungsbedingungen\/\",\"name\":\"Buchungsbedingungen - Le Palais Art Hotel Prague -\",\"isPartOf\":{\"@id\":\"https:\/\/www.lepalaishotel.eu\/de\/#website\"},\"datePublished\":\"2025-02-24T12:46:52+00:00\",\"dateModified\":\"2025-03-19T10:31:40+00:00\",\"description\":\"Alle Buchungen m\u00fcssen mit einer g\u00fcltigen Kreditkarte zum Zeitpunkt der Buchung garantiert werden (wir akzeptieren VISA, EC\/MC, Amex, Diners Club und JCB). Das Hotel beh\u00e4lt sich das Recht vor, die Kreditkarte vor der Anreise mit\u00a0dem Betrag der ersten Nacht\u00a0zu belasten (gilt nicht f\u00fcr im Voraus f\u00e4llige und nicht zur\u00fcckzahlbare Buchungen). Eine Vorauszahlung in H\u00f6he von 100\u00a0% des Buchungswertes\u00a0der im Voraus f\u00e4lligen und nicht zur\u00fcckzahlbaren Buchung wird zum Zeitpunkt der Buchung abgebucht. Bei Nichtvorlage einer g\u00fcltigen Kreditkarte wird die Buchung automatisch storniert. Buchungen mit flexibler Stornierung k\u00f6nnen\u00a0bis zu\u00a018.00 Uhr Ortszeit am Vortag der Anreise\u00a0kostenfrei storniert werden\",\"breadcrumb\":{\"@id\":\"https:\/\/www.lepalaishotel.eu\/de\/buchungsbedingungen\/#breadcrumb\"},\"inLanguage\":\"de-DE\",\"potentialAction\":[{\"@type\":\"ReadAction\",\"target\":[\"https:\/\/www.lepalaishotel.eu\/de\/buchungsbedingungen\/\"]}]},{\"@type\":\"BreadcrumbList\",\"@id\":\"https:\/\/www.lepalaishotel.eu\/de\/buchungsbedingungen\/#breadcrumb\",\"itemListElement\":[{\"@type\":\"ListItem\",\"position\":1,\"name\":\"Home\",\"item\":\"https:\/\/www.lepalaishotel.eu\/de\/\"},{\"@type\":\"ListItem\",\"position\":2,\"name\":\"Buchungsbedingungen\"}]},{\"@type\":\"WebSite\",\"@id\":\"https:\/\/www.lepalaishotel.eu\/de\/#website\",\"url\":\"https:\/\/www.lepalaishotel.eu\/de\/\",\"name\":\"Le Palais Art Hotel Prague\",\"description\":\"\",\"publisher\":{\"@id\":\"https:\/\/www.lepalaishotel.eu\/de\/#organization\"},\"potentialAction\":[{\"@type\":\"SearchAction\",\"target\":{\"@type\":\"EntryPoint\",\"urlTemplate\":\"https:\/\/www.lepalaishotel.eu\/de\/?s={search_term_string}\"},\"query-input\":\"required name=search_term_string\"}],\"inLanguage\":\"de-DE\"},{\"@type\":\"Organization\",\"@id\":\"https:\/\/www.lepalaishotel.eu\/de\/#organization\",\"name\":\"Le Palais Art Hotel Prague\",\"url\":\"https:\/\/www.lepalaishotel.eu\/de\/\",\"logo\":{\"@type\":\"ImageObject\",\"inLanguage\":\"de-DE\",\"@id\":\"https:\/\/www.lepalaishotel.eu\/de\/#\/schema\/logo\/image\/\",\"url\":\"https:\/\/www.lepalaishotel.eu\/wp-content\/uploads\/sites\/218\/2025\/02\/le_palais_logo_gold.svg\",\"contentUrl\":\"https:\/\/www.lepalaishotel.eu\/wp-content\/uploads\/sites\/218\/2025\/02\/le_palais_logo_gold.svg\",\"width\":434,\"height\":334,\"caption\":\"Le Palais Art Hotel Prague\"},\"image\":{\"@id\":\"https:\/\/www.lepalaishotel.eu\/de\/#\/schema\/logo\/image\/\"},\"sameAs\":[\"https:\/\/www.facebook.com\/Le.Palais.Hotel.Prague\",\"https:\/\/www.instagram.com\/lepalais_hotel_prague\",\"https:\/\/twitter.com\/LePalais_Prague\"]}]}<\/script>\n<!-- \/ Yoast SEO plugin. -->","yoast_head_json":{"title":"Buchungsbedingungen - Le Palais Art Hotel Prague -","description":"Alle Buchungen m\u00fcssen mit einer g\u00fcltigen Kreditkarte zum Zeitpunkt der Buchung garantiert werden (wir akzeptieren VISA, EC\/MC, Amex, Diners Club und JCB).  Das Hotel beh\u00e4lt sich das Recht vor, die Kreditkarte vor der Anreise mit\u00a0dem Betrag der ersten Nacht\u00a0zu belasten (gilt nicht f\u00fcr im Voraus f\u00e4llige und nicht zur\u00fcckzahlbare Buchungen). Eine Vorauszahlung in H\u00f6he von 100\u00a0% des Buchungswertes\u00a0der im Voraus f\u00e4lligen und nicht zur\u00fcckzahlbaren Buchung wird zum Zeitpunkt der Buchung abgebucht.  Bei Nichtvorlage einer g\u00fcltigen Kreditkarte wird die Buchung automatisch storniert.  Buchungen mit flexibler Stornierung k\u00f6nnen\u00a0bis zu\u00a018.00 Uhr Ortszeit am Vortag der Anreise\u00a0kostenfrei storniert werden","robots":{"index":"index","follow":"follow","max-snippet":"max-snippet:-1","max-image-preview":"max-image-preview:large","max-video-preview":"max-video-preview:-1"},"canonical":"https:\/\/www.lepalaishotel.eu\/de\/buchungsbedingungen\/","og_locale":"de_DE","og_type":"article","og_title":"Buchungsbedingungen - Le Palais Art Hotel Prague -","og_description":"Alle Buchungen m\u00fcssen mit einer g\u00fcltigen Kreditkarte zum Zeitpunkt der Buchung garantiert werden (wir akzeptieren VISA, EC\/MC, Amex, Diners Club und JCB).  Das Hotel beh\u00e4lt sich das Recht vor, die Kreditkarte vor der Anreise mit\u00a0dem Betrag der ersten Nacht\u00a0zu belasten (gilt nicht f\u00fcr im Voraus f\u00e4llige und nicht zur\u00fcckzahlbare Buchungen). Eine Vorauszahlung in H\u00f6he von 100\u00a0% des Buchungswertes\u00a0der im Voraus f\u00e4lligen und nicht zur\u00fcckzahlbaren Buchung wird zum Zeitpunkt der Buchung abgebucht.  Bei Nichtvorlage einer g\u00fcltigen Kreditkarte wird die Buchung automatisch storniert.  Buchungen mit flexibler Stornierung k\u00f6nnen\u00a0bis zu\u00a018.00 Uhr Ortszeit am Vortag der Anreise\u00a0kostenfrei storniert werden","og_url":"https:\/\/www.lepalaishotel.eu\/de\/buchungsbedingungen\/","og_site_name":"Le Palais Art Hotel Prague","article_publisher":"https:\/\/www.facebook.com\/Le.Palais.Hotel.Prague","article_modified_time":"2025-03-19T10:31:40+00:00","twitter_card":"summary_large_image","twitter_misc":{"Gesch\u00e4tzte Lesezeit":"2 Minuten"},"schema":{"@context":"https:\/\/schema.org","@graph":[{"@type":"WebPage","@id":"https:\/\/www.lepalaishotel.eu\/de\/buchungsbedingungen\/","url":"https:\/\/www.lepalaishotel.eu\/de\/buchungsbedingungen\/","name":"Buchungsbedingungen - Le Palais Art Hotel Prague -","isPartOf":{"@id":"https:\/\/www.lepalaishotel.eu\/de\/#website"},"datePublished":"2025-02-24T12:46:52+00:00","dateModified":"2025-03-19T10:31:40+00:00","description":"Alle Buchungen m\u00fcssen mit einer g\u00fcltigen Kreditkarte zum Zeitpunkt der Buchung garantiert werden (wir akzeptieren VISA, EC\/MC, Amex, Diners Club und JCB). Das Hotel beh\u00e4lt sich das Recht vor, die Kreditkarte vor der Anreise mit\u00a0dem Betrag der ersten Nacht\u00a0zu belasten (gilt nicht f\u00fcr im Voraus f\u00e4llige und nicht zur\u00fcckzahlbare Buchungen). Eine Vorauszahlung in H\u00f6he von 100\u00a0% des Buchungswertes\u00a0der im Voraus f\u00e4lligen und nicht zur\u00fcckzahlbaren Buchung wird zum Zeitpunkt der Buchung abgebucht. Bei Nichtvorlage einer g\u00fcltigen Kreditkarte wird die Buchung automatisch storniert. Buchungen mit flexibler Stornierung k\u00f6nnen\u00a0bis zu\u00a018.00 Uhr Ortszeit am Vortag der Anreise\u00a0kostenfrei storniert werden","breadcrumb":{"@id":"https:\/\/www.lepalaishotel.eu\/de\/buchungsbedingungen\/#breadcrumb"},"inLanguage":"de-DE","potentialAction":[{"@type":"ReadAction","target":["https:\/\/www.lepalaishotel.eu\/de\/buchungsbedingungen\/"]}]},{"@type":"BreadcrumbList","@id":"https:\/\/www.lepalaishotel.eu\/de\/buchungsbedingungen\/#breadcrumb","itemListElement":[{"@type":"ListItem","position":1,"name":"Home","item":"https:\/\/www.lepalaishotel.eu\/de\/"},{"@type":"ListItem","position":2,"name":"Buchungsbedingungen"}]},{"@type":"WebSite","@id":"https:\/\/www.lepalaishotel.eu\/de\/#website","url":"https:\/\/www.lepalaishotel.eu\/de\/","name":"Le Palais Art Hotel Prague","description":"","publisher":{"@id":"https:\/\/www.lepalaishotel.eu\/de\/#organization"},"potentialAction":[{"@type":"SearchAction","target":{"@type":"EntryPoint","urlTemplate":"https:\/\/www.lepalaishotel.eu\/de\/?s={search_term_string}"},"query-input":"required name=search_term_string"}],"inLanguage":"de-DE"},{"@type":"Organization","@id":"https:\/\/www.lepalaishotel.eu\/de\/#organization","name":"Le Palais Art Hotel Prague","url":"https:\/\/www.lepalaishotel.eu\/de\/","logo":{"@type":"ImageObject","inLanguage":"de-DE","@id":"https:\/\/www.lepalaishotel.eu\/de\/#\/schema\/logo\/image\/","url":"https:\/\/www.lepalaishotel.eu\/wp-content\/uploads\/sites\/218\/2025\/02\/le_palais_logo_gold.svg","contentUrl":"https:\/\/www.lepalaishotel.eu\/wp-content\/uploads\/sites\/218\/2025\/02\/le_palais_logo_gold.svg","width":434,"height":334,"caption":"Le Palais Art Hotel Prague"},"image":{"@id":"https:\/\/www.lepalaishotel.eu\/de\/#\/schema\/logo\/image\/"},"sameAs":["https:\/\/www.facebook.com\/Le.Palais.Hotel.Prague","https:\/\/www.instagram.com\/lepalais_hotel_prague","https:\/\/twitter.com\/LePalais_Prague"]}]}},"acf":[],"_links":{"self":[{"href":"https:\/\/www.lepalaishotel.eu\/de\/wp-json\/wp\/v2\/pages\/434"}],"collection":[{"href":"https:\/\/www.lepalaishotel.eu\/de\/wp-json\/wp\/v2\/pages"}],"about":[{"href":"https:\/\/www.lepalaishotel.eu\/de\/wp-json\/wp\/v2\/types\/page"}],"author":[{"embeddable":true,"href":"https:\/\/www.lepalaishotel.eu\/de\/wp-json\/wp\/v2\/users\/26"}],"replies":[{"embeddable":true,"href":"https:\/\/www.lepalaishotel.eu\/de\/wp-json\/wp\/v2\/comments?post=434"}],"version-history":[{"count":0,"href":"https:\/\/www.lepalaishotel.eu\/de\/wp-json\/wp\/v2\/pages\/434\/revisions"}],"wp:attachment":[{"href":"https:\/\/www.lepalaishotel.eu\/de\/wp-json\/wp\/v2\/media?parent=434"}],"curies":[{"name":"wp","href":"https:\/\/api.w.org\/{rel}","templated":true}]}}