{"id":416,"date":"2025-02-20T10:30:18","date_gmt":"2025-02-20T09:30:18","guid":{"rendered":"https:\/\/lepalaishotel.ms2.decms.eu\/?page_id=416"},"modified":"2025-04-01T08:07:34","modified_gmt":"2025-04-01T06:07:34","slug":"zimmer","status":"publish","type":"page","link":"https:\/\/www.lepalaishotel.eu\/de\/zimmer\/","title":{"rendered":"Zimmer"},"content":{"rendered":"<p>Das Hotel bietet<strong> 72 luxuri\u00f6se Zimmer<\/strong> und <strong>Apartments in<\/strong> drei <strong>Kategorien<\/strong>: Standard, Deluxe und Luxury Suite. Die Zimmer und Apartments haben eine Gr\u00f6\u00dfe von 21 m\u00b2 bis 94 m\u00b2 und sind jeweils individuell gestaltet, um ein einzigartiges und komfortables Erlebnis zu bieten.<\/p>\n<p>Alle Zimmer und Apartments verf\u00fcgen \u00fcber Standardannehmlichkeiten wie individuell steuerbare Klimaanlage, ein Marmorbadezimmer mit beheiztem Boden, Telefon, High-Speed-Internet, Satelliten-TV, Safe und Tee-\/Kaffeezubereitungsm\u00f6glichkeiten.<\/p>\n<p>Im Rahmen der Unterkunft genie\u00dfen die G\u00e4ste ein reichhaltiges Fr\u00fchst\u00fccksbuffet im gehobenen <strong>Restaurant ARTISTA<\/strong>. F\u00fcr G\u00e4ste, die ihre Fitness aufrechterhalten m\u00f6chten, steht das Fitnesscenter kostenfrei zur Verf\u00fcgung. Gegen einen Aufpreis k\u00f6nnen die G\u00e4ste auch den Health Club nutzen.<\/p>\n","protected":false},"excerpt":{"rendered":"<p>Das Hotel bietet 72 luxuri\u00f6se Zimmer und Apartments in drei Kategorien: Standard, Deluxe und Luxury Suite. Die Zimmer und Apartments haben eine Gr\u00f6\u00dfe von 21 m\u00b2 bis 94 m\u00b2 und sind jeweils individuell gestaltet, um ein einzigartiges und komfortables Erlebnis zu bieten. Alle Zimmer und Apartments verf\u00fcgen \u00fcber Standardannehmlichkeiten wie individuell steuerbare Klimaanlage, ein Marmorbadezimmer [&hellip;]<\/p>\n","protected":false},"author":26,"featured_media":0,"parent":0,"menu_order":50,"comment_status":"closed","ping_status":"closed","template":"template-rooms.php","meta":{"footnotes":""},"yoast_head":"<!-- This site is optimized with the Yoast SEO plugin v22.3 - https:\/\/yoast.com\/wordpress\/plugins\/seo\/ -->\n<title>Zimmer - Le Palais Art Hotel Prague -<\/title>\n<meta name=\"description\" content=\"Das Hotel bietet 72 luxuri\u00f6se Zimmer und Apartments in drei Kategorien: Standard, Deluxe und Luxury Suite. Die Zimmer und Apartments haben eine Gr\u00f6\u00dfe von 21 m\u00b2 bis 94 m\u00b2 und sind jeweils individuell gestaltet, um ein einzigartiges und komfortables Erlebnis zu bieten.  Alle Zimmer und Apartments verf\u00fcgen \u00fcber Standardannehmlichkeiten wie individuell steuerbare Klimaanlage, ein Marmorbadezimmer mit beheiztem Boden, Telefon, High-Speed-Internet, Satelliten-TV, Safe und Tee-\/Kaffeezubereitungsm\u00f6glichkeiten.  Im Rahmen der Unterkunft genie\u00dfen die G\u00e4ste ein reichhaltiges Fr\u00fchst\u00fccksbuffet im gehobenen Restaurant ARTISTA\" \/>\n<meta name=\"robots\" content=\"index, follow, max-snippet:-1, max-image-preview:large, max-video-preview:-1\" \/>\n<link rel=\"canonical\" href=\"https:\/\/www.lepalaishotel.eu\/de\/zimmer\/\" \/>\n<meta property=\"og:locale\" content=\"de_DE\" \/>\n<meta property=\"og:type\" content=\"article\" \/>\n<meta property=\"og:title\" content=\"Zimmer - Le Palais Art Hotel Prague -\" \/>\n<meta property=\"og:description\" content=\"Das Hotel bietet 72 luxuri\u00f6se Zimmer und Apartments in drei Kategorien: Standard, Deluxe und Luxury Suite. Die Zimmer und Apartments haben eine Gr\u00f6\u00dfe von 21 m\u00b2 bis 94 m\u00b2 und sind jeweils individuell gestaltet, um ein einzigartiges und komfortables Erlebnis zu bieten.  Alle Zimmer und Apartments verf\u00fcgen \u00fcber Standardannehmlichkeiten wie individuell steuerbare Klimaanlage, ein Marmorbadezimmer mit beheiztem Boden, Telefon, High-Speed-Internet, Satelliten-TV, Safe und Tee-\/Kaffeezubereitungsm\u00f6glichkeiten.  Im Rahmen der Unterkunft genie\u00dfen die G\u00e4ste ein reichhaltiges Fr\u00fchst\u00fccksbuffet im gehobenen Restaurant ARTISTA\" \/>\n<meta property=\"og:url\" content=\"https:\/\/www.lepalaishotel.eu\/de\/zimmer\/\" \/>\n<meta property=\"og:site_name\" content=\"Le Palais Art Hotel Prague\" \/>\n<meta property=\"article:publisher\" content=\"https:\/\/www.facebook.com\/Le.Palais.Hotel.Prague\" \/>\n<meta property=\"article:modified_time\" content=\"2025-04-01T06:07:34+00:00\" \/>\n<meta name=\"twitter:card\" content=\"summary_large_image\" \/>\n<meta name=\"twitter:label1\" content=\"Gesch\u00e4tzte Lesezeit\" \/>\n\t<meta name=\"twitter:data1\" content=\"1 Minute\" \/>\n<script type=\"application\/ld+json\" class=\"yoast-schema-graph\">{\"@context\":\"https:\/\/schema.org\",\"@graph\":[{\"@type\":\"WebPage\",\"@id\":\"https:\/\/www.lepalaishotel.eu\/de\/zimmer\/\",\"url\":\"https:\/\/www.lepalaishotel.eu\/de\/zimmer\/\",\"name\":\"Zimmer - Le Palais Art Hotel Prague -\",\"isPartOf\":{\"@id\":\"https:\/\/www.lepalaishotel.eu\/de\/#website\"},\"datePublished\":\"2025-02-20T09:30:18+00:00\",\"dateModified\":\"2025-04-01T06:07:34+00:00\",\"description\":\"Das Hotel bietet 72 luxuri\u00f6se Zimmer und Apartments in drei Kategorien: Standard, Deluxe und Luxury Suite. Die Zimmer und Apartments haben eine Gr\u00f6\u00dfe von 21 m\u00b2 bis 94 m\u00b2 und sind jeweils individuell gestaltet, um ein einzigartiges und komfortables Erlebnis zu bieten. Alle Zimmer und Apartments verf\u00fcgen \u00fcber Standardannehmlichkeiten wie individuell steuerbare Klimaanlage, ein Marmorbadezimmer mit beheiztem Boden, Telefon, High-Speed-Internet, Satelliten-TV, Safe und Tee-\/Kaffeezubereitungsm\u00f6glichkeiten. Im Rahmen der Unterkunft genie\u00dfen die G\u00e4ste ein reichhaltiges Fr\u00fchst\u00fccksbuffet im gehobenen Restaurant ARTISTA\",\"breadcrumb\":{\"@id\":\"https:\/\/www.lepalaishotel.eu\/de\/zimmer\/#breadcrumb\"},\"inLanguage\":\"de-DE\",\"potentialAction\":[{\"@type\":\"ReadAction\",\"target\":[\"https:\/\/www.lepalaishotel.eu\/de\/zimmer\/\"]}]},{\"@type\":\"BreadcrumbList\",\"@id\":\"https:\/\/www.lepalaishotel.eu\/de\/zimmer\/#breadcrumb\",\"itemListElement\":[{\"@type\":\"ListItem\",\"position\":1,\"name\":\"Home\",\"item\":\"https:\/\/www.lepalaishotel.eu\/de\/\"},{\"@type\":\"ListItem\",\"position\":2,\"name\":\"Zimmer\"}]},{\"@type\":\"WebSite\",\"@id\":\"https:\/\/www.lepalaishotel.eu\/de\/#website\",\"url\":\"https:\/\/www.lepalaishotel.eu\/de\/\",\"name\":\"Le Palais Art Hotel Prague\",\"description\":\"\",\"publisher\":{\"@id\":\"https:\/\/www.lepalaishotel.eu\/de\/#organization\"},\"potentialAction\":[{\"@type\":\"SearchAction\",\"target\":{\"@type\":\"EntryPoint\",\"urlTemplate\":\"https:\/\/www.lepalaishotel.eu\/de\/?s={search_term_string}\"},\"query-input\":\"required name=search_term_string\"}],\"inLanguage\":\"de-DE\"},{\"@type\":\"Organization\",\"@id\":\"https:\/\/www.lepalaishotel.eu\/de\/#organization\",\"name\":\"Le Palais Art Hotel Prague\",\"url\":\"https:\/\/www.lepalaishotel.eu\/de\/\",\"logo\":{\"@type\":\"ImageObject\",\"inLanguage\":\"de-DE\",\"@id\":\"https:\/\/www.lepalaishotel.eu\/de\/#\/schema\/logo\/image\/\",\"url\":\"https:\/\/www.lepalaishotel.eu\/wp-content\/uploads\/sites\/218\/2025\/02\/le_palais_logo_gold.svg\",\"contentUrl\":\"https:\/\/www.lepalaishotel.eu\/wp-content\/uploads\/sites\/218\/2025\/02\/le_palais_logo_gold.svg\",\"width\":434,\"height\":334,\"caption\":\"Le Palais Art Hotel Prague\"},\"image\":{\"@id\":\"https:\/\/www.lepalaishotel.eu\/de\/#\/schema\/logo\/image\/\"},\"sameAs\":[\"https:\/\/www.facebook.com\/Le.Palais.Hotel.Prague\",\"https:\/\/www.instagram.com\/lepalais_hotel_prague\",\"https:\/\/twitter.com\/LePalais_Prague\"]}]}<\/script>\n<!-- \/ Yoast SEO plugin. -->","yoast_head_json":{"title":"Zimmer - Le Palais Art Hotel Prague -","description":"Das Hotel bietet 72 luxuri\u00f6se Zimmer und Apartments in drei Kategorien: Standard, Deluxe und Luxury Suite. Die Zimmer und Apartments haben eine Gr\u00f6\u00dfe von 21 m\u00b2 bis 94 m\u00b2 und sind jeweils individuell gestaltet, um ein einzigartiges und komfortables Erlebnis zu bieten.  Alle Zimmer und Apartments verf\u00fcgen \u00fcber Standardannehmlichkeiten wie individuell steuerbare Klimaanlage, ein Marmorbadezimmer mit beheiztem Boden, Telefon, High-Speed-Internet, Satelliten-TV, Safe und Tee-\/Kaffeezubereitungsm\u00f6glichkeiten.  Im Rahmen der Unterkunft genie\u00dfen die G\u00e4ste ein reichhaltiges Fr\u00fchst\u00fccksbuffet im gehobenen Restaurant ARTISTA","robots":{"index":"index","follow":"follow","max-snippet":"max-snippet:-1","max-image-preview":"max-image-preview:large","max-video-preview":"max-video-preview:-1"},"canonical":"https:\/\/www.lepalaishotel.eu\/de\/zimmer\/","og_locale":"de_DE","og_type":"article","og_title":"Zimmer - Le Palais Art Hotel Prague -","og_description":"Das Hotel bietet 72 luxuri\u00f6se Zimmer und Apartments in drei Kategorien: Standard, Deluxe und Luxury Suite. Die Zimmer und Apartments haben eine Gr\u00f6\u00dfe von 21 m\u00b2 bis 94 m\u00b2 und sind jeweils individuell gestaltet, um ein einzigartiges und komfortables Erlebnis zu bieten.  Alle Zimmer und Apartments verf\u00fcgen \u00fcber Standardannehmlichkeiten wie individuell steuerbare Klimaanlage, ein Marmorbadezimmer mit beheiztem Boden, Telefon, High-Speed-Internet, Satelliten-TV, Safe und Tee-\/Kaffeezubereitungsm\u00f6glichkeiten.  Im Rahmen der Unterkunft genie\u00dfen die G\u00e4ste ein reichhaltiges Fr\u00fchst\u00fccksbuffet im gehobenen Restaurant ARTISTA","og_url":"https:\/\/www.lepalaishotel.eu\/de\/zimmer\/","og_site_name":"Le Palais Art Hotel Prague","article_publisher":"https:\/\/www.facebook.com\/Le.Palais.Hotel.Prague","article_modified_time":"2025-04-01T06:07:34+00:00","twitter_card":"summary_large_image","twitter_misc":{"Gesch\u00e4tzte Lesezeit":"1 Minute"},"schema":{"@context":"https:\/\/schema.org","@graph":[{"@type":"WebPage","@id":"https:\/\/www.lepalaishotel.eu\/de\/zimmer\/","url":"https:\/\/www.lepalaishotel.eu\/de\/zimmer\/","name":"Zimmer - Le Palais Art Hotel Prague -","isPartOf":{"@id":"https:\/\/www.lepalaishotel.eu\/de\/#website"},"datePublished":"2025-02-20T09:30:18+00:00","dateModified":"2025-04-01T06:07:34+00:00","description":"Das Hotel bietet 72 luxuri\u00f6se Zimmer und Apartments in drei Kategorien: Standard, Deluxe und Luxury Suite. Die Zimmer und Apartments haben eine Gr\u00f6\u00dfe von 21 m\u00b2 bis 94 m\u00b2 und sind jeweils individuell gestaltet, um ein einzigartiges und komfortables Erlebnis zu bieten. Alle Zimmer und Apartments verf\u00fcgen \u00fcber Standardannehmlichkeiten wie individuell steuerbare Klimaanlage, ein Marmorbadezimmer mit beheiztem Boden, Telefon, High-Speed-Internet, Satelliten-TV, Safe und Tee-\/Kaffeezubereitungsm\u00f6glichkeiten. Im Rahmen der Unterkunft genie\u00dfen die G\u00e4ste ein reichhaltiges Fr\u00fchst\u00fccksbuffet im gehobenen Restaurant ARTISTA","breadcrumb":{"@id":"https:\/\/www.lepalaishotel.eu\/de\/zimmer\/#breadcrumb"},"inLanguage":"de-DE","potentialAction":[{"@type":"ReadAction","target":["https:\/\/www.lepalaishotel.eu\/de\/zimmer\/"]}]},{"@type":"BreadcrumbList","@id":"https:\/\/www.lepalaishotel.eu\/de\/zimmer\/#breadcrumb","itemListElement":[{"@type":"ListItem","position":1,"name":"Home","item":"https:\/\/www.lepalaishotel.eu\/de\/"},{"@type":"ListItem","position":2,"name":"Zimmer"}]},{"@type":"WebSite","@id":"https:\/\/www.lepalaishotel.eu\/de\/#website","url":"https:\/\/www.lepalaishotel.eu\/de\/","name":"Le Palais Art Hotel Prague","description":"","publisher":{"@id":"https:\/\/www.lepalaishotel.eu\/de\/#organization"},"potentialAction":[{"@type":"SearchAction","target":{"@type":"EntryPoint","urlTemplate":"https:\/\/www.lepalaishotel.eu\/de\/?s={search_term_string}"},"query-input":"required name=search_term_string"}],"inLanguage":"de-DE"},{"@type":"Organization","@id":"https:\/\/www.lepalaishotel.eu\/de\/#organization","name":"Le Palais Art Hotel Prague","url":"https:\/\/www.lepalaishotel.eu\/de\/","logo":{"@type":"ImageObject","inLanguage":"de-DE","@id":"https:\/\/www.lepalaishotel.eu\/de\/#\/schema\/logo\/image\/","url":"https:\/\/www.lepalaishotel.eu\/wp-content\/uploads\/sites\/218\/2025\/02\/le_palais_logo_gold.svg","contentUrl":"https:\/\/www.lepalaishotel.eu\/wp-content\/uploads\/sites\/218\/2025\/02\/le_palais_logo_gold.svg","width":434,"height":334,"caption":"Le Palais Art Hotel Prague"},"image":{"@id":"https:\/\/www.lepalaishotel.eu\/de\/#\/schema\/logo\/image\/"},"sameAs":["https:\/\/www.facebook.com\/Le.Palais.Hotel.Prague","https:\/\/www.instagram.com\/lepalais_hotel_prague","https:\/\/twitter.com\/LePalais_Prague"]}]}},"acf":[],"_links":{"self":[{"href":"https:\/\/www.lepalaishotel.eu\/de\/wp-json\/wp\/v2\/pages\/416"}],"collection":[{"href":"https:\/\/www.lepalaishotel.eu\/de\/wp-json\/wp\/v2\/pages"}],"about":[{"href":"https:\/\/www.lepalaishotel.eu\/de\/wp-json\/wp\/v2\/types\/page"}],"author":[{"embeddable":true,"href":"https:\/\/www.lepalaishotel.eu\/de\/wp-json\/wp\/v2\/users\/26"}],"replies":[{"embeddable":true,"href":"https:\/\/www.lepalaishotel.eu\/de\/wp-json\/wp\/v2\/comments?post=416"}],"version-history":[{"count":0,"href":"https:\/\/www.lepalaishotel.eu\/de\/wp-json\/wp\/v2\/pages\/416\/revisions"}],"wp:attachment":[{"href":"https:\/\/www.lepalaishotel.eu\/de\/wp-json\/wp\/v2\/media?parent=416"}],"curies":[{"name":"wp","href":"https:\/\/api.w.org\/{rel}","templated":true}]}}