{"id":408,"date":"2025-03-10T11:26:03","date_gmt":"2025-03-10T10:26:03","guid":{"rendered":"https:\/\/lepalaishotel.ms2.decms.eu\/?page_id=408"},"modified":"2025-04-01T08:40:25","modified_gmt":"2025-04-01T06:40:25","slug":"hochzeiten","status":"publish","type":"page","link":"https:\/\/www.lepalaishotel.eu\/de\/hochzeiten\/","title":{"rendered":"Hochzeiten"},"content":{"rendered":"<p><strong>Le Palais Art Hotel Prag &#8211; Der ideale Ort f\u00fcr Ihren gro\u00dfen Tag &#8211; Ihre bezaubernde Hochzeit im Herzen von Prag.<\/strong><\/p>\n<p>Unsere eleganten R\u00e4umlichkeiten, professionellen Dienstleistungen und atemberaubenden Ausblicke schaffen die perfekte Kulisse f\u00fcr eine unvergessliche Hochzeit.<\/p>\n<p><strong>Warum unser Hotel w\u00e4hlen?<\/strong><\/p>\n<ul>\n<li><strong>Atemberaubende Ausblicke:<\/strong> Unsere Veranstaltungsr\u00e4ume bieten malerische Landschaften und eine romantische Atmosph\u00e4re, ideal f\u00fcr Hochzeitsfotografie.<\/li>\n<li><strong>Personalisierte Dienstleistungen:<\/strong> Unser Team erfahrener Fachleute unterst\u00fctzt Sie bei jedem Detail, von der Planung bis zur Ausf\u00fchrung. Gemeinsam gestalten wir eine Hochzeitsfeier, die auf Ihre Vision zugeschnitten ist.<\/li>\n<li><strong>Luxuri\u00f6se Unterk\u00fcnfte:<\/strong> Wir bieten komfortable Zimmer und Suiten f\u00fcr die frisch Verm\u00e4hlten und ihre G\u00e4ste, damit Sie sich ganz auf die Feier konzentrieren k\u00f6nnen.<\/li>\n<li><strong>Kulinarische Erlebnisse:<\/strong> Unser Restaurant bietet eine gro\u00dfe Auswahl an kulinarischen K\u00f6stlichkeiten, die Sie und Ihre G\u00e4ste begeistern werden. Gerne passen wir das Men\u00fc nach Ihren W\u00fcnschen an.<\/li>\n<li><strong>Hochzeitsangebot:<\/strong> Wir bieten ein umfassendes Hochzeitspaket, das alles umfasst, was f\u00fcr einen reibungslosen Ablauf Ihres Tages erforderlich ist.<\/li>\n<\/ul>\n<p><strong>Kontaktieren Sie uns<\/strong><\/p>\n<p>Wenn Sie eine Hochzeit planen und nach dem idealen Ort suchen, z\u00f6gern Sie bitte nicht, uns zu kontaktieren. Wir w\u00fcrden uns freuen, alle Details mit Ihnen zu besprechen und sicherzustellen, dass Ihr Tag einzigartig und unvergesslich wird.<\/p>\n<p>Wir freuen uns darauf, Sie willkommen zu hei\u00dfen und Ihnen zu helfen, die Hochzeit Ihrer Tr\u00e4ume zu verwirklichen!<\/p>\n","protected":false},"excerpt":{"rendered":"<p>Le Palais Art Hotel Prag &#8211; Der ideale Ort f\u00fcr Ihren gro\u00dfen Tag &#8211; Ihre bezaubernde Hochzeit im Herzen von Prag. Unsere eleganten R\u00e4umlichkeiten, professionellen Dienstleistungen und atemberaubenden Ausblicke schaffen die perfekte Kulisse f\u00fcr eine unvergessliche Hochzeit. Warum unser Hotel w\u00e4hlen? Atemberaubende Ausblicke: Unsere Veranstaltungsr\u00e4ume bieten malerische Landschaften und eine romantische Atmosph\u00e4re, ideal f\u00fcr Hochzeitsfotografie. [&hellip;]<\/p>\n","protected":false},"author":26,"featured_media":0,"parent":0,"menu_order":80,"comment_status":"closed","ping_status":"closed","template":"","meta":{"footnotes":""},"yoast_head":"<!-- This site is optimized with the Yoast SEO plugin v22.3 - https:\/\/yoast.com\/wordpress\/plugins\/seo\/ -->\n<title>Hochzeiten - Le Palais Art Hotel Prague -<\/title>\n<meta name=\"description\" content=\"Le Palais Art Hotel Prag - Der ideale Ort f\u00fcr Ihren gro\u00dfen Tag - Ihre bezaubernde Hochzeit im Herzen von Prag.  Unsere eleganten R\u00e4umlichkeiten, professionellen Dienstleistungen und atemberaubenden Ausblicke schaffen die perfekte Kulisse f\u00fcr eine unvergessliche Hochzeit.  Warum unser Hotel w\u00e4hlen?   Atemberaubende Ausblicke: Unsere Veranstaltungsr\u00e4ume bieten malerische Landschaften und eine romantische Atmosph\u00e4re, ideal f\u00fcr Hochzeitsfotografie.  Personalisierte Dienstleistungen: Unser Team erfahrener Fachleute unterst\u00fctzt Sie bei jedem Detail, von der Planung bis zur Ausf\u00fchrung. Gemeinsam gestalten wir eine Hochzeitsfeier, die auf Ihre Vision zugeschnitten ist.  Luxuri\u00f6se Unterk\u00fcnfte: Wir bieten komfortable Zimmer und Suiten f\u00fcr die frisch Verm\u00e4hlten und ihre G\u00e4ste, damit Sie sich ganz auf die Feier konzentrieren k\u00f6nnen.  Kulinarische Erlebnisse: Unser Restaurant bietet eine gro\u00dfe Auswahl an kulinarischen K\u00f6stlichkeiten, die Sie und Ihre G\u00e4ste begeistern werden\" \/>\n<meta name=\"robots\" content=\"index, follow, max-snippet:-1, max-image-preview:large, max-video-preview:-1\" \/>\n<link rel=\"canonical\" href=\"https:\/\/www.lepalaishotel.eu\/de\/hochzeiten\/\" \/>\n<meta property=\"og:locale\" content=\"de_DE\" \/>\n<meta property=\"og:type\" content=\"article\" \/>\n<meta property=\"og:title\" content=\"Hochzeiten - Le Palais Art Hotel Prague -\" \/>\n<meta property=\"og:description\" content=\"Le Palais Art Hotel Prag - Der ideale Ort f\u00fcr Ihren gro\u00dfen Tag - Ihre bezaubernde Hochzeit im Herzen von Prag.  Unsere eleganten R\u00e4umlichkeiten, professionellen Dienstleistungen und atemberaubenden Ausblicke schaffen die perfekte Kulisse f\u00fcr eine unvergessliche Hochzeit.  Warum unser Hotel w\u00e4hlen?   Atemberaubende Ausblicke: Unsere Veranstaltungsr\u00e4ume bieten malerische Landschaften und eine romantische Atmosph\u00e4re, ideal f\u00fcr Hochzeitsfotografie.  Personalisierte Dienstleistungen: Unser Team erfahrener Fachleute unterst\u00fctzt Sie bei jedem Detail, von der Planung bis zur Ausf\u00fchrung. Gemeinsam gestalten wir eine Hochzeitsfeier, die auf Ihre Vision zugeschnitten ist.  Luxuri\u00f6se Unterk\u00fcnfte: Wir bieten komfortable Zimmer und Suiten f\u00fcr die frisch Verm\u00e4hlten und ihre G\u00e4ste, damit Sie sich ganz auf die Feier konzentrieren k\u00f6nnen.  Kulinarische Erlebnisse: Unser Restaurant bietet eine gro\u00dfe Auswahl an kulinarischen K\u00f6stlichkeiten, die Sie und Ihre G\u00e4ste begeistern werden\" \/>\n<meta property=\"og:url\" content=\"https:\/\/www.lepalaishotel.eu\/de\/hochzeiten\/\" \/>\n<meta property=\"og:site_name\" content=\"Le Palais Art Hotel Prague\" \/>\n<meta property=\"article:publisher\" content=\"https:\/\/www.facebook.com\/Le.Palais.Hotel.Prague\" \/>\n<meta property=\"article:modified_time\" content=\"2025-04-01T06:40:25+00:00\" \/>\n<meta name=\"twitter:card\" content=\"summary_large_image\" \/>\n<meta name=\"twitter:label1\" content=\"Gesch\u00e4tzte Lesezeit\" \/>\n\t<meta name=\"twitter:data1\" content=\"1 Minute\" \/>\n<script type=\"application\/ld+json\" class=\"yoast-schema-graph\">{\"@context\":\"https:\/\/schema.org\",\"@graph\":[{\"@type\":\"WebPage\",\"@id\":\"https:\/\/www.lepalaishotel.eu\/de\/hochzeiten\/\",\"url\":\"https:\/\/www.lepalaishotel.eu\/de\/hochzeiten\/\",\"name\":\"Hochzeiten - Le Palais Art Hotel Prague -\",\"isPartOf\":{\"@id\":\"https:\/\/www.lepalaishotel.eu\/de\/#website\"},\"datePublished\":\"2025-03-10T10:26:03+00:00\",\"dateModified\":\"2025-04-01T06:40:25+00:00\",\"description\":\"Le Palais Art Hotel Prag - Der ideale Ort f\u00fcr Ihren gro\u00dfen Tag - Ihre bezaubernde Hochzeit im Herzen von Prag. Unsere eleganten R\u00e4umlichkeiten, professionellen Dienstleistungen und atemberaubenden Ausblicke schaffen die perfekte Kulisse f\u00fcr eine unvergessliche Hochzeit. Warum unser Hotel w\u00e4hlen? \u2022 Atemberaubende Ausblicke: Unsere Veranstaltungsr\u00e4ume bieten malerische Landschaften und eine romantische Atmosph\u00e4re, ideal f\u00fcr Hochzeitsfotografie. \u2022 Personalisierte Dienstleistungen: Unser Team erfahrener Fachleute unterst\u00fctzt Sie bei jedem Detail, von der Planung bis zur Ausf\u00fchrung. Gemeinsam gestalten wir eine Hochzeitsfeier, die auf Ihre Vision zugeschnitten ist. \u2022 Luxuri\u00f6se Unterk\u00fcnfte: Wir bieten komfortable Zimmer und Suiten f\u00fcr die frisch Verm\u00e4hlten und ihre G\u00e4ste, damit Sie sich ganz auf die Feier konzentrieren k\u00f6nnen. \u2022 Kulinarische Erlebnisse: Unser Restaurant bietet eine gro\u00dfe Auswahl an kulinarischen K\u00f6stlichkeiten, die Sie und Ihre G\u00e4ste begeistern werden\",\"breadcrumb\":{\"@id\":\"https:\/\/www.lepalaishotel.eu\/de\/hochzeiten\/#breadcrumb\"},\"inLanguage\":\"de-DE\",\"potentialAction\":[{\"@type\":\"ReadAction\",\"target\":[\"https:\/\/www.lepalaishotel.eu\/de\/hochzeiten\/\"]}]},{\"@type\":\"BreadcrumbList\",\"@id\":\"https:\/\/www.lepalaishotel.eu\/de\/hochzeiten\/#breadcrumb\",\"itemListElement\":[{\"@type\":\"ListItem\",\"position\":1,\"name\":\"Home\",\"item\":\"https:\/\/www.lepalaishotel.eu\/de\/\"},{\"@type\":\"ListItem\",\"position\":2,\"name\":\"Hochzeiten\"}]},{\"@type\":\"WebSite\",\"@id\":\"https:\/\/www.lepalaishotel.eu\/de\/#website\",\"url\":\"https:\/\/www.lepalaishotel.eu\/de\/\",\"name\":\"Le Palais Art Hotel Prague\",\"description\":\"\",\"publisher\":{\"@id\":\"https:\/\/www.lepalaishotel.eu\/de\/#organization\"},\"potentialAction\":[{\"@type\":\"SearchAction\",\"target\":{\"@type\":\"EntryPoint\",\"urlTemplate\":\"https:\/\/www.lepalaishotel.eu\/de\/?s={search_term_string}\"},\"query-input\":\"required name=search_term_string\"}],\"inLanguage\":\"de-DE\"},{\"@type\":\"Organization\",\"@id\":\"https:\/\/www.lepalaishotel.eu\/de\/#organization\",\"name\":\"Le Palais Art Hotel Prague\",\"url\":\"https:\/\/www.lepalaishotel.eu\/de\/\",\"logo\":{\"@type\":\"ImageObject\",\"inLanguage\":\"de-DE\",\"@id\":\"https:\/\/www.lepalaishotel.eu\/de\/#\/schema\/logo\/image\/\",\"url\":\"https:\/\/www.lepalaishotel.eu\/wp-content\/uploads\/sites\/218\/2025\/02\/le_palais_logo_gold.svg\",\"contentUrl\":\"https:\/\/www.lepalaishotel.eu\/wp-content\/uploads\/sites\/218\/2025\/02\/le_palais_logo_gold.svg\",\"width\":434,\"height\":334,\"caption\":\"Le Palais Art Hotel Prague\"},\"image\":{\"@id\":\"https:\/\/www.lepalaishotel.eu\/de\/#\/schema\/logo\/image\/\"},\"sameAs\":[\"https:\/\/www.facebook.com\/Le.Palais.Hotel.Prague\",\"https:\/\/www.instagram.com\/lepalais_hotel_prague\",\"https:\/\/twitter.com\/LePalais_Prague\"]}]}<\/script>\n<!-- \/ Yoast SEO plugin. -->","yoast_head_json":{"title":"Hochzeiten - Le Palais Art Hotel Prague -","description":"Le Palais Art Hotel Prag - Der ideale Ort f\u00fcr Ihren gro\u00dfen Tag - Ihre bezaubernde Hochzeit im Herzen von Prag.  Unsere eleganten R\u00e4umlichkeiten, professionellen Dienstleistungen und atemberaubenden Ausblicke schaffen die perfekte Kulisse f\u00fcr eine unvergessliche Hochzeit.  Warum unser Hotel w\u00e4hlen?   Atemberaubende Ausblicke: Unsere Veranstaltungsr\u00e4ume bieten malerische Landschaften und eine romantische Atmosph\u00e4re, ideal f\u00fcr Hochzeitsfotografie.  Personalisierte Dienstleistungen: Unser Team erfahrener Fachleute unterst\u00fctzt Sie bei jedem Detail, von der Planung bis zur Ausf\u00fchrung. Gemeinsam gestalten wir eine Hochzeitsfeier, die auf Ihre Vision zugeschnitten ist.  Luxuri\u00f6se Unterk\u00fcnfte: Wir bieten komfortable Zimmer und Suiten f\u00fcr die frisch Verm\u00e4hlten und ihre G\u00e4ste, damit Sie sich ganz auf die Feier konzentrieren k\u00f6nnen.  Kulinarische Erlebnisse: Unser Restaurant bietet eine gro\u00dfe Auswahl an kulinarischen K\u00f6stlichkeiten, die Sie und Ihre G\u00e4ste begeistern werden","robots":{"index":"index","follow":"follow","max-snippet":"max-snippet:-1","max-image-preview":"max-image-preview:large","max-video-preview":"max-video-preview:-1"},"canonical":"https:\/\/www.lepalaishotel.eu\/de\/hochzeiten\/","og_locale":"de_DE","og_type":"article","og_title":"Hochzeiten - Le Palais Art Hotel Prague -","og_description":"Le Palais Art Hotel Prag - Der ideale Ort f\u00fcr Ihren gro\u00dfen Tag - Ihre bezaubernde Hochzeit im Herzen von Prag.  Unsere eleganten R\u00e4umlichkeiten, professionellen Dienstleistungen und atemberaubenden Ausblicke schaffen die perfekte Kulisse f\u00fcr eine unvergessliche Hochzeit.  Warum unser Hotel w\u00e4hlen?   Atemberaubende Ausblicke: Unsere Veranstaltungsr\u00e4ume bieten malerische Landschaften und eine romantische Atmosph\u00e4re, ideal f\u00fcr Hochzeitsfotografie.  Personalisierte Dienstleistungen: Unser Team erfahrener Fachleute unterst\u00fctzt Sie bei jedem Detail, von der Planung bis zur Ausf\u00fchrung. Gemeinsam gestalten wir eine Hochzeitsfeier, die auf Ihre Vision zugeschnitten ist.  Luxuri\u00f6se Unterk\u00fcnfte: Wir bieten komfortable Zimmer und Suiten f\u00fcr die frisch Verm\u00e4hlten und ihre G\u00e4ste, damit Sie sich ganz auf die Feier konzentrieren k\u00f6nnen.  Kulinarische Erlebnisse: Unser Restaurant bietet eine gro\u00dfe Auswahl an kulinarischen K\u00f6stlichkeiten, die Sie und Ihre G\u00e4ste begeistern werden","og_url":"https:\/\/www.lepalaishotel.eu\/de\/hochzeiten\/","og_site_name":"Le Palais Art Hotel Prague","article_publisher":"https:\/\/www.facebook.com\/Le.Palais.Hotel.Prague","article_modified_time":"2025-04-01T06:40:25+00:00","twitter_card":"summary_large_image","twitter_misc":{"Gesch\u00e4tzte Lesezeit":"1 Minute"},"schema":{"@context":"https:\/\/schema.org","@graph":[{"@type":"WebPage","@id":"https:\/\/www.lepalaishotel.eu\/de\/hochzeiten\/","url":"https:\/\/www.lepalaishotel.eu\/de\/hochzeiten\/","name":"Hochzeiten - Le Palais Art Hotel Prague -","isPartOf":{"@id":"https:\/\/www.lepalaishotel.eu\/de\/#website"},"datePublished":"2025-03-10T10:26:03+00:00","dateModified":"2025-04-01T06:40:25+00:00","description":"Le Palais Art Hotel Prag - Der ideale Ort f\u00fcr Ihren gro\u00dfen Tag - Ihre bezaubernde Hochzeit im Herzen von Prag. Unsere eleganten R\u00e4umlichkeiten, professionellen Dienstleistungen und atemberaubenden Ausblicke schaffen die perfekte Kulisse f\u00fcr eine unvergessliche Hochzeit. Warum unser Hotel w\u00e4hlen? \u2022 Atemberaubende Ausblicke: Unsere Veranstaltungsr\u00e4ume bieten malerische Landschaften und eine romantische Atmosph\u00e4re, ideal f\u00fcr Hochzeitsfotografie. \u2022 Personalisierte Dienstleistungen: Unser Team erfahrener Fachleute unterst\u00fctzt Sie bei jedem Detail, von der Planung bis zur Ausf\u00fchrung. Gemeinsam gestalten wir eine Hochzeitsfeier, die auf Ihre Vision zugeschnitten ist. \u2022 Luxuri\u00f6se Unterk\u00fcnfte: Wir bieten komfortable Zimmer und Suiten f\u00fcr die frisch Verm\u00e4hlten und ihre G\u00e4ste, damit Sie sich ganz auf die Feier konzentrieren k\u00f6nnen. \u2022 Kulinarische Erlebnisse: Unser Restaurant bietet eine gro\u00dfe Auswahl an kulinarischen K\u00f6stlichkeiten, die Sie und Ihre G\u00e4ste begeistern werden","breadcrumb":{"@id":"https:\/\/www.lepalaishotel.eu\/de\/hochzeiten\/#breadcrumb"},"inLanguage":"de-DE","potentialAction":[{"@type":"ReadAction","target":["https:\/\/www.lepalaishotel.eu\/de\/hochzeiten\/"]}]},{"@type":"BreadcrumbList","@id":"https:\/\/www.lepalaishotel.eu\/de\/hochzeiten\/#breadcrumb","itemListElement":[{"@type":"ListItem","position":1,"name":"Home","item":"https:\/\/www.lepalaishotel.eu\/de\/"},{"@type":"ListItem","position":2,"name":"Hochzeiten"}]},{"@type":"WebSite","@id":"https:\/\/www.lepalaishotel.eu\/de\/#website","url":"https:\/\/www.lepalaishotel.eu\/de\/","name":"Le Palais Art Hotel Prague","description":"","publisher":{"@id":"https:\/\/www.lepalaishotel.eu\/de\/#organization"},"potentialAction":[{"@type":"SearchAction","target":{"@type":"EntryPoint","urlTemplate":"https:\/\/www.lepalaishotel.eu\/de\/?s={search_term_string}"},"query-input":"required name=search_term_string"}],"inLanguage":"de-DE"},{"@type":"Organization","@id":"https:\/\/www.lepalaishotel.eu\/de\/#organization","name":"Le Palais Art Hotel Prague","url":"https:\/\/www.lepalaishotel.eu\/de\/","logo":{"@type":"ImageObject","inLanguage":"de-DE","@id":"https:\/\/www.lepalaishotel.eu\/de\/#\/schema\/logo\/image\/","url":"https:\/\/www.lepalaishotel.eu\/wp-content\/uploads\/sites\/218\/2025\/02\/le_palais_logo_gold.svg","contentUrl":"https:\/\/www.lepalaishotel.eu\/wp-content\/uploads\/sites\/218\/2025\/02\/le_palais_logo_gold.svg","width":434,"height":334,"caption":"Le Palais Art Hotel Prague"},"image":{"@id":"https:\/\/www.lepalaishotel.eu\/de\/#\/schema\/logo\/image\/"},"sameAs":["https:\/\/www.facebook.com\/Le.Palais.Hotel.Prague","https:\/\/www.instagram.com\/lepalais_hotel_prague","https:\/\/twitter.com\/LePalais_Prague"]}]}},"acf":[],"_links":{"self":[{"href":"https:\/\/www.lepalaishotel.eu\/de\/wp-json\/wp\/v2\/pages\/408"}],"collection":[{"href":"https:\/\/www.lepalaishotel.eu\/de\/wp-json\/wp\/v2\/pages"}],"about":[{"href":"https:\/\/www.lepalaishotel.eu\/de\/wp-json\/wp\/v2\/types\/page"}],"author":[{"embeddable":true,"href":"https:\/\/www.lepalaishotel.eu\/de\/wp-json\/wp\/v2\/users\/26"}],"replies":[{"embeddable":true,"href":"https:\/\/www.lepalaishotel.eu\/de\/wp-json\/wp\/v2\/comments?post=408"}],"version-history":[{"count":0,"href":"https:\/\/www.lepalaishotel.eu\/de\/wp-json\/wp\/v2\/pages\/408\/revisions"}],"wp:attachment":[{"href":"https:\/\/www.lepalaishotel.eu\/de\/wp-json\/wp\/v2\/media?parent=408"}],"curies":[{"name":"wp","href":"https:\/\/api.w.org\/{rel}","templated":true}]}}