{"id":400,"date":"2025-02-24T13:52:00","date_gmt":"2025-02-24T12:52:00","guid":{"rendered":"https:\/\/lepalaishotel.ms2.decms.eu\/?page_id=400"},"modified":"2025-03-19T10:11:31","modified_gmt":"2025-03-19T09:11:31","slug":"kunst","status":"publish","type":"page","link":"https:\/\/www.lepalaishotel.eu\/de\/kunst\/","title":{"rendered":"Kunst"},"content":{"rendered":"<p>Wie bereits das Wort ART im Namen unseres Hotels verr\u00e4t, hat sich unser Haus der Kunst verschrieben. In \u00f6ffentlichen Bereichen und ausgew\u00e4hlten Appartements k\u00f6nnen Sie Werke zahlreicher K\u00fcnstler bewundern. Allein das Bauwerk des Hotels ist im Hinblick auf das zum Teil denkmalgesch\u00fctzte, urspr\u00fcngliche Interieur vom Ende des 19. Jahrhunderts ein kleines Museum f\u00fcr sich.<\/p>\n<p>Die Haupts\u00e4ule des gesamten k\u00fcnstlerischen Konzepts des Le Palais Art Hotel Prague, ist <strong>Lud\u011bk Marold<\/strong>. Ein zu Unrecht in Vergessenheit geratener tschechischer Maler und Illustrator von internationaler Bedeutung, der noch bevor er sein 30. Lebensjahr erreichte, in Metropolen wie Paris und M\u00fcnchen Erfolge feierte.<\/p>\n","protected":false},"excerpt":{"rendered":"<p>Wie bereits das Wort ART im Namen unseres Hotels verr\u00e4t, hat sich unser Haus der Kunst verschrieben. In \u00f6ffentlichen Bereichen und ausgew\u00e4hlten Appartements k\u00f6nnen Sie Werke zahlreicher K\u00fcnstler bewundern. Allein das Bauwerk des Hotels ist im Hinblick auf das zum Teil denkmalgesch\u00fctzte, urspr\u00fcngliche Interieur vom Ende des 19. Jahrhunderts ein kleines Museum f\u00fcr sich. Die [&hellip;]<\/p>\n","protected":false},"author":26,"featured_media":0,"parent":0,"menu_order":90,"comment_status":"closed","ping_status":"closed","template":"template-default-4.php","meta":{"footnotes":""},"yoast_head":"<!-- This site is optimized with the Yoast SEO plugin v22.3 - https:\/\/yoast.com\/wordpress\/plugins\/seo\/ -->\n<title>Kunst - Le Palais Art Hotel Prague -<\/title>\n<meta name=\"description\" content=\"Wie bereits das Wort ART im Namen unseres Hotels verr\u00e4t, hat sich unser Haus der Kunst verschrieben. In \u00f6ffentlichen Bereichen und ausgew\u00e4hlten Appartements k\u00f6nnen Sie Werke zahlreicher K\u00fcnstler bewundern\" \/>\n<meta name=\"robots\" content=\"index, follow, max-snippet:-1, max-image-preview:large, max-video-preview:-1\" \/>\n<link rel=\"canonical\" href=\"https:\/\/www.lepalaishotel.eu\/de\/kunst\/\" \/>\n<meta property=\"og:locale\" content=\"de_DE\" \/>\n<meta property=\"og:type\" content=\"article\" \/>\n<meta property=\"og:title\" content=\"Kunst - Le Palais Art Hotel Prague -\" \/>\n<meta property=\"og:description\" content=\"Wie bereits das Wort ART im Namen unseres Hotels verr\u00e4t, hat sich unser Haus der Kunst verschrieben. In \u00f6ffentlichen Bereichen und ausgew\u00e4hlten Appartements k\u00f6nnen Sie Werke zahlreicher K\u00fcnstler bewundern\" \/>\n<meta property=\"og:url\" content=\"https:\/\/www.lepalaishotel.eu\/de\/kunst\/\" \/>\n<meta property=\"og:site_name\" content=\"Le Palais Art Hotel Prague\" \/>\n<meta property=\"article:publisher\" content=\"https:\/\/www.facebook.com\/Le.Palais.Hotel.Prague\" \/>\n<meta property=\"article:modified_time\" content=\"2025-03-19T09:11:31+00:00\" \/>\n<meta name=\"twitter:card\" content=\"summary_large_image\" \/>\n<meta name=\"twitter:label1\" content=\"Gesch\u00e4tzte Lesezeit\" \/>\n\t<meta name=\"twitter:data1\" content=\"1 Minute\" \/>\n<script type=\"application\/ld+json\" class=\"yoast-schema-graph\">{\"@context\":\"https:\/\/schema.org\",\"@graph\":[{\"@type\":\"WebPage\",\"@id\":\"https:\/\/www.lepalaishotel.eu\/de\/kunst\/\",\"url\":\"https:\/\/www.lepalaishotel.eu\/de\/kunst\/\",\"name\":\"Kunst - Le Palais Art Hotel Prague -\",\"isPartOf\":{\"@id\":\"https:\/\/www.lepalaishotel.eu\/de\/#website\"},\"datePublished\":\"2025-02-24T12:52:00+00:00\",\"dateModified\":\"2025-03-19T09:11:31+00:00\",\"description\":\"Wie bereits das Wort ART im Namen unseres Hotels verr\u00e4t, hat sich unser Haus der Kunst verschrieben. In \u00f6ffentlichen Bereichen und ausgew\u00e4hlten Appartements k\u00f6nnen Sie Werke zahlreicher K\u00fcnstler bewundern\",\"breadcrumb\":{\"@id\":\"https:\/\/www.lepalaishotel.eu\/de\/kunst\/#breadcrumb\"},\"inLanguage\":\"de-DE\",\"potentialAction\":[{\"@type\":\"ReadAction\",\"target\":[\"https:\/\/www.lepalaishotel.eu\/de\/kunst\/\"]}]},{\"@type\":\"BreadcrumbList\",\"@id\":\"https:\/\/www.lepalaishotel.eu\/de\/kunst\/#breadcrumb\",\"itemListElement\":[{\"@type\":\"ListItem\",\"position\":1,\"name\":\"Home\",\"item\":\"https:\/\/www.lepalaishotel.eu\/de\/\"},{\"@type\":\"ListItem\",\"position\":2,\"name\":\"Kunst\"}]},{\"@type\":\"WebSite\",\"@id\":\"https:\/\/www.lepalaishotel.eu\/de\/#website\",\"url\":\"https:\/\/www.lepalaishotel.eu\/de\/\",\"name\":\"Le Palais Art Hotel Prague\",\"description\":\"\",\"publisher\":{\"@id\":\"https:\/\/www.lepalaishotel.eu\/de\/#organization\"},\"potentialAction\":[{\"@type\":\"SearchAction\",\"target\":{\"@type\":\"EntryPoint\",\"urlTemplate\":\"https:\/\/www.lepalaishotel.eu\/de\/?s={search_term_string}\"},\"query-input\":\"required name=search_term_string\"}],\"inLanguage\":\"de-DE\"},{\"@type\":\"Organization\",\"@id\":\"https:\/\/www.lepalaishotel.eu\/de\/#organization\",\"name\":\"Le Palais Art Hotel Prague\",\"url\":\"https:\/\/www.lepalaishotel.eu\/de\/\",\"logo\":{\"@type\":\"ImageObject\",\"inLanguage\":\"de-DE\",\"@id\":\"https:\/\/www.lepalaishotel.eu\/de\/#\/schema\/logo\/image\/\",\"url\":\"https:\/\/www.lepalaishotel.eu\/wp-content\/uploads\/sites\/218\/2025\/02\/le_palais_logo_gold.svg\",\"contentUrl\":\"https:\/\/www.lepalaishotel.eu\/wp-content\/uploads\/sites\/218\/2025\/02\/le_palais_logo_gold.svg\",\"width\":434,\"height\":334,\"caption\":\"Le Palais Art Hotel Prague\"},\"image\":{\"@id\":\"https:\/\/www.lepalaishotel.eu\/de\/#\/schema\/logo\/image\/\"},\"sameAs\":[\"https:\/\/www.facebook.com\/Le.Palais.Hotel.Prague\",\"https:\/\/www.instagram.com\/lepalais_hotel_prague\",\"https:\/\/twitter.com\/LePalais_Prague\"]}]}<\/script>\n<!-- \/ Yoast SEO plugin. -->","yoast_head_json":{"title":"Kunst - Le Palais Art Hotel Prague -","description":"Wie bereits das Wort ART im Namen unseres Hotels verr\u00e4t, hat sich unser Haus der Kunst verschrieben. In \u00f6ffentlichen Bereichen und ausgew\u00e4hlten Appartements k\u00f6nnen Sie Werke zahlreicher K\u00fcnstler bewundern","robots":{"index":"index","follow":"follow","max-snippet":"max-snippet:-1","max-image-preview":"max-image-preview:large","max-video-preview":"max-video-preview:-1"},"canonical":"https:\/\/www.lepalaishotel.eu\/de\/kunst\/","og_locale":"de_DE","og_type":"article","og_title":"Kunst - Le Palais Art Hotel Prague -","og_description":"Wie bereits das Wort ART im Namen unseres Hotels verr\u00e4t, hat sich unser Haus der Kunst verschrieben. In \u00f6ffentlichen Bereichen und ausgew\u00e4hlten Appartements k\u00f6nnen Sie Werke zahlreicher K\u00fcnstler bewundern","og_url":"https:\/\/www.lepalaishotel.eu\/de\/kunst\/","og_site_name":"Le Palais Art Hotel Prague","article_publisher":"https:\/\/www.facebook.com\/Le.Palais.Hotel.Prague","article_modified_time":"2025-03-19T09:11:31+00:00","twitter_card":"summary_large_image","twitter_misc":{"Gesch\u00e4tzte Lesezeit":"1 Minute"},"schema":{"@context":"https:\/\/schema.org","@graph":[{"@type":"WebPage","@id":"https:\/\/www.lepalaishotel.eu\/de\/kunst\/","url":"https:\/\/www.lepalaishotel.eu\/de\/kunst\/","name":"Kunst - Le Palais Art Hotel Prague -","isPartOf":{"@id":"https:\/\/www.lepalaishotel.eu\/de\/#website"},"datePublished":"2025-02-24T12:52:00+00:00","dateModified":"2025-03-19T09:11:31+00:00","description":"Wie bereits das Wort ART im Namen unseres Hotels verr\u00e4t, hat sich unser Haus der Kunst verschrieben. In \u00f6ffentlichen Bereichen und ausgew\u00e4hlten Appartements k\u00f6nnen Sie Werke zahlreicher K\u00fcnstler bewundern","breadcrumb":{"@id":"https:\/\/www.lepalaishotel.eu\/de\/kunst\/#breadcrumb"},"inLanguage":"de-DE","potentialAction":[{"@type":"ReadAction","target":["https:\/\/www.lepalaishotel.eu\/de\/kunst\/"]}]},{"@type":"BreadcrumbList","@id":"https:\/\/www.lepalaishotel.eu\/de\/kunst\/#breadcrumb","itemListElement":[{"@type":"ListItem","position":1,"name":"Home","item":"https:\/\/www.lepalaishotel.eu\/de\/"},{"@type":"ListItem","position":2,"name":"Kunst"}]},{"@type":"WebSite","@id":"https:\/\/www.lepalaishotel.eu\/de\/#website","url":"https:\/\/www.lepalaishotel.eu\/de\/","name":"Le Palais Art Hotel Prague","description":"","publisher":{"@id":"https:\/\/www.lepalaishotel.eu\/de\/#organization"},"potentialAction":[{"@type":"SearchAction","target":{"@type":"EntryPoint","urlTemplate":"https:\/\/www.lepalaishotel.eu\/de\/?s={search_term_string}"},"query-input":"required name=search_term_string"}],"inLanguage":"de-DE"},{"@type":"Organization","@id":"https:\/\/www.lepalaishotel.eu\/de\/#organization","name":"Le Palais Art Hotel Prague","url":"https:\/\/www.lepalaishotel.eu\/de\/","logo":{"@type":"ImageObject","inLanguage":"de-DE","@id":"https:\/\/www.lepalaishotel.eu\/de\/#\/schema\/logo\/image\/","url":"https:\/\/www.lepalaishotel.eu\/wp-content\/uploads\/sites\/218\/2025\/02\/le_palais_logo_gold.svg","contentUrl":"https:\/\/www.lepalaishotel.eu\/wp-content\/uploads\/sites\/218\/2025\/02\/le_palais_logo_gold.svg","width":434,"height":334,"caption":"Le Palais Art Hotel Prague"},"image":{"@id":"https:\/\/www.lepalaishotel.eu\/de\/#\/schema\/logo\/image\/"},"sameAs":["https:\/\/www.facebook.com\/Le.Palais.Hotel.Prague","https:\/\/www.instagram.com\/lepalais_hotel_prague","https:\/\/twitter.com\/LePalais_Prague"]}]}},"acf":[],"_links":{"self":[{"href":"https:\/\/www.lepalaishotel.eu\/de\/wp-json\/wp\/v2\/pages\/400"}],"collection":[{"href":"https:\/\/www.lepalaishotel.eu\/de\/wp-json\/wp\/v2\/pages"}],"about":[{"href":"https:\/\/www.lepalaishotel.eu\/de\/wp-json\/wp\/v2\/types\/page"}],"author":[{"embeddable":true,"href":"https:\/\/www.lepalaishotel.eu\/de\/wp-json\/wp\/v2\/users\/26"}],"replies":[{"embeddable":true,"href":"https:\/\/www.lepalaishotel.eu\/de\/wp-json\/wp\/v2\/comments?post=400"}],"version-history":[{"count":0,"href":"https:\/\/www.lepalaishotel.eu\/de\/wp-json\/wp\/v2\/pages\/400\/revisions"}],"wp:attachment":[{"href":"https:\/\/www.lepalaishotel.eu\/de\/wp-json\/wp\/v2\/media?parent=400"}],"curies":[{"name":"wp","href":"https:\/\/api.w.org\/{rel}","templated":true}]}}