{"id":368,"date":"2025-02-24T12:28:49","date_gmt":"2025-02-24T11:28:49","guid":{"rendered":"https:\/\/lepalaishotel.ms2.decms.eu\/?page_id=368"},"modified":"2025-03-18T17:57:58","modified_gmt":"2025-03-18T16:57:58","slug":"veranstaltungen-und-konferenzen","status":"publish","type":"page","link":"https:\/\/www.lepalaishotel.eu\/de\/veranstaltungen-und-konferenzen\/","title":{"rendered":"Veranstaltungen und Konferenzen"},"content":{"rendered":"<p>Das Le Palais Art Hotel Prague bietet elegante R\u00e4ume f\u00fcr alle wichtigen Treffen, Konferenzen oder auch private Verhandlungen. Unseren G\u00e4sten stehen mehrere vollklimatisierte Konferenzr\u00e4ume mit LCD-Fernseher und einem stabilen Highspeed-Internet (WLAN) zur Verf\u00fcgung. Alles, was f\u00fcr eine erfolgreiche Firmenpr\u00e4sentation erforderlich ist.<\/p>\n","protected":false},"excerpt":{"rendered":"<p>Das Le Palais Art Hotel Prague bietet elegante R\u00e4ume f\u00fcr alle wichtigen Treffen, Konferenzen oder auch private Verhandlungen. Unseren G\u00e4sten stehen mehrere vollklimatisierte Konferenzr\u00e4ume mit LCD-Fernseher und einem stabilen Highspeed-Internet (WLAN) zur Verf\u00fcgung. Alles, was f\u00fcr eine erfolgreiche Firmenpr\u00e4sentation erforderlich ist.<\/p>\n","protected":false},"author":26,"featured_media":0,"parent":0,"menu_order":30,"comment_status":"closed","ping_status":"closed","template":"template-events-e-meeting.php","meta":{"footnotes":""},"yoast_head":"<!-- This site is optimized with the Yoast SEO plugin v22.3 - https:\/\/yoast.com\/wordpress\/plugins\/seo\/ -->\n<title>Veranstaltungen und Konferenzen - Le Palais Art Hotel Prague -<\/title>\n<meta name=\"description\" content=\"Das Le Palais Art Hotel Prague bietet elegante R\u00e4ume f\u00fcr alle wichtigen Treffen, Konferenzen oder auch private Verhandlungen. Unseren G\u00e4sten stehen mehrere vollklimatisierte Konferenzr\u00e4ume mit LCD-Fernseher und einem stabilen Highspeed-Internet (WLAN) zur Verf\u00fcgung\" \/>\n<meta name=\"robots\" content=\"index, follow, max-snippet:-1, max-image-preview:large, max-video-preview:-1\" \/>\n<link rel=\"canonical\" href=\"https:\/\/www.lepalaishotel.eu\/de\/veranstaltungen-und-konferenzen\/\" \/>\n<meta property=\"og:locale\" content=\"de_DE\" \/>\n<meta property=\"og:type\" content=\"article\" \/>\n<meta property=\"og:title\" content=\"Veranstaltungen und Konferenzen - Le Palais Art Hotel Prague -\" \/>\n<meta property=\"og:description\" content=\"Das Le Palais Art Hotel Prague bietet elegante R\u00e4ume f\u00fcr alle wichtigen Treffen, Konferenzen oder auch private Verhandlungen. Unseren G\u00e4sten stehen mehrere vollklimatisierte Konferenzr\u00e4ume mit LCD-Fernseher und einem stabilen Highspeed-Internet (WLAN) zur Verf\u00fcgung\" \/>\n<meta property=\"og:url\" content=\"https:\/\/www.lepalaishotel.eu\/de\/veranstaltungen-und-konferenzen\/\" \/>\n<meta property=\"og:site_name\" content=\"Le Palais Art Hotel Prague\" \/>\n<meta property=\"article:publisher\" content=\"https:\/\/www.facebook.com\/Le.Palais.Hotel.Prague\" \/>\n<meta property=\"article:modified_time\" content=\"2025-03-18T16:57:58+00:00\" \/>\n<meta name=\"twitter:card\" content=\"summary_large_image\" \/>\n<meta name=\"twitter:label1\" content=\"Gesch\u00e4tzte Lesezeit\" \/>\n\t<meta name=\"twitter:data1\" content=\"1 Minute\" \/>\n<script type=\"application\/ld+json\" class=\"yoast-schema-graph\">{\"@context\":\"https:\/\/schema.org\",\"@graph\":[{\"@type\":\"WebPage\",\"@id\":\"https:\/\/www.lepalaishotel.eu\/de\/veranstaltungen-und-konferenzen\/\",\"url\":\"https:\/\/www.lepalaishotel.eu\/de\/veranstaltungen-und-konferenzen\/\",\"name\":\"Veranstaltungen und Konferenzen - Le Palais Art Hotel Prague -\",\"isPartOf\":{\"@id\":\"https:\/\/www.lepalaishotel.eu\/de\/#website\"},\"datePublished\":\"2025-02-24T11:28:49+00:00\",\"dateModified\":\"2025-03-18T16:57:58+00:00\",\"description\":\"Das Le Palais Art Hotel Prague bietet elegante R\u00e4ume f\u00fcr alle wichtigen Treffen, Konferenzen oder auch private Verhandlungen. Unseren G\u00e4sten stehen mehrere vollklimatisierte Konferenzr\u00e4ume mit LCD-Fernseher und einem stabilen Highspeed-Internet (WLAN) zur Verf\u00fcgung\",\"breadcrumb\":{\"@id\":\"https:\/\/www.lepalaishotel.eu\/de\/veranstaltungen-und-konferenzen\/#breadcrumb\"},\"inLanguage\":\"de-DE\",\"potentialAction\":[{\"@type\":\"ReadAction\",\"target\":[\"https:\/\/www.lepalaishotel.eu\/de\/veranstaltungen-und-konferenzen\/\"]}]},{\"@type\":\"BreadcrumbList\",\"@id\":\"https:\/\/www.lepalaishotel.eu\/de\/veranstaltungen-und-konferenzen\/#breadcrumb\",\"itemListElement\":[{\"@type\":\"ListItem\",\"position\":1,\"name\":\"Home\",\"item\":\"https:\/\/www.lepalaishotel.eu\/de\/\"},{\"@type\":\"ListItem\",\"position\":2,\"name\":\"Veranstaltungen und Konferenzen\"}]},{\"@type\":\"WebSite\",\"@id\":\"https:\/\/www.lepalaishotel.eu\/de\/#website\",\"url\":\"https:\/\/www.lepalaishotel.eu\/de\/\",\"name\":\"Le Palais Art Hotel Prague\",\"description\":\"\",\"publisher\":{\"@id\":\"https:\/\/www.lepalaishotel.eu\/de\/#organization\"},\"potentialAction\":[{\"@type\":\"SearchAction\",\"target\":{\"@type\":\"EntryPoint\",\"urlTemplate\":\"https:\/\/www.lepalaishotel.eu\/de\/?s={search_term_string}\"},\"query-input\":\"required name=search_term_string\"}],\"inLanguage\":\"de-DE\"},{\"@type\":\"Organization\",\"@id\":\"https:\/\/www.lepalaishotel.eu\/de\/#organization\",\"name\":\"Le Palais Art Hotel Prague\",\"url\":\"https:\/\/www.lepalaishotel.eu\/de\/\",\"logo\":{\"@type\":\"ImageObject\",\"inLanguage\":\"de-DE\",\"@id\":\"https:\/\/www.lepalaishotel.eu\/de\/#\/schema\/logo\/image\/\",\"url\":\"https:\/\/www.lepalaishotel.eu\/wp-content\/uploads\/sites\/218\/2025\/02\/le_palais_logo_gold.svg\",\"contentUrl\":\"https:\/\/www.lepalaishotel.eu\/wp-content\/uploads\/sites\/218\/2025\/02\/le_palais_logo_gold.svg\",\"width\":434,\"height\":334,\"caption\":\"Le Palais Art Hotel Prague\"},\"image\":{\"@id\":\"https:\/\/www.lepalaishotel.eu\/de\/#\/schema\/logo\/image\/\"},\"sameAs\":[\"https:\/\/www.facebook.com\/Le.Palais.Hotel.Prague\",\"https:\/\/www.instagram.com\/lepalais_hotel_prague\",\"https:\/\/twitter.com\/LePalais_Prague\"]}]}<\/script>\n<!-- \/ Yoast SEO plugin. -->","yoast_head_json":{"title":"Veranstaltungen und Konferenzen - Le Palais Art Hotel Prague -","description":"Das Le Palais Art Hotel Prague bietet elegante R\u00e4ume f\u00fcr alle wichtigen Treffen, Konferenzen oder auch private Verhandlungen. Unseren G\u00e4sten stehen mehrere vollklimatisierte Konferenzr\u00e4ume mit LCD-Fernseher und einem stabilen Highspeed-Internet (WLAN) zur Verf\u00fcgung","robots":{"index":"index","follow":"follow","max-snippet":"max-snippet:-1","max-image-preview":"max-image-preview:large","max-video-preview":"max-video-preview:-1"},"canonical":"https:\/\/www.lepalaishotel.eu\/de\/veranstaltungen-und-konferenzen\/","og_locale":"de_DE","og_type":"article","og_title":"Veranstaltungen und Konferenzen - Le Palais Art Hotel Prague -","og_description":"Das Le Palais Art Hotel Prague bietet elegante R\u00e4ume f\u00fcr alle wichtigen Treffen, Konferenzen oder auch private Verhandlungen. Unseren G\u00e4sten stehen mehrere vollklimatisierte Konferenzr\u00e4ume mit LCD-Fernseher und einem stabilen Highspeed-Internet (WLAN) zur Verf\u00fcgung","og_url":"https:\/\/www.lepalaishotel.eu\/de\/veranstaltungen-und-konferenzen\/","og_site_name":"Le Palais Art Hotel Prague","article_publisher":"https:\/\/www.facebook.com\/Le.Palais.Hotel.Prague","article_modified_time":"2025-03-18T16:57:58+00:00","twitter_card":"summary_large_image","twitter_misc":{"Gesch\u00e4tzte Lesezeit":"1 Minute"},"schema":{"@context":"https:\/\/schema.org","@graph":[{"@type":"WebPage","@id":"https:\/\/www.lepalaishotel.eu\/de\/veranstaltungen-und-konferenzen\/","url":"https:\/\/www.lepalaishotel.eu\/de\/veranstaltungen-und-konferenzen\/","name":"Veranstaltungen und Konferenzen - Le Palais Art Hotel Prague -","isPartOf":{"@id":"https:\/\/www.lepalaishotel.eu\/de\/#website"},"datePublished":"2025-02-24T11:28:49+00:00","dateModified":"2025-03-18T16:57:58+00:00","description":"Das Le Palais Art Hotel Prague bietet elegante R\u00e4ume f\u00fcr alle wichtigen Treffen, Konferenzen oder auch private Verhandlungen. Unseren G\u00e4sten stehen mehrere vollklimatisierte Konferenzr\u00e4ume mit LCD-Fernseher und einem stabilen Highspeed-Internet (WLAN) zur Verf\u00fcgung","breadcrumb":{"@id":"https:\/\/www.lepalaishotel.eu\/de\/veranstaltungen-und-konferenzen\/#breadcrumb"},"inLanguage":"de-DE","potentialAction":[{"@type":"ReadAction","target":["https:\/\/www.lepalaishotel.eu\/de\/veranstaltungen-und-konferenzen\/"]}]},{"@type":"BreadcrumbList","@id":"https:\/\/www.lepalaishotel.eu\/de\/veranstaltungen-und-konferenzen\/#breadcrumb","itemListElement":[{"@type":"ListItem","position":1,"name":"Home","item":"https:\/\/www.lepalaishotel.eu\/de\/"},{"@type":"ListItem","position":2,"name":"Veranstaltungen und Konferenzen"}]},{"@type":"WebSite","@id":"https:\/\/www.lepalaishotel.eu\/de\/#website","url":"https:\/\/www.lepalaishotel.eu\/de\/","name":"Le Palais Art Hotel Prague","description":"","publisher":{"@id":"https:\/\/www.lepalaishotel.eu\/de\/#organization"},"potentialAction":[{"@type":"SearchAction","target":{"@type":"EntryPoint","urlTemplate":"https:\/\/www.lepalaishotel.eu\/de\/?s={search_term_string}"},"query-input":"required name=search_term_string"}],"inLanguage":"de-DE"},{"@type":"Organization","@id":"https:\/\/www.lepalaishotel.eu\/de\/#organization","name":"Le Palais Art Hotel Prague","url":"https:\/\/www.lepalaishotel.eu\/de\/","logo":{"@type":"ImageObject","inLanguage":"de-DE","@id":"https:\/\/www.lepalaishotel.eu\/de\/#\/schema\/logo\/image\/","url":"https:\/\/www.lepalaishotel.eu\/wp-content\/uploads\/sites\/218\/2025\/02\/le_palais_logo_gold.svg","contentUrl":"https:\/\/www.lepalaishotel.eu\/wp-content\/uploads\/sites\/218\/2025\/02\/le_palais_logo_gold.svg","width":434,"height":334,"caption":"Le Palais Art Hotel Prague"},"image":{"@id":"https:\/\/www.lepalaishotel.eu\/de\/#\/schema\/logo\/image\/"},"sameAs":["https:\/\/www.facebook.com\/Le.Palais.Hotel.Prague","https:\/\/www.instagram.com\/lepalais_hotel_prague","https:\/\/twitter.com\/LePalais_Prague"]}]}},"acf":[],"_links":{"self":[{"href":"https:\/\/www.lepalaishotel.eu\/de\/wp-json\/wp\/v2\/pages\/368"}],"collection":[{"href":"https:\/\/www.lepalaishotel.eu\/de\/wp-json\/wp\/v2\/pages"}],"about":[{"href":"https:\/\/www.lepalaishotel.eu\/de\/wp-json\/wp\/v2\/types\/page"}],"author":[{"embeddable":true,"href":"https:\/\/www.lepalaishotel.eu\/de\/wp-json\/wp\/v2\/users\/26"}],"replies":[{"embeddable":true,"href":"https:\/\/www.lepalaishotel.eu\/de\/wp-json\/wp\/v2\/comments?post=368"}],"version-history":[{"count":0,"href":"https:\/\/www.lepalaishotel.eu\/de\/wp-json\/wp\/v2\/pages\/368\/revisions"}],"wp:attachment":[{"href":"https:\/\/www.lepalaishotel.eu\/de\/wp-json\/wp\/v2\/media?parent=368"}],"curies":[{"name":"wp","href":"https:\/\/api.w.org\/{rel}","templated":true}]}}