{"id":360,"date":"2025-02-27T16:19:16","date_gmt":"2025-02-27T15:19:16","guid":{"rendered":"https:\/\/lepalaishotel.ms2.decms.eu\/?page_id=360"},"modified":"2026-01-02T14:13:38","modified_gmt":"2026-01-02T13:13:38","slug":"artista-restaurant-prag","status":"publish","type":"page","link":"https:\/\/www.lepalaishotel.eu\/de\/restaurants\/artista-restaurant-prag\/","title":{"rendered":"Artista Restaurant Prag"},"content":{"rendered":"<p>Das Restaurant Artista ist nicht nur f\u00fcr Liebhaber hochwertiger Gastronomie der ideale Ort. Es bietet innovative und unkonventionelle Gerichte der tschechischen und internationalen K\u00fcche. Das professionelle K\u00fcchenteam legt gro\u00dfen Wert darauf, dass bei jedem einzelnen Gang nur die besten saisonalen Zutaten von regionalen Lieferanten verwendet werden.<\/p>\n<p>Es liegt nur an unseren G\u00e4sten, ob sie ein leichtes Business Lunch zu sich nehmen oder ein ruhiges. Zu jedem Essen bieten wir eine breite Auswahl an Qualit\u00e4tsweinen, erfrischenden gemixten Getr\u00e4nken oder auch Bier vom Fass. All dies kann unser Gast auf der Terrasse mit einer fantastischen Aussicht aufs Tal Nuselsk\u00e9 \u00fadol\u00ed und die Prager Neustadt genie\u00dfen.<\/p>\n","protected":false},"excerpt":{"rendered":"<p>Das Restaurant Artista ist nicht nur f\u00fcr Liebhaber hochwertiger Gastronomie der ideale Ort. Es bietet innovative und unkonventionelle Gerichte der tschechischen und internationalen K\u00fcche. Das professionelle K\u00fcchenteam legt gro\u00dfen Wert darauf, dass bei jedem einzelnen Gang nur die besten saisonalen Zutaten von regionalen Lieferanten verwendet werden. Es liegt nur an unseren G\u00e4sten, ob sie ein [&hellip;]<\/p>\n","protected":false},"author":26,"featured_media":0,"parent":357,"menu_order":10,"comment_status":"closed","ping_status":"closed","template":"template-single-restaurant.php","meta":{"footnotes":""},"yoast_head":"<!-- This site is optimized with the Yoast SEO plugin v22.3 - https:\/\/yoast.com\/wordpress\/plugins\/seo\/ -->\n<title>Artista Restaurant Prag - Le Palais Art Hotel Prague -<\/title>\n<meta name=\"description\" content=\"Das Restaurant Artista ist nicht nur f\u00fcr Liebhaber hochwertiger Gastronomie der ideale Ort. Es bietet innovative und unkonventionelle Gerichte der tschechischen und internationalen K\u00fcche\" \/>\n<meta name=\"robots\" content=\"index, follow, max-snippet:-1, max-image-preview:large, max-video-preview:-1\" \/>\n<link rel=\"canonical\" href=\"https:\/\/www.lepalaishotel.eu\/de\/restaurants\/artista-restaurant-prag\/\" \/>\n<meta property=\"og:locale\" content=\"de_DE\" \/>\n<meta property=\"og:type\" content=\"article\" \/>\n<meta property=\"og:title\" content=\"Artista Restaurant Prag - Le Palais Art Hotel Prague -\" \/>\n<meta property=\"og:description\" content=\"Das Restaurant Artista ist nicht nur f\u00fcr Liebhaber hochwertiger Gastronomie der ideale Ort. Es bietet innovative und unkonventionelle Gerichte der tschechischen und internationalen K\u00fcche\" \/>\n<meta property=\"og:url\" content=\"https:\/\/www.lepalaishotel.eu\/de\/restaurants\/artista-restaurant-prag\/\" \/>\n<meta property=\"og:site_name\" content=\"Le Palais Art Hotel Prague\" \/>\n<meta property=\"article:publisher\" content=\"https:\/\/www.facebook.com\/Le.Palais.Hotel.Prague\" \/>\n<meta property=\"article:modified_time\" content=\"2026-01-02T13:13:38+00:00\" \/>\n<meta name=\"twitter:card\" content=\"summary_large_image\" \/>\n<meta name=\"twitter:label1\" content=\"Gesch\u00e4tzte Lesezeit\" \/>\n\t<meta name=\"twitter:data1\" content=\"1 Minute\" \/>\n<script type=\"application\/ld+json\" class=\"yoast-schema-graph\">{\"@context\":\"https:\/\/schema.org\",\"@graph\":[{\"@type\":\"WebPage\",\"@id\":\"https:\/\/www.lepalaishotel.eu\/de\/restaurants\/artista-restaurant-prag\/\",\"url\":\"https:\/\/www.lepalaishotel.eu\/de\/restaurants\/artista-restaurant-prag\/\",\"name\":\"Artista Restaurant Prag - Le Palais Art Hotel Prague -\",\"isPartOf\":{\"@id\":\"https:\/\/www.lepalaishotel.eu\/de\/#website\"},\"datePublished\":\"2025-02-27T15:19:16+00:00\",\"dateModified\":\"2026-01-02T13:13:38+00:00\",\"description\":\"Das Restaurant Artista ist nicht nur f\u00fcr Liebhaber hochwertiger Gastronomie der ideale Ort. Es bietet innovative und unkonventionelle Gerichte der tschechischen und internationalen K\u00fcche\",\"breadcrumb\":{\"@id\":\"https:\/\/www.lepalaishotel.eu\/de\/restaurants\/artista-restaurant-prag\/#breadcrumb\"},\"inLanguage\":\"de-DE\",\"potentialAction\":[{\"@type\":\"ReadAction\",\"target\":[\"https:\/\/www.lepalaishotel.eu\/de\/restaurants\/artista-restaurant-prag\/\"]}]},{\"@type\":\"BreadcrumbList\",\"@id\":\"https:\/\/www.lepalaishotel.eu\/de\/restaurants\/artista-restaurant-prag\/#breadcrumb\",\"itemListElement\":[{\"@type\":\"ListItem\",\"position\":1,\"name\":\"Home\",\"item\":\"https:\/\/www.lepalaishotel.eu\/de\/\"},{\"@type\":\"ListItem\",\"position\":2,\"name\":\"Restaurant\",\"item\":\"https:\/\/www.lepalaishotel.eu\/de\/restaurants\/\"},{\"@type\":\"ListItem\",\"position\":3,\"name\":\"Artista Restaurant Prag\"}]},{\"@type\":\"WebSite\",\"@id\":\"https:\/\/www.lepalaishotel.eu\/de\/#website\",\"url\":\"https:\/\/www.lepalaishotel.eu\/de\/\",\"name\":\"Le Palais Art Hotel Prague\",\"description\":\"\",\"publisher\":{\"@id\":\"https:\/\/www.lepalaishotel.eu\/de\/#organization\"},\"potentialAction\":[{\"@type\":\"SearchAction\",\"target\":{\"@type\":\"EntryPoint\",\"urlTemplate\":\"https:\/\/www.lepalaishotel.eu\/de\/?s={search_term_string}\"},\"query-input\":\"required name=search_term_string\"}],\"inLanguage\":\"de-DE\"},{\"@type\":\"Organization\",\"@id\":\"https:\/\/www.lepalaishotel.eu\/de\/#organization\",\"name\":\"Le Palais Art Hotel Prague\",\"url\":\"https:\/\/www.lepalaishotel.eu\/de\/\",\"logo\":{\"@type\":\"ImageObject\",\"inLanguage\":\"de-DE\",\"@id\":\"https:\/\/www.lepalaishotel.eu\/de\/#\/schema\/logo\/image\/\",\"url\":\"https:\/\/www.lepalaishotel.eu\/wp-content\/uploads\/sites\/218\/2025\/02\/le_palais_logo_gold.svg\",\"contentUrl\":\"https:\/\/www.lepalaishotel.eu\/wp-content\/uploads\/sites\/218\/2025\/02\/le_palais_logo_gold.svg\",\"width\":434,\"height\":334,\"caption\":\"Le Palais Art Hotel Prague\"},\"image\":{\"@id\":\"https:\/\/www.lepalaishotel.eu\/de\/#\/schema\/logo\/image\/\"},\"sameAs\":[\"https:\/\/www.facebook.com\/Le.Palais.Hotel.Prague\",\"https:\/\/www.instagram.com\/lepalais_hotel_prague\",\"https:\/\/twitter.com\/LePalais_Prague\"]}]}<\/script>\n<!-- \/ Yoast SEO plugin. -->","yoast_head_json":{"title":"Artista Restaurant Prag - Le Palais Art Hotel Prague -","description":"Das Restaurant Artista ist nicht nur f\u00fcr Liebhaber hochwertiger Gastronomie der ideale Ort. Es bietet innovative und unkonventionelle Gerichte der tschechischen und internationalen K\u00fcche","robots":{"index":"index","follow":"follow","max-snippet":"max-snippet:-1","max-image-preview":"max-image-preview:large","max-video-preview":"max-video-preview:-1"},"canonical":"https:\/\/www.lepalaishotel.eu\/de\/restaurants\/artista-restaurant-prag\/","og_locale":"de_DE","og_type":"article","og_title":"Artista Restaurant Prag - Le Palais Art Hotel Prague -","og_description":"Das Restaurant Artista ist nicht nur f\u00fcr Liebhaber hochwertiger Gastronomie der ideale Ort. Es bietet innovative und unkonventionelle Gerichte der tschechischen und internationalen K\u00fcche","og_url":"https:\/\/www.lepalaishotel.eu\/de\/restaurants\/artista-restaurant-prag\/","og_site_name":"Le Palais Art Hotel Prague","article_publisher":"https:\/\/www.facebook.com\/Le.Palais.Hotel.Prague","article_modified_time":"2026-01-02T13:13:38+00:00","twitter_card":"summary_large_image","twitter_misc":{"Gesch\u00e4tzte Lesezeit":"1 Minute"},"schema":{"@context":"https:\/\/schema.org","@graph":[{"@type":"WebPage","@id":"https:\/\/www.lepalaishotel.eu\/de\/restaurants\/artista-restaurant-prag\/","url":"https:\/\/www.lepalaishotel.eu\/de\/restaurants\/artista-restaurant-prag\/","name":"Artista Restaurant Prag - Le Palais Art Hotel Prague -","isPartOf":{"@id":"https:\/\/www.lepalaishotel.eu\/de\/#website"},"datePublished":"2025-02-27T15:19:16+00:00","dateModified":"2026-01-02T13:13:38+00:00","description":"Das Restaurant Artista ist nicht nur f\u00fcr Liebhaber hochwertiger Gastronomie der ideale Ort. Es bietet innovative und unkonventionelle Gerichte der tschechischen und internationalen K\u00fcche","breadcrumb":{"@id":"https:\/\/www.lepalaishotel.eu\/de\/restaurants\/artista-restaurant-prag\/#breadcrumb"},"inLanguage":"de-DE","potentialAction":[{"@type":"ReadAction","target":["https:\/\/www.lepalaishotel.eu\/de\/restaurants\/artista-restaurant-prag\/"]}]},{"@type":"BreadcrumbList","@id":"https:\/\/www.lepalaishotel.eu\/de\/restaurants\/artista-restaurant-prag\/#breadcrumb","itemListElement":[{"@type":"ListItem","position":1,"name":"Home","item":"https:\/\/www.lepalaishotel.eu\/de\/"},{"@type":"ListItem","position":2,"name":"Restaurant","item":"https:\/\/www.lepalaishotel.eu\/de\/restaurants\/"},{"@type":"ListItem","position":3,"name":"Artista Restaurant Prag"}]},{"@type":"WebSite","@id":"https:\/\/www.lepalaishotel.eu\/de\/#website","url":"https:\/\/www.lepalaishotel.eu\/de\/","name":"Le Palais Art Hotel Prague","description":"","publisher":{"@id":"https:\/\/www.lepalaishotel.eu\/de\/#organization"},"potentialAction":[{"@type":"SearchAction","target":{"@type":"EntryPoint","urlTemplate":"https:\/\/www.lepalaishotel.eu\/de\/?s={search_term_string}"},"query-input":"required name=search_term_string"}],"inLanguage":"de-DE"},{"@type":"Organization","@id":"https:\/\/www.lepalaishotel.eu\/de\/#organization","name":"Le Palais Art Hotel Prague","url":"https:\/\/www.lepalaishotel.eu\/de\/","logo":{"@type":"ImageObject","inLanguage":"de-DE","@id":"https:\/\/www.lepalaishotel.eu\/de\/#\/schema\/logo\/image\/","url":"https:\/\/www.lepalaishotel.eu\/wp-content\/uploads\/sites\/218\/2025\/02\/le_palais_logo_gold.svg","contentUrl":"https:\/\/www.lepalaishotel.eu\/wp-content\/uploads\/sites\/218\/2025\/02\/le_palais_logo_gold.svg","width":434,"height":334,"caption":"Le Palais Art Hotel Prague"},"image":{"@id":"https:\/\/www.lepalaishotel.eu\/de\/#\/schema\/logo\/image\/"},"sameAs":["https:\/\/www.facebook.com\/Le.Palais.Hotel.Prague","https:\/\/www.instagram.com\/lepalais_hotel_prague","https:\/\/twitter.com\/LePalais_Prague"]}]}},"acf":[],"_links":{"self":[{"href":"https:\/\/www.lepalaishotel.eu\/de\/wp-json\/wp\/v2\/pages\/360"}],"collection":[{"href":"https:\/\/www.lepalaishotel.eu\/de\/wp-json\/wp\/v2\/pages"}],"about":[{"href":"https:\/\/www.lepalaishotel.eu\/de\/wp-json\/wp\/v2\/types\/page"}],"author":[{"embeddable":true,"href":"https:\/\/www.lepalaishotel.eu\/de\/wp-json\/wp\/v2\/users\/26"}],"replies":[{"embeddable":true,"href":"https:\/\/www.lepalaishotel.eu\/de\/wp-json\/wp\/v2\/comments?post=360"}],"version-history":[{"count":0,"href":"https:\/\/www.lepalaishotel.eu\/de\/wp-json\/wp\/v2\/pages\/360\/revisions"}],"up":[{"embeddable":true,"href":"https:\/\/www.lepalaishotel.eu\/de\/wp-json\/wp\/v2\/pages\/357"}],"wp:attachment":[{"href":"https:\/\/www.lepalaishotel.eu\/de\/wp-json\/wp\/v2\/media?parent=360"}],"curies":[{"name":"wp","href":"https:\/\/api.w.org\/{rel}","templated":true}]}}