{"id":437,"date":"2025-02-24T13:48:05","date_gmt":"2025-02-24T12:48:05","guid":{"rendered":"https:\/\/lepalaishotel.ms2.decms.eu\/?page_id=437"},"modified":"2025-03-19T11:37:09","modified_gmt":"2025-03-19T10:37:09","slug":"partneri","status":"publish","type":"page","link":"https:\/\/www.lepalaishotel.eu\/cs\/partneri\/","title":{"rendered":"Partne\u0159i"},"content":{"rendered":"<table width=\"100%\">\n<tbody>\n<tr>\n<td width=\"34%\"><a href=\"https:\/\/www.ahrcr.cz\/\" target=\"_blank\" rel=\"noopener\"><img decoding=\"async\" class=\"size-full wp-image-118 aligncenter\" src=\"https:\/\/lepalaishotel.ms2.decms.eu\/wp-content\/uploads\/sites\/218\/2025\/02\/le_palais_ahrcr.jpg\" alt=\"\" width=\"80%\" height=\"auto\" srcset=\"https:\/\/www.lepalaishotel.eu\/wp-content\/uploads\/sites\/218\/2025\/02\/le_palais_ahrcr.jpg 300w, https:\/\/www.lepalaishotel.eu\/wp-content\/uploads\/sites\/218\/2025\/02\/le_palais_ahrcr-150x150.jpg 150w\" sizes=\"(max-width: 300px) 100vw, 300px\" \/><\/a><\/td>\n<td width=\"33%\"><a href=\"https:\/\/www.dominion-nails.com\/?gclid=CjwKCAjwhbHlBRAMEiwAoDA346bnFg-5nAHoLC1dzkKD-qP1cIy-tQIhqk_vv3R0ss-txUINSvHocxoCP1sQAvD_BwE\" target=\"_blank\" rel=\"noopener\"><img decoding=\"async\" class=\"size-full wp-image-119 aligncenter\" src=\"https:\/\/lepalaishotel.ms2.decms.eu\/wp-content\/uploads\/sites\/218\/2025\/02\/le_palais_dominion_nails.jpg\" alt=\"\" width=\"80%\" height=\"auto\" srcset=\"https:\/\/www.lepalaishotel.eu\/wp-content\/uploads\/sites\/218\/2025\/02\/le_palais_dominion_nails.jpg 300w, https:\/\/www.lepalaishotel.eu\/wp-content\/uploads\/sites\/218\/2025\/02\/le_palais_dominion_nails-150x150.jpg 150w\" sizes=\"(max-width: 300px) 100vw, 300px\" \/><\/a><\/td>\n<td width=\"33%\"><a href=\"https:\/\/www.campusfrance.org\/en\/European-Erasmus-plus-programme\" target=\"_blank\" rel=\"noopener\"><img decoding=\"async\" class=\"size-full wp-image-120 aligncenter\" src=\"https:\/\/lepalaishotel.ms2.decms.eu\/wp-content\/uploads\/sites\/218\/2025\/02\/le_palais_erasmus.jpg\" alt=\"\" width=\"80%\" height=\"auto\" srcset=\"https:\/\/www.lepalaishotel.eu\/wp-content\/uploads\/sites\/218\/2025\/02\/le_palais_erasmus.jpg 300w, https:\/\/www.lepalaishotel.eu\/wp-content\/uploads\/sites\/218\/2025\/02\/le_palais_erasmus-150x150.jpg 150w\" sizes=\"(max-width: 300px) 100vw, 300px\" \/><\/a><\/td>\n<\/tr>\n<tr>\n<td><a href=\"https:\/\/www.filmmusicprague.com\/\" target=\"_blank\" rel=\"noopener\"><img decoding=\"async\" class=\"size-full wp-image-121 aligncenter\" src=\"https:\/\/lepalaishotel.ms2.decms.eu\/wp-content\/uploads\/sites\/218\/2025\/02\/le_palais_filmusic_prague.jpg\" alt=\"\" width=\"80%\" height=\"auto\" srcset=\"https:\/\/www.lepalaishotel.eu\/wp-content\/uploads\/sites\/218\/2025\/02\/le_palais_filmusic_prague.jpg 300w, https:\/\/www.lepalaishotel.eu\/wp-content\/uploads\/sites\/218\/2025\/02\/le_palais_filmusic_prague-150x150.jpg 150w\" sizes=\"(max-width: 300px) 100vw, 300px\" \/><\/a><\/td>\n<td><a href=\"https:\/\/www.filmmusicprague.com\/\" target=\"_blank\" rel=\"noopener\"><img decoding=\"async\" class=\"size-full wp-image-122 aligncenter\" src=\"https:\/\/lepalaishotel.ms2.decms.eu\/wp-content\/uploads\/sites\/218\/2025\/02\/le_palais_palava.jpg\" alt=\"\" width=\"80%\" height=\"auto\" srcset=\"https:\/\/www.lepalaishotel.eu\/wp-content\/uploads\/sites\/218\/2025\/02\/le_palais_palava.jpg 300w, https:\/\/www.lepalaishotel.eu\/wp-content\/uploads\/sites\/218\/2025\/02\/le_palais_palava-150x150.jpg 150w\" sizes=\"(max-width: 300px) 100vw, 300px\" \/><\/a><\/td>\n<td><a href=\"http:\/\/strunypodzimu.cz\/en\/struny-podzimu-3\/\" target=\"_blank\" rel=\"noopener\"><img decoding=\"async\" class=\"size-full wp-image-123 aligncenter\" src=\"https:\/\/lepalaishotel.ms2.decms.eu\/wp-content\/uploads\/sites\/218\/2025\/02\/le_palais_struny_podzimu_logo.jpg\" alt=\"\" width=\"80%\" height=\"auto\" srcset=\"https:\/\/www.lepalaishotel.eu\/wp-content\/uploads\/sites\/218\/2025\/02\/le_palais_struny_podzimu_logo.jpg 300w, https:\/\/www.lepalaishotel.eu\/wp-content\/uploads\/sites\/218\/2025\/02\/le_palais_struny_podzimu_logo-150x150.jpg 150w\" sizes=\"(max-width: 300px) 100vw, 300px\" \/><\/a><\/td>\n<\/tr>\n<tr>\n<td><\/td>\n<td><a href=\"https:\/\/www.filmmusicprague.com\/\" target=\"_blank\" rel=\"noopener\"><img decoding=\"async\" class=\"size-full wp-image-124 aligncenter\" src=\"https:\/\/lepalaishotel.ms2.decms.eu\/wp-content\/uploads\/sites\/218\/2025\/02\/le_palais_vican.jpg\" alt=\"\" width=\"80%\" height=\"auto\" srcset=\"https:\/\/www.lepalaishotel.eu\/wp-content\/uploads\/sites\/218\/2025\/02\/le_palais_vican.jpg 300w, https:\/\/www.lepalaishotel.eu\/wp-content\/uploads\/sites\/218\/2025\/02\/le_palais_vican-150x150.jpg 150w\" sizes=\"(max-width: 300px) 100vw, 300px\" \/><\/a><\/td>\n<td><\/td>\n<\/tr>\n<\/tbody>\n<\/table>\n","protected":false},"excerpt":{"rendered":"","protected":false},"author":26,"featured_media":0,"parent":0,"menu_order":180,"comment_status":"closed","ping_status":"closed","template":"template-policy-page.php","meta":{"footnotes":""},"yoast_head":"<!-- This site is optimized with the Yoast SEO plugin v22.3 - https:\/\/yoast.com\/wordpress\/plugins\/seo\/ -->\n<title>Partne\u0159i - Le Palais Art Hotel Prague -<\/title>\n<meta name=\"description\" content=\".\" \/>\n<meta name=\"robots\" content=\"index, follow, max-snippet:-1, max-image-preview:large, max-video-preview:-1\" \/>\n<link rel=\"canonical\" href=\"https:\/\/www.lepalaishotel.eu\/cs\/partneri\/\" \/>\n<meta property=\"og:locale\" content=\"cs_CZ\" \/>\n<meta property=\"og:type\" content=\"article\" \/>\n<meta property=\"og:title\" content=\"Partne\u0159i - Le Palais Art Hotel Prague -\" \/>\n<meta property=\"og:description\" content=\".\" \/>\n<meta property=\"og:url\" content=\"https:\/\/www.lepalaishotel.eu\/cs\/partneri\/\" \/>\n<meta property=\"og:site_name\" content=\"Le Palais Art Hotel Prague\" \/>\n<meta property=\"article:publisher\" content=\"https:\/\/www.facebook.com\/Le.Palais.Hotel.Prague\" \/>\n<meta property=\"article:modified_time\" content=\"2025-03-19T10:37:09+00:00\" \/>\n<meta property=\"og:image\" content=\"https:\/\/lepalaishotel.ms2.decms.eu\/wp-content\/uploads\/sites\/218\/2025\/02\/le_palais_ahrcr.jpg\" \/>\n<meta name=\"twitter:card\" content=\"summary_large_image\" \/>\n<meta name=\"twitter:label1\" content=\"Odhadovan\u00e1 doba \u010dten\u00ed\" \/>\n\t<meta name=\"twitter:data1\" content=\"2 minuty\" \/>\n<script type=\"application\/ld+json\" class=\"yoast-schema-graph\">{\"@context\":\"https:\/\/schema.org\",\"@graph\":[{\"@type\":\"WebPage\",\"@id\":\"https:\/\/www.lepalaishotel.eu\/cs\/partneri\/\",\"url\":\"https:\/\/www.lepalaishotel.eu\/cs\/partneri\/\",\"name\":\"Partne\u0159i - Le Palais Art Hotel Prague -\",\"isPartOf\":{\"@id\":\"https:\/\/www.lepalaishotel.eu\/cs\/#website\"},\"primaryImageOfPage\":{\"@id\":\"https:\/\/www.lepalaishotel.eu\/cs\/partneri\/#primaryimage\"},\"image\":{\"@id\":\"https:\/\/www.lepalaishotel.eu\/cs\/partneri\/#primaryimage\"},\"thumbnailUrl\":\"https:\/\/lepalaishotel.ms2.decms.eu\/wp-content\/uploads\/sites\/218\/2025\/02\/le_palais_ahrcr.jpg\",\"datePublished\":\"2025-02-24T12:48:05+00:00\",\"dateModified\":\"2025-03-19T10:37:09+00:00\",\"description\":\".\",\"breadcrumb\":{\"@id\":\"https:\/\/www.lepalaishotel.eu\/cs\/partneri\/#breadcrumb\"},\"inLanguage\":\"cs\",\"potentialAction\":[{\"@type\":\"ReadAction\",\"target\":[\"https:\/\/www.lepalaishotel.eu\/cs\/partneri\/\"]}]},{\"@type\":\"ImageObject\",\"inLanguage\":\"cs\",\"@id\":\"https:\/\/www.lepalaishotel.eu\/cs\/partneri\/#primaryimage\",\"url\":\"https:\/\/www.lepalaishotel.eu\/wp-content\/uploads\/sites\/218\/2025\/02\/le_palais_ahrcr.jpg\",\"contentUrl\":\"https:\/\/www.lepalaishotel.eu\/wp-content\/uploads\/sites\/218\/2025\/02\/le_palais_ahrcr.jpg\",\"width\":300,\"height\":300},{\"@type\":\"BreadcrumbList\",\"@id\":\"https:\/\/www.lepalaishotel.eu\/cs\/partneri\/#breadcrumb\",\"itemListElement\":[{\"@type\":\"ListItem\",\"position\":1,\"name\":\"Home\",\"item\":\"https:\/\/www.lepalaishotel.eu\/cs\/\"},{\"@type\":\"ListItem\",\"position\":2,\"name\":\"Partne\u0159i\"}]},{\"@type\":\"WebSite\",\"@id\":\"https:\/\/www.lepalaishotel.eu\/cs\/#website\",\"url\":\"https:\/\/www.lepalaishotel.eu\/cs\/\",\"name\":\"Le Palais Art Hotel Prague\",\"description\":\"\",\"publisher\":{\"@id\":\"https:\/\/www.lepalaishotel.eu\/cs\/#organization\"},\"potentialAction\":[{\"@type\":\"SearchAction\",\"target\":{\"@type\":\"EntryPoint\",\"urlTemplate\":\"https:\/\/www.lepalaishotel.eu\/cs\/?s={search_term_string}\"},\"query-input\":\"required name=search_term_string\"}],\"inLanguage\":\"cs\"},{\"@type\":\"Organization\",\"@id\":\"https:\/\/www.lepalaishotel.eu\/cs\/#organization\",\"name\":\"Le Palais Art Hotel Prague\",\"url\":\"https:\/\/www.lepalaishotel.eu\/cs\/\",\"logo\":{\"@type\":\"ImageObject\",\"inLanguage\":\"cs\",\"@id\":\"https:\/\/www.lepalaishotel.eu\/cs\/#\/schema\/logo\/image\/\",\"url\":\"https:\/\/www.lepalaishotel.eu\/wp-content\/uploads\/sites\/218\/2025\/02\/le_palais_logo_gold.svg\",\"contentUrl\":\"https:\/\/www.lepalaishotel.eu\/wp-content\/uploads\/sites\/218\/2025\/02\/le_palais_logo_gold.svg\",\"width\":434,\"height\":334,\"caption\":\"Le Palais Art Hotel Prague\"},\"image\":{\"@id\":\"https:\/\/www.lepalaishotel.eu\/cs\/#\/schema\/logo\/image\/\"},\"sameAs\":[\"https:\/\/www.facebook.com\/Le.Palais.Hotel.Prague\",\"https:\/\/www.instagram.com\/lepalais_hotel_prague\",\"https:\/\/twitter.com\/LePalais_Prague\"]}]}<\/script>\n<!-- \/ Yoast SEO plugin. -->","yoast_head_json":{"title":"Partne\u0159i - Le Palais Art Hotel Prague -","description":".","robots":{"index":"index","follow":"follow","max-snippet":"max-snippet:-1","max-image-preview":"max-image-preview:large","max-video-preview":"max-video-preview:-1"},"canonical":"https:\/\/www.lepalaishotel.eu\/cs\/partneri\/","og_locale":"cs_CZ","og_type":"article","og_title":"Partne\u0159i - Le Palais Art Hotel Prague -","og_description":".","og_url":"https:\/\/www.lepalaishotel.eu\/cs\/partneri\/","og_site_name":"Le Palais Art Hotel Prague","article_publisher":"https:\/\/www.facebook.com\/Le.Palais.Hotel.Prague","article_modified_time":"2025-03-19T10:37:09+00:00","og_image":[{"url":"https:\/\/lepalaishotel.ms2.decms.eu\/wp-content\/uploads\/sites\/218\/2025\/02\/le_palais_ahrcr.jpg"}],"twitter_card":"summary_large_image","twitter_misc":{"Odhadovan\u00e1 doba \u010dten\u00ed":"2 minuty"},"schema":{"@context":"https:\/\/schema.org","@graph":[{"@type":"WebPage","@id":"https:\/\/www.lepalaishotel.eu\/cs\/partneri\/","url":"https:\/\/www.lepalaishotel.eu\/cs\/partneri\/","name":"Partne\u0159i - Le Palais Art Hotel Prague -","isPartOf":{"@id":"https:\/\/www.lepalaishotel.eu\/cs\/#website"},"primaryImageOfPage":{"@id":"https:\/\/www.lepalaishotel.eu\/cs\/partneri\/#primaryimage"},"image":{"@id":"https:\/\/www.lepalaishotel.eu\/cs\/partneri\/#primaryimage"},"thumbnailUrl":"https:\/\/lepalaishotel.ms2.decms.eu\/wp-content\/uploads\/sites\/218\/2025\/02\/le_palais_ahrcr.jpg","datePublished":"2025-02-24T12:48:05+00:00","dateModified":"2025-03-19T10:37:09+00:00","description":".","breadcrumb":{"@id":"https:\/\/www.lepalaishotel.eu\/cs\/partneri\/#breadcrumb"},"inLanguage":"cs","potentialAction":[{"@type":"ReadAction","target":["https:\/\/www.lepalaishotel.eu\/cs\/partneri\/"]}]},{"@type":"ImageObject","inLanguage":"cs","@id":"https:\/\/www.lepalaishotel.eu\/cs\/partneri\/#primaryimage","url":"https:\/\/www.lepalaishotel.eu\/wp-content\/uploads\/sites\/218\/2025\/02\/le_palais_ahrcr.jpg","contentUrl":"https:\/\/www.lepalaishotel.eu\/wp-content\/uploads\/sites\/218\/2025\/02\/le_palais_ahrcr.jpg","width":300,"height":300},{"@type":"BreadcrumbList","@id":"https:\/\/www.lepalaishotel.eu\/cs\/partneri\/#breadcrumb","itemListElement":[{"@type":"ListItem","position":1,"name":"Home","item":"https:\/\/www.lepalaishotel.eu\/cs\/"},{"@type":"ListItem","position":2,"name":"Partne\u0159i"}]},{"@type":"WebSite","@id":"https:\/\/www.lepalaishotel.eu\/cs\/#website","url":"https:\/\/www.lepalaishotel.eu\/cs\/","name":"Le Palais Art Hotel Prague","description":"","publisher":{"@id":"https:\/\/www.lepalaishotel.eu\/cs\/#organization"},"potentialAction":[{"@type":"SearchAction","target":{"@type":"EntryPoint","urlTemplate":"https:\/\/www.lepalaishotel.eu\/cs\/?s={search_term_string}"},"query-input":"required name=search_term_string"}],"inLanguage":"cs"},{"@type":"Organization","@id":"https:\/\/www.lepalaishotel.eu\/cs\/#organization","name":"Le Palais Art Hotel Prague","url":"https:\/\/www.lepalaishotel.eu\/cs\/","logo":{"@type":"ImageObject","inLanguage":"cs","@id":"https:\/\/www.lepalaishotel.eu\/cs\/#\/schema\/logo\/image\/","url":"https:\/\/www.lepalaishotel.eu\/wp-content\/uploads\/sites\/218\/2025\/02\/le_palais_logo_gold.svg","contentUrl":"https:\/\/www.lepalaishotel.eu\/wp-content\/uploads\/sites\/218\/2025\/02\/le_palais_logo_gold.svg","width":434,"height":334,"caption":"Le Palais Art Hotel Prague"},"image":{"@id":"https:\/\/www.lepalaishotel.eu\/cs\/#\/schema\/logo\/image\/"},"sameAs":["https:\/\/www.facebook.com\/Le.Palais.Hotel.Prague","https:\/\/www.instagram.com\/lepalais_hotel_prague","https:\/\/twitter.com\/LePalais_Prague"]}]}},"acf":[],"_links":{"self":[{"href":"https:\/\/www.lepalaishotel.eu\/cs\/wp-json\/wp\/v2\/pages\/437"}],"collection":[{"href":"https:\/\/www.lepalaishotel.eu\/cs\/wp-json\/wp\/v2\/pages"}],"about":[{"href":"https:\/\/www.lepalaishotel.eu\/cs\/wp-json\/wp\/v2\/types\/page"}],"author":[{"embeddable":true,"href":"https:\/\/www.lepalaishotel.eu\/cs\/wp-json\/wp\/v2\/users\/26"}],"replies":[{"embeddable":true,"href":"https:\/\/www.lepalaishotel.eu\/cs\/wp-json\/wp\/v2\/comments?post=437"}],"version-history":[{"count":0,"href":"https:\/\/www.lepalaishotel.eu\/cs\/wp-json\/wp\/v2\/pages\/437\/revisions"}],"wp:attachment":[{"href":"https:\/\/www.lepalaishotel.eu\/cs\/wp-json\/wp\/v2\/media?parent=437"}],"curies":[{"name":"wp","href":"https:\/\/api.w.org\/{rel}","templated":true}]}}