{"id":417,"date":"2025-02-24T12:18:02","date_gmt":"2025-02-24T11:18:02","guid":{"rendered":"https:\/\/lepalaishotel.ms2.decms.eu\/?page_id=417"},"modified":"2025-05-16T14:23:47","modified_gmt":"2025-05-16T12:23:47","slug":"standardni-pokoj","status":"publish","type":"page","link":"https:\/\/www.lepalaishotel.eu\/cs\/pokoje\/standardni-pokoj\/","title":{"rendered":"Standardn\u00ed pokoj"},"content":{"rendered":"<ul>\n<li>Man\u017eelsk\u00e1 postel nebo dv\u011b odd\u011blen\u00e1 l\u016f\u017eka<\/li>\n<li>Maxim\u00e1ln\u00ed kapacita pokoje jsou dv\u011b osoby<\/li>\n<li>Otev\u00edrateln\u00e1 st\u0159e\u0161n\u00ed okna<\/li>\n<\/ul>\n","protected":false},"excerpt":{"rendered":"<p>Man\u017eelsk\u00e1 postel nebo dv\u011b odd\u011blen\u00e1 l\u016f\u017eka Maxim\u00e1ln\u00ed kapacita pokoje jsou dv\u011b osoby Otev\u00edrateln\u00e1 st\u0159e\u0161n\u00ed okna<\/p>\n","protected":false},"author":26,"featured_media":0,"parent":415,"menu_order":10,"comment_status":"closed","ping_status":"closed","template":"template-single-room.php","meta":{"footnotes":""},"yoast_head":"<!-- This site is optimized with the Yoast SEO plugin v22.3 - https:\/\/yoast.com\/wordpress\/plugins\/seo\/ -->\n<title>Standardn\u00ed pokoj - Le Palais Art Hotel Prague -<\/title>\n<meta name=\"description\" content=\"Man\u017eelsk\u00e1 postel nebo dv\u011b odd\u011blen\u00e1 l\u016f\u017eka  Maxim\u00e1ln\u00ed kapacita pokoje jsou dv\u011b osoby  Otev\u00edrateln\u00e1 st\u0159e\u0161n\u00ed okna .\" \/>\n<meta name=\"robots\" content=\"index, follow, max-snippet:-1, max-image-preview:large, max-video-preview:-1\" \/>\n<link rel=\"canonical\" href=\"https:\/\/www.lepalaishotel.eu\/cs\/pokoje\/standardni-pokoj\/\" \/>\n<meta property=\"og:locale\" content=\"cs_CZ\" \/>\n<meta property=\"og:type\" content=\"article\" \/>\n<meta property=\"og:title\" content=\"Standardn\u00ed pokoj - Le Palais Art Hotel Prague -\" \/>\n<meta property=\"og:description\" content=\"Man\u017eelsk\u00e1 postel nebo dv\u011b odd\u011blen\u00e1 l\u016f\u017eka  Maxim\u00e1ln\u00ed kapacita pokoje jsou dv\u011b osoby  Otev\u00edrateln\u00e1 st\u0159e\u0161n\u00ed okna .\" \/>\n<meta property=\"og:url\" content=\"https:\/\/www.lepalaishotel.eu\/cs\/pokoje\/standardni-pokoj\/\" \/>\n<meta property=\"og:site_name\" content=\"Le Palais Art Hotel Prague\" \/>\n<meta property=\"article:publisher\" content=\"https:\/\/www.facebook.com\/Le.Palais.Hotel.Prague\" \/>\n<meta property=\"article:modified_time\" content=\"2025-05-16T12:23:47+00:00\" \/>\n<meta name=\"twitter:card\" content=\"summary_large_image\" \/>\n<meta name=\"twitter:label1\" content=\"Odhadovan\u00e1 doba \u010dten\u00ed\" \/>\n\t<meta name=\"twitter:data1\" content=\"1 minuta\" \/>\n<script type=\"application\/ld+json\" class=\"yoast-schema-graph\">{\"@context\":\"https:\/\/schema.org\",\"@graph\":[{\"@type\":\"WebPage\",\"@id\":\"https:\/\/www.lepalaishotel.eu\/cs\/pokoje\/standardni-pokoj\/\",\"url\":\"https:\/\/www.lepalaishotel.eu\/cs\/pokoje\/standardni-pokoj\/\",\"name\":\"Standardn\u00ed pokoj - Le Palais Art Hotel Prague -\",\"isPartOf\":{\"@id\":\"https:\/\/www.lepalaishotel.eu\/cs\/#website\"},\"datePublished\":\"2025-02-24T11:18:02+00:00\",\"dateModified\":\"2025-05-16T12:23:47+00:00\",\"description\":\"\u2022 Man\u017eelsk\u00e1 postel nebo dv\u011b odd\u011blen\u00e1 l\u016f\u017eka \u2022 Maxim\u00e1ln\u00ed kapacita pokoje jsou dv\u011b osoby \u2022 Otev\u00edrateln\u00e1 st\u0159e\u0161n\u00ed okna .\",\"breadcrumb\":{\"@id\":\"https:\/\/www.lepalaishotel.eu\/cs\/pokoje\/standardni-pokoj\/#breadcrumb\"},\"inLanguage\":\"cs\",\"potentialAction\":[{\"@type\":\"ReadAction\",\"target\":[\"https:\/\/www.lepalaishotel.eu\/cs\/pokoje\/standardni-pokoj\/\"]}]},{\"@type\":\"BreadcrumbList\",\"@id\":\"https:\/\/www.lepalaishotel.eu\/cs\/pokoje\/standardni-pokoj\/#breadcrumb\",\"itemListElement\":[{\"@type\":\"ListItem\",\"position\":1,\"name\":\"Home\",\"item\":\"https:\/\/www.lepalaishotel.eu\/cs\/\"},{\"@type\":\"ListItem\",\"position\":2,\"name\":\"Pokoje\",\"item\":\"https:\/\/www.lepalaishotel.eu\/cs\/pokoje\/\"},{\"@type\":\"ListItem\",\"position\":3,\"name\":\"Standardn\u00ed pokoj\"}]},{\"@type\":\"WebSite\",\"@id\":\"https:\/\/www.lepalaishotel.eu\/cs\/#website\",\"url\":\"https:\/\/www.lepalaishotel.eu\/cs\/\",\"name\":\"Le Palais Art Hotel Prague\",\"description\":\"\",\"publisher\":{\"@id\":\"https:\/\/www.lepalaishotel.eu\/cs\/#organization\"},\"potentialAction\":[{\"@type\":\"SearchAction\",\"target\":{\"@type\":\"EntryPoint\",\"urlTemplate\":\"https:\/\/www.lepalaishotel.eu\/cs\/?s={search_term_string}\"},\"query-input\":\"required name=search_term_string\"}],\"inLanguage\":\"cs\"},{\"@type\":\"Organization\",\"@id\":\"https:\/\/www.lepalaishotel.eu\/cs\/#organization\",\"name\":\"Le Palais Art Hotel Prague\",\"url\":\"https:\/\/www.lepalaishotel.eu\/cs\/\",\"logo\":{\"@type\":\"ImageObject\",\"inLanguage\":\"cs\",\"@id\":\"https:\/\/www.lepalaishotel.eu\/cs\/#\/schema\/logo\/image\/\",\"url\":\"https:\/\/www.lepalaishotel.eu\/wp-content\/uploads\/sites\/218\/2025\/02\/le_palais_logo_gold.svg\",\"contentUrl\":\"https:\/\/www.lepalaishotel.eu\/wp-content\/uploads\/sites\/218\/2025\/02\/le_palais_logo_gold.svg\",\"width\":434,\"height\":334,\"caption\":\"Le Palais Art Hotel Prague\"},\"image\":{\"@id\":\"https:\/\/www.lepalaishotel.eu\/cs\/#\/schema\/logo\/image\/\"},\"sameAs\":[\"https:\/\/www.facebook.com\/Le.Palais.Hotel.Prague\",\"https:\/\/www.instagram.com\/lepalais_hotel_prague\",\"https:\/\/twitter.com\/LePalais_Prague\"]}]}<\/script>\n<!-- \/ Yoast SEO plugin. -->","yoast_head_json":{"title":"Standardn\u00ed pokoj - Le Palais Art Hotel Prague -","description":"Man\u017eelsk\u00e1 postel nebo dv\u011b odd\u011blen\u00e1 l\u016f\u017eka  Maxim\u00e1ln\u00ed kapacita pokoje jsou dv\u011b osoby  Otev\u00edrateln\u00e1 st\u0159e\u0161n\u00ed okna .","robots":{"index":"index","follow":"follow","max-snippet":"max-snippet:-1","max-image-preview":"max-image-preview:large","max-video-preview":"max-video-preview:-1"},"canonical":"https:\/\/www.lepalaishotel.eu\/cs\/pokoje\/standardni-pokoj\/","og_locale":"cs_CZ","og_type":"article","og_title":"Standardn\u00ed pokoj - Le Palais Art Hotel Prague -","og_description":"Man\u017eelsk\u00e1 postel nebo dv\u011b odd\u011blen\u00e1 l\u016f\u017eka  Maxim\u00e1ln\u00ed kapacita pokoje jsou dv\u011b osoby  Otev\u00edrateln\u00e1 st\u0159e\u0161n\u00ed okna .","og_url":"https:\/\/www.lepalaishotel.eu\/cs\/pokoje\/standardni-pokoj\/","og_site_name":"Le Palais Art Hotel Prague","article_publisher":"https:\/\/www.facebook.com\/Le.Palais.Hotel.Prague","article_modified_time":"2025-05-16T12:23:47+00:00","twitter_card":"summary_large_image","twitter_misc":{"Odhadovan\u00e1 doba \u010dten\u00ed":"1 minuta"},"schema":{"@context":"https:\/\/schema.org","@graph":[{"@type":"WebPage","@id":"https:\/\/www.lepalaishotel.eu\/cs\/pokoje\/standardni-pokoj\/","url":"https:\/\/www.lepalaishotel.eu\/cs\/pokoje\/standardni-pokoj\/","name":"Standardn\u00ed pokoj - Le Palais Art Hotel Prague -","isPartOf":{"@id":"https:\/\/www.lepalaishotel.eu\/cs\/#website"},"datePublished":"2025-02-24T11:18:02+00:00","dateModified":"2025-05-16T12:23:47+00:00","description":"\u2022 Man\u017eelsk\u00e1 postel nebo dv\u011b odd\u011blen\u00e1 l\u016f\u017eka \u2022 Maxim\u00e1ln\u00ed kapacita pokoje jsou dv\u011b osoby \u2022 Otev\u00edrateln\u00e1 st\u0159e\u0161n\u00ed okna .","breadcrumb":{"@id":"https:\/\/www.lepalaishotel.eu\/cs\/pokoje\/standardni-pokoj\/#breadcrumb"},"inLanguage":"cs","potentialAction":[{"@type":"ReadAction","target":["https:\/\/www.lepalaishotel.eu\/cs\/pokoje\/standardni-pokoj\/"]}]},{"@type":"BreadcrumbList","@id":"https:\/\/www.lepalaishotel.eu\/cs\/pokoje\/standardni-pokoj\/#breadcrumb","itemListElement":[{"@type":"ListItem","position":1,"name":"Home","item":"https:\/\/www.lepalaishotel.eu\/cs\/"},{"@type":"ListItem","position":2,"name":"Pokoje","item":"https:\/\/www.lepalaishotel.eu\/cs\/pokoje\/"},{"@type":"ListItem","position":3,"name":"Standardn\u00ed pokoj"}]},{"@type":"WebSite","@id":"https:\/\/www.lepalaishotel.eu\/cs\/#website","url":"https:\/\/www.lepalaishotel.eu\/cs\/","name":"Le Palais Art Hotel Prague","description":"","publisher":{"@id":"https:\/\/www.lepalaishotel.eu\/cs\/#organization"},"potentialAction":[{"@type":"SearchAction","target":{"@type":"EntryPoint","urlTemplate":"https:\/\/www.lepalaishotel.eu\/cs\/?s={search_term_string}"},"query-input":"required name=search_term_string"}],"inLanguage":"cs"},{"@type":"Organization","@id":"https:\/\/www.lepalaishotel.eu\/cs\/#organization","name":"Le Palais Art Hotel Prague","url":"https:\/\/www.lepalaishotel.eu\/cs\/","logo":{"@type":"ImageObject","inLanguage":"cs","@id":"https:\/\/www.lepalaishotel.eu\/cs\/#\/schema\/logo\/image\/","url":"https:\/\/www.lepalaishotel.eu\/wp-content\/uploads\/sites\/218\/2025\/02\/le_palais_logo_gold.svg","contentUrl":"https:\/\/www.lepalaishotel.eu\/wp-content\/uploads\/sites\/218\/2025\/02\/le_palais_logo_gold.svg","width":434,"height":334,"caption":"Le Palais Art Hotel Prague"},"image":{"@id":"https:\/\/www.lepalaishotel.eu\/cs\/#\/schema\/logo\/image\/"},"sameAs":["https:\/\/www.facebook.com\/Le.Palais.Hotel.Prague","https:\/\/www.instagram.com\/lepalais_hotel_prague","https:\/\/twitter.com\/LePalais_Prague"]}]}},"acf":[],"_links":{"self":[{"href":"https:\/\/www.lepalaishotel.eu\/cs\/wp-json\/wp\/v2\/pages\/417"}],"collection":[{"href":"https:\/\/www.lepalaishotel.eu\/cs\/wp-json\/wp\/v2\/pages"}],"about":[{"href":"https:\/\/www.lepalaishotel.eu\/cs\/wp-json\/wp\/v2\/types\/page"}],"author":[{"embeddable":true,"href":"https:\/\/www.lepalaishotel.eu\/cs\/wp-json\/wp\/v2\/users\/26"}],"replies":[{"embeddable":true,"href":"https:\/\/www.lepalaishotel.eu\/cs\/wp-json\/wp\/v2\/comments?post=417"}],"version-history":[{"count":0,"href":"https:\/\/www.lepalaishotel.eu\/cs\/wp-json\/wp\/v2\/pages\/417\/revisions"}],"up":[{"embeddable":true,"href":"https:\/\/www.lepalaishotel.eu\/cs\/wp-json\/wp\/v2\/pages\/415"}],"wp:attachment":[{"href":"https:\/\/www.lepalaishotel.eu\/cs\/wp-json\/wp\/v2\/media?parent=417"}],"curies":[{"name":"wp","href":"https:\/\/api.w.org\/{rel}","templated":true}]}}