{"id":415,"date":"2025-02-20T10:30:18","date_gmt":"2025-02-20T09:30:18","guid":{"rendered":"https:\/\/lepalaishotel.ms2.decms.eu\/?page_id=415"},"modified":"2025-04-01T08:05:03","modified_gmt":"2025-04-01T06:05:03","slug":"pokoje","status":"publish","type":"page","link":"https:\/\/www.lepalaishotel.eu\/cs\/pokoje\/","title":{"rendered":"Pokoje"},"content":{"rendered":"<p>Hotel nab\u00edz\u00ed 72 luxusn\u00edch pokoj\u016f a apartm\u00e1n\u016f ve 3 kategori\u00edch: pokoje Standard, Deluxe a Luxury Suite s u\u017eitnou plochou od 21 m2 do 94 m2.<\/p>\n<p>V\u0161echny pokoje a apartm\u00e1ny jsou individu\u00e1ln\u011b navr\u017eeny a zahrnuj\u00ed standardn\u00ed vybaven\u00ed: individu\u00e1ln\u011b nastavitelnou klimatizaci, mramorovou koupelnu s vyh\u0159\u00edvanou podlahou, telefon a vysokorychlostn\u00ed internet, satelitn\u00ed TV, trezor, za\u0159\u00edzen\u00ed na p\u0159\u00edpravu k\u00e1vy a \u010daje, minibar.<\/p>\n<p>Ned\u00edlnou sou\u010d\u00e1st\u00ed ubytov\u00e1n\u00ed je tak\u00e9 sn\u00eddan\u011b pod\u00e1van\u00e1 v na\u0161\u00ed restauraci ARTISTA ve form\u011b bohat\u00e9ho bufetu a mo\u017enost vyu\u017eit\u00ed Fitness klubu zdarma a Wellness klubu za extra poplatek.<\/p>\n","protected":false},"excerpt":{"rendered":"<p>Hotel nab\u00edz\u00ed 72 luxusn\u00edch pokoj\u016f a apartm\u00e1n\u016f ve 3 kategori\u00edch: pokoje Standard, Deluxe a Luxury Suite s u\u017eitnou plochou od 21 m2 do 94 m2. V\u0161echny pokoje a apartm\u00e1ny jsou individu\u00e1ln\u011b navr\u017eeny a zahrnuj\u00ed standardn\u00ed vybaven\u00ed: individu\u00e1ln\u011b nastavitelnou klimatizaci, mramorovou koupelnu s vyh\u0159\u00edvanou podlahou, telefon a vysokorychlostn\u00ed internet, satelitn\u00ed TV, trezor, za\u0159\u00edzen\u00ed na p\u0159\u00edpravu k\u00e1vy [&hellip;]<\/p>\n","protected":false},"author":26,"featured_media":0,"parent":0,"menu_order":50,"comment_status":"closed","ping_status":"closed","template":"template-rooms.php","meta":{"footnotes":""},"yoast_head":"<!-- This site is optimized with the Yoast SEO plugin v22.3 - https:\/\/yoast.com\/wordpress\/plugins\/seo\/ -->\n<title>Pokoje - Le Palais Art Hotel Prague -<\/title>\n<meta name=\"description\" content=\"Hotel nab\u00edz\u00ed 72 luxusn\u00edch pokoj\u016f a apartm\u00e1n\u016f ve 3 kategori\u00edch: pokoje Standard, Deluxe a Luxury Suite s u\u017eitnou plochou od 21 m2 do 94 m2.  V\u0161echny pokoje a apartm\u00e1ny jsou individu\u00e1ln\u011b navr\u017eeny a zahrnuj\u00ed standardn\u00ed vybaven\u00ed: individu\u00e1ln\u011b nastavitelnou klimatizaci, mramorovou koupelnu s vyh\u0159\u00edvanou podlahou, telefon a vysokorychlostn\u00ed internet, satelitn\u00ed TV, trezor, za\u0159\u00edzen\u00ed na p\u0159\u00edpravu k\u00e1vy a \u010daje, minibar.  Ned\u00edlnou sou\u010d\u00e1st\u00ed ubytov\u00e1n\u00ed je tak\u00e9 sn\u00eddan\u011b pod\u00e1van\u00e1 v na\u0161\u00ed restauraci ARTISTA ve form\u011b bohat\u00e9ho bufetu a mo\u017enost vyu\u017eit\u00ed Fitness klubu zdarma a Wellness klubu za extra poplatek..\" \/>\n<meta name=\"robots\" content=\"index, follow, max-snippet:-1, max-image-preview:large, max-video-preview:-1\" \/>\n<link rel=\"canonical\" href=\"https:\/\/www.lepalaishotel.eu\/cs\/pokoje\/\" \/>\n<meta property=\"og:locale\" content=\"cs_CZ\" \/>\n<meta property=\"og:type\" content=\"article\" \/>\n<meta property=\"og:title\" content=\"Pokoje - Le Palais Art Hotel Prague -\" \/>\n<meta property=\"og:description\" content=\"Hotel nab\u00edz\u00ed 72 luxusn\u00edch pokoj\u016f a apartm\u00e1n\u016f ve 3 kategori\u00edch: pokoje Standard, Deluxe a Luxury Suite s u\u017eitnou plochou od 21 m2 do 94 m2.  V\u0161echny pokoje a apartm\u00e1ny jsou individu\u00e1ln\u011b navr\u017eeny a zahrnuj\u00ed standardn\u00ed vybaven\u00ed: individu\u00e1ln\u011b nastavitelnou klimatizaci, mramorovou koupelnu s vyh\u0159\u00edvanou podlahou, telefon a vysokorychlostn\u00ed internet, satelitn\u00ed TV, trezor, za\u0159\u00edzen\u00ed na p\u0159\u00edpravu k\u00e1vy a \u010daje, minibar.  Ned\u00edlnou sou\u010d\u00e1st\u00ed ubytov\u00e1n\u00ed je tak\u00e9 sn\u00eddan\u011b pod\u00e1van\u00e1 v na\u0161\u00ed restauraci ARTISTA ve form\u011b bohat\u00e9ho bufetu a mo\u017enost vyu\u017eit\u00ed Fitness klubu zdarma a Wellness klubu za extra poplatek..\" \/>\n<meta property=\"og:url\" content=\"https:\/\/www.lepalaishotel.eu\/cs\/pokoje\/\" \/>\n<meta property=\"og:site_name\" content=\"Le Palais Art Hotel Prague\" \/>\n<meta property=\"article:publisher\" content=\"https:\/\/www.facebook.com\/Le.Palais.Hotel.Prague\" \/>\n<meta property=\"article:modified_time\" content=\"2025-04-01T06:05:03+00:00\" \/>\n<meta name=\"twitter:card\" content=\"summary_large_image\" \/>\n<meta name=\"twitter:label1\" content=\"Odhadovan\u00e1 doba \u010dten\u00ed\" \/>\n\t<meta name=\"twitter:data1\" content=\"1 minuta\" \/>\n<script type=\"application\/ld+json\" class=\"yoast-schema-graph\">{\"@context\":\"https:\/\/schema.org\",\"@graph\":[{\"@type\":\"WebPage\",\"@id\":\"https:\/\/www.lepalaishotel.eu\/cs\/pokoje\/\",\"url\":\"https:\/\/www.lepalaishotel.eu\/cs\/pokoje\/\",\"name\":\"Pokoje - Le Palais Art Hotel Prague -\",\"isPartOf\":{\"@id\":\"https:\/\/www.lepalaishotel.eu\/cs\/#website\"},\"datePublished\":\"2025-02-20T09:30:18+00:00\",\"dateModified\":\"2025-04-01T06:05:03+00:00\",\"description\":\"Hotel nab\u00edz\u00ed 72 luxusn\u00edch pokoj\u016f a apartm\u00e1n\u016f ve 3 kategori\u00edch: pokoje Standard, Deluxe a Luxury Suite s u\u017eitnou plochou od 21 m2 do 94 m2. V\u0161echny pokoje a apartm\u00e1ny jsou individu\u00e1ln\u011b navr\u017eeny a zahrnuj\u00ed standardn\u00ed vybaven\u00ed: individu\u00e1ln\u011b nastavitelnou klimatizaci, mramorovou koupelnu s vyh\u0159\u00edvanou podlahou, telefon a vysokorychlostn\u00ed internet, satelitn\u00ed TV, trezor, za\u0159\u00edzen\u00ed na p\u0159\u00edpravu k\u00e1vy a \u010daje, minibar. Ned\u00edlnou sou\u010d\u00e1st\u00ed ubytov\u00e1n\u00ed je tak\u00e9 sn\u00eddan\u011b pod\u00e1van\u00e1 v na\u0161\u00ed restauraci ARTISTA ve form\u011b bohat\u00e9ho bufetu a mo\u017enost vyu\u017eit\u00ed Fitness klubu zdarma a Wellness klubu za extra poplatek..\",\"breadcrumb\":{\"@id\":\"https:\/\/www.lepalaishotel.eu\/cs\/pokoje\/#breadcrumb\"},\"inLanguage\":\"cs\",\"potentialAction\":[{\"@type\":\"ReadAction\",\"target\":[\"https:\/\/www.lepalaishotel.eu\/cs\/pokoje\/\"]}]},{\"@type\":\"BreadcrumbList\",\"@id\":\"https:\/\/www.lepalaishotel.eu\/cs\/pokoje\/#breadcrumb\",\"itemListElement\":[{\"@type\":\"ListItem\",\"position\":1,\"name\":\"Home\",\"item\":\"https:\/\/www.lepalaishotel.eu\/cs\/\"},{\"@type\":\"ListItem\",\"position\":2,\"name\":\"Pokoje\"}]},{\"@type\":\"WebSite\",\"@id\":\"https:\/\/www.lepalaishotel.eu\/cs\/#website\",\"url\":\"https:\/\/www.lepalaishotel.eu\/cs\/\",\"name\":\"Le Palais Art Hotel Prague\",\"description\":\"\",\"publisher\":{\"@id\":\"https:\/\/www.lepalaishotel.eu\/cs\/#organization\"},\"potentialAction\":[{\"@type\":\"SearchAction\",\"target\":{\"@type\":\"EntryPoint\",\"urlTemplate\":\"https:\/\/www.lepalaishotel.eu\/cs\/?s={search_term_string}\"},\"query-input\":\"required name=search_term_string\"}],\"inLanguage\":\"cs\"},{\"@type\":\"Organization\",\"@id\":\"https:\/\/www.lepalaishotel.eu\/cs\/#organization\",\"name\":\"Le Palais Art Hotel Prague\",\"url\":\"https:\/\/www.lepalaishotel.eu\/cs\/\",\"logo\":{\"@type\":\"ImageObject\",\"inLanguage\":\"cs\",\"@id\":\"https:\/\/www.lepalaishotel.eu\/cs\/#\/schema\/logo\/image\/\",\"url\":\"https:\/\/www.lepalaishotel.eu\/wp-content\/uploads\/sites\/218\/2025\/02\/le_palais_logo_gold.svg\",\"contentUrl\":\"https:\/\/www.lepalaishotel.eu\/wp-content\/uploads\/sites\/218\/2025\/02\/le_palais_logo_gold.svg\",\"width\":434,\"height\":334,\"caption\":\"Le Palais Art Hotel Prague\"},\"image\":{\"@id\":\"https:\/\/www.lepalaishotel.eu\/cs\/#\/schema\/logo\/image\/\"},\"sameAs\":[\"https:\/\/www.facebook.com\/Le.Palais.Hotel.Prague\",\"https:\/\/www.instagram.com\/lepalais_hotel_prague\",\"https:\/\/twitter.com\/LePalais_Prague\"]}]}<\/script>\n<!-- \/ Yoast SEO plugin. -->","yoast_head_json":{"title":"Pokoje - Le Palais Art Hotel Prague -","description":"Hotel nab\u00edz\u00ed 72 luxusn\u00edch pokoj\u016f a apartm\u00e1n\u016f ve 3 kategori\u00edch: pokoje Standard, Deluxe a Luxury Suite s u\u017eitnou plochou od 21 m2 do 94 m2.  V\u0161echny pokoje a apartm\u00e1ny jsou individu\u00e1ln\u011b navr\u017eeny a zahrnuj\u00ed standardn\u00ed vybaven\u00ed: individu\u00e1ln\u011b nastavitelnou klimatizaci, mramorovou koupelnu s vyh\u0159\u00edvanou podlahou, telefon a vysokorychlostn\u00ed internet, satelitn\u00ed TV, trezor, za\u0159\u00edzen\u00ed na p\u0159\u00edpravu k\u00e1vy a \u010daje, minibar.  Ned\u00edlnou sou\u010d\u00e1st\u00ed ubytov\u00e1n\u00ed je tak\u00e9 sn\u00eddan\u011b pod\u00e1van\u00e1 v na\u0161\u00ed restauraci ARTISTA ve form\u011b bohat\u00e9ho bufetu a mo\u017enost vyu\u017eit\u00ed Fitness klubu zdarma a Wellness klubu za extra poplatek..","robots":{"index":"index","follow":"follow","max-snippet":"max-snippet:-1","max-image-preview":"max-image-preview:large","max-video-preview":"max-video-preview:-1"},"canonical":"https:\/\/www.lepalaishotel.eu\/cs\/pokoje\/","og_locale":"cs_CZ","og_type":"article","og_title":"Pokoje - Le Palais Art Hotel Prague -","og_description":"Hotel nab\u00edz\u00ed 72 luxusn\u00edch pokoj\u016f a apartm\u00e1n\u016f ve 3 kategori\u00edch: pokoje Standard, Deluxe a Luxury Suite s u\u017eitnou plochou od 21 m2 do 94 m2.  V\u0161echny pokoje a apartm\u00e1ny jsou individu\u00e1ln\u011b navr\u017eeny a zahrnuj\u00ed standardn\u00ed vybaven\u00ed: individu\u00e1ln\u011b nastavitelnou klimatizaci, mramorovou koupelnu s vyh\u0159\u00edvanou podlahou, telefon a vysokorychlostn\u00ed internet, satelitn\u00ed TV, trezor, za\u0159\u00edzen\u00ed na p\u0159\u00edpravu k\u00e1vy a \u010daje, minibar.  Ned\u00edlnou sou\u010d\u00e1st\u00ed ubytov\u00e1n\u00ed je tak\u00e9 sn\u00eddan\u011b pod\u00e1van\u00e1 v na\u0161\u00ed restauraci ARTISTA ve form\u011b bohat\u00e9ho bufetu a mo\u017enost vyu\u017eit\u00ed Fitness klubu zdarma a Wellness klubu za extra poplatek..","og_url":"https:\/\/www.lepalaishotel.eu\/cs\/pokoje\/","og_site_name":"Le Palais Art Hotel Prague","article_publisher":"https:\/\/www.facebook.com\/Le.Palais.Hotel.Prague","article_modified_time":"2025-04-01T06:05:03+00:00","twitter_card":"summary_large_image","twitter_misc":{"Odhadovan\u00e1 doba \u010dten\u00ed":"1 minuta"},"schema":{"@context":"https:\/\/schema.org","@graph":[{"@type":"WebPage","@id":"https:\/\/www.lepalaishotel.eu\/cs\/pokoje\/","url":"https:\/\/www.lepalaishotel.eu\/cs\/pokoje\/","name":"Pokoje - Le Palais Art Hotel Prague -","isPartOf":{"@id":"https:\/\/www.lepalaishotel.eu\/cs\/#website"},"datePublished":"2025-02-20T09:30:18+00:00","dateModified":"2025-04-01T06:05:03+00:00","description":"Hotel nab\u00edz\u00ed 72 luxusn\u00edch pokoj\u016f a apartm\u00e1n\u016f ve 3 kategori\u00edch: pokoje Standard, Deluxe a Luxury Suite s u\u017eitnou plochou od 21 m2 do 94 m2. V\u0161echny pokoje a apartm\u00e1ny jsou individu\u00e1ln\u011b navr\u017eeny a zahrnuj\u00ed standardn\u00ed vybaven\u00ed: individu\u00e1ln\u011b nastavitelnou klimatizaci, mramorovou koupelnu s vyh\u0159\u00edvanou podlahou, telefon a vysokorychlostn\u00ed internet, satelitn\u00ed TV, trezor, za\u0159\u00edzen\u00ed na p\u0159\u00edpravu k\u00e1vy a \u010daje, minibar. Ned\u00edlnou sou\u010d\u00e1st\u00ed ubytov\u00e1n\u00ed je tak\u00e9 sn\u00eddan\u011b pod\u00e1van\u00e1 v na\u0161\u00ed restauraci ARTISTA ve form\u011b bohat\u00e9ho bufetu a mo\u017enost vyu\u017eit\u00ed Fitness klubu zdarma a Wellness klubu za extra poplatek..","breadcrumb":{"@id":"https:\/\/www.lepalaishotel.eu\/cs\/pokoje\/#breadcrumb"},"inLanguage":"cs","potentialAction":[{"@type":"ReadAction","target":["https:\/\/www.lepalaishotel.eu\/cs\/pokoje\/"]}]},{"@type":"BreadcrumbList","@id":"https:\/\/www.lepalaishotel.eu\/cs\/pokoje\/#breadcrumb","itemListElement":[{"@type":"ListItem","position":1,"name":"Home","item":"https:\/\/www.lepalaishotel.eu\/cs\/"},{"@type":"ListItem","position":2,"name":"Pokoje"}]},{"@type":"WebSite","@id":"https:\/\/www.lepalaishotel.eu\/cs\/#website","url":"https:\/\/www.lepalaishotel.eu\/cs\/","name":"Le Palais Art Hotel Prague","description":"","publisher":{"@id":"https:\/\/www.lepalaishotel.eu\/cs\/#organization"},"potentialAction":[{"@type":"SearchAction","target":{"@type":"EntryPoint","urlTemplate":"https:\/\/www.lepalaishotel.eu\/cs\/?s={search_term_string}"},"query-input":"required name=search_term_string"}],"inLanguage":"cs"},{"@type":"Organization","@id":"https:\/\/www.lepalaishotel.eu\/cs\/#organization","name":"Le Palais Art Hotel Prague","url":"https:\/\/www.lepalaishotel.eu\/cs\/","logo":{"@type":"ImageObject","inLanguage":"cs","@id":"https:\/\/www.lepalaishotel.eu\/cs\/#\/schema\/logo\/image\/","url":"https:\/\/www.lepalaishotel.eu\/wp-content\/uploads\/sites\/218\/2025\/02\/le_palais_logo_gold.svg","contentUrl":"https:\/\/www.lepalaishotel.eu\/wp-content\/uploads\/sites\/218\/2025\/02\/le_palais_logo_gold.svg","width":434,"height":334,"caption":"Le Palais Art Hotel Prague"},"image":{"@id":"https:\/\/www.lepalaishotel.eu\/cs\/#\/schema\/logo\/image\/"},"sameAs":["https:\/\/www.facebook.com\/Le.Palais.Hotel.Prague","https:\/\/www.instagram.com\/lepalais_hotel_prague","https:\/\/twitter.com\/LePalais_Prague"]}]}},"acf":[],"_links":{"self":[{"href":"https:\/\/www.lepalaishotel.eu\/cs\/wp-json\/wp\/v2\/pages\/415"}],"collection":[{"href":"https:\/\/www.lepalaishotel.eu\/cs\/wp-json\/wp\/v2\/pages"}],"about":[{"href":"https:\/\/www.lepalaishotel.eu\/cs\/wp-json\/wp\/v2\/types\/page"}],"author":[{"embeddable":true,"href":"https:\/\/www.lepalaishotel.eu\/cs\/wp-json\/wp\/v2\/users\/26"}],"replies":[{"embeddable":true,"href":"https:\/\/www.lepalaishotel.eu\/cs\/wp-json\/wp\/v2\/comments?post=415"}],"version-history":[{"count":0,"href":"https:\/\/www.lepalaishotel.eu\/cs\/wp-json\/wp\/v2\/pages\/415\/revisions"}],"wp:attachment":[{"href":"https:\/\/www.lepalaishotel.eu\/cs\/wp-json\/wp\/v2\/media?parent=415"}],"curies":[{"name":"wp","href":"https:\/\/api.w.org\/{rel}","templated":true}]}}