{"id":412,"date":"2025-02-24T13:41:49","date_gmt":"2025-02-24T12:41:49","guid":{"rendered":"https:\/\/lepalaishotel.ms2.decms.eu\/?page_id=412"},"modified":"2025-03-19T10:44:34","modified_gmt":"2025-03-19T09:44:34","slug":"poloha","status":"publish","type":"page","link":"https:\/\/www.lepalaishotel.eu\/cs\/poloha\/","title":{"rendered":"Poloha"},"content":{"rendered":"<p>Le Palais Art Hotel Prague se nach\u00e1z\u00ed v luxusn\u00ed reziden\u010dn\u00ed \u010dtvrti Kr\u00e1lovsk\u00e9 Vinohrady, pouh\u00fdch 15 minut p\u011b\u0161ky od <strong>V\u00e1clavsk\u00e9ho n\u00e1m\u011bst\u00ed<\/strong> a <strong>N\u00e1rodn\u00edho muzea<\/strong>.<\/p>\n<p>Hotel je nejbl\u00ed\u017ee polo\u017een\u00fd luxusn\u00ed hotel u pra\u017esk\u00e9ho <strong>Kongresov\u00e9ho centra<\/strong> a nab\u00edz\u00ed v\u00fdborn\u00e9 dopravn\u00ed spojen\u00ed do nejpopul\u00e1rn\u011bj\u0161\u00edch turistick\u00fdch atrakc\u00ed, pam\u00e1tek a obchodn\u00edch z\u00f3n. Nespo\u010det kr\u00e1sn\u00fdch park\u016f, kav\u00e1ren a restaurac\u00ed najdete v bl\u00edzk\u00e9m okol\u00ed hotelu.<\/p>\n","protected":false},"excerpt":{"rendered":"<p>Le Palais Art Hotel Prague se nach\u00e1z\u00ed v luxusn\u00ed reziden\u010dn\u00ed \u010dtvrti Kr\u00e1lovsk\u00e9 Vinohrady, pouh\u00fdch 15 minut p\u011b\u0161ky od V\u00e1clavsk\u00e9ho n\u00e1m\u011bst\u00ed a N\u00e1rodn\u00edho muzea. Hotel je nejbl\u00ed\u017ee polo\u017een\u00fd luxusn\u00ed hotel u pra\u017esk\u00e9ho Kongresov\u00e9ho centra a nab\u00edz\u00ed v\u00fdborn\u00e9 dopravn\u00ed spojen\u00ed do nejpopul\u00e1rn\u011bj\u0161\u00edch turistick\u00fdch atrakc\u00ed, pam\u00e1tek a obchodn\u00edch z\u00f3n. Nespo\u010det kr\u00e1sn\u00fdch park\u016f, kav\u00e1ren a restaurac\u00ed najdete v bl\u00edzk\u00e9m [&hellip;]<\/p>\n","protected":false},"author":26,"featured_media":0,"parent":0,"menu_order":100,"comment_status":"closed","ping_status":"closed","template":"template-location.php","meta":{"footnotes":""},"yoast_head":"<!-- This site is optimized with the Yoast SEO plugin v22.3 - https:\/\/yoast.com\/wordpress\/plugins\/seo\/ -->\n<title>Poloha - Le Palais Art Hotel Prague -<\/title>\n<meta name=\"description\" content=\"Le Palais Art Hotel Prague se nach\u00e1z\u00ed v luxusn\u00ed reziden\u010dn\u00ed \u010dtvrti Kr\u00e1lovsk\u00e9 Vinohrady, pouh\u00fdch 15 minut p\u011b\u0161ky od V\u00e1clavsk\u00e9ho n\u00e1m\u011bst\u00ed a N\u00e1rodn\u00edho muzea.  Hotel je nejbl\u00ed\u017ee polo\u017een\u00fd luxusn\u00ed hotel u pra\u017esk\u00e9ho Kongresov\u00e9ho centra a nab\u00edz\u00ed v\u00fdborn\u00e9 dopravn\u00ed spojen\u00ed do nejpopul\u00e1rn\u011bj\u0161\u00edch turistick\u00fdch atrakc\u00ed, pam\u00e1tek a obchodn\u00edch z\u00f3n. Nespo\u010det kr\u00e1sn\u00fdch park\u016f, kav\u00e1ren a restaurac\u00ed najdete v bl\u00edzk\u00e9m okol\u00ed hotelu.\" \/>\n<meta name=\"robots\" content=\"index, follow, max-snippet:-1, max-image-preview:large, max-video-preview:-1\" \/>\n<link rel=\"canonical\" href=\"https:\/\/www.lepalaishotel.eu\/cs\/poloha\/\" \/>\n<meta property=\"og:locale\" content=\"cs_CZ\" \/>\n<meta property=\"og:type\" content=\"article\" \/>\n<meta property=\"og:title\" content=\"Poloha - Le Palais Art Hotel Prague -\" \/>\n<meta property=\"og:description\" content=\"Le Palais Art Hotel Prague se nach\u00e1z\u00ed v luxusn\u00ed reziden\u010dn\u00ed \u010dtvrti Kr\u00e1lovsk\u00e9 Vinohrady, pouh\u00fdch 15 minut p\u011b\u0161ky od V\u00e1clavsk\u00e9ho n\u00e1m\u011bst\u00ed a N\u00e1rodn\u00edho muzea.  Hotel je nejbl\u00ed\u017ee polo\u017een\u00fd luxusn\u00ed hotel u pra\u017esk\u00e9ho Kongresov\u00e9ho centra a nab\u00edz\u00ed v\u00fdborn\u00e9 dopravn\u00ed spojen\u00ed do nejpopul\u00e1rn\u011bj\u0161\u00edch turistick\u00fdch atrakc\u00ed, pam\u00e1tek a obchodn\u00edch z\u00f3n. Nespo\u010det kr\u00e1sn\u00fdch park\u016f, kav\u00e1ren a restaurac\u00ed najdete v bl\u00edzk\u00e9m okol\u00ed hotelu.\" \/>\n<meta property=\"og:url\" content=\"https:\/\/www.lepalaishotel.eu\/cs\/poloha\/\" \/>\n<meta property=\"og:site_name\" content=\"Le Palais Art Hotel Prague\" \/>\n<meta property=\"article:publisher\" content=\"https:\/\/www.facebook.com\/Le.Palais.Hotel.Prague\" \/>\n<meta property=\"article:modified_time\" content=\"2025-03-19T09:44:34+00:00\" \/>\n<meta name=\"twitter:card\" content=\"summary_large_image\" \/>\n<meta name=\"twitter:label1\" content=\"Odhadovan\u00e1 doba \u010dten\u00ed\" \/>\n\t<meta name=\"twitter:data1\" content=\"1 minuta\" \/>\n<script type=\"application\/ld+json\" class=\"yoast-schema-graph\">{\"@context\":\"https:\/\/schema.org\",\"@graph\":[{\"@type\":\"WebPage\",\"@id\":\"https:\/\/www.lepalaishotel.eu\/cs\/poloha\/\",\"url\":\"https:\/\/www.lepalaishotel.eu\/cs\/poloha\/\",\"name\":\"Poloha - Le Palais Art Hotel Prague -\",\"isPartOf\":{\"@id\":\"https:\/\/www.lepalaishotel.eu\/cs\/#website\"},\"datePublished\":\"2025-02-24T12:41:49+00:00\",\"dateModified\":\"2025-03-19T09:44:34+00:00\",\"description\":\"Le Palais Art Hotel Prague se nach\u00e1z\u00ed v luxusn\u00ed reziden\u010dn\u00ed \u010dtvrti Kr\u00e1lovsk\u00e9 Vinohrady, pouh\u00fdch 15 minut p\u011b\u0161ky od V\u00e1clavsk\u00e9ho n\u00e1m\u011bst\u00ed a N\u00e1rodn\u00edho muzea. Hotel je nejbl\u00ed\u017ee polo\u017een\u00fd luxusn\u00ed hotel u pra\u017esk\u00e9ho Kongresov\u00e9ho centra a nab\u00edz\u00ed v\u00fdborn\u00e9 dopravn\u00ed spojen\u00ed do nejpopul\u00e1rn\u011bj\u0161\u00edch turistick\u00fdch atrakc\u00ed, pam\u00e1tek a obchodn\u00edch z\u00f3n. Nespo\u010det kr\u00e1sn\u00fdch park\u016f, kav\u00e1ren a restaurac\u00ed najdete v bl\u00edzk\u00e9m okol\u00ed hotelu.\",\"breadcrumb\":{\"@id\":\"https:\/\/www.lepalaishotel.eu\/cs\/poloha\/#breadcrumb\"},\"inLanguage\":\"cs\",\"potentialAction\":[{\"@type\":\"ReadAction\",\"target\":[\"https:\/\/www.lepalaishotel.eu\/cs\/poloha\/\"]}]},{\"@type\":\"BreadcrumbList\",\"@id\":\"https:\/\/www.lepalaishotel.eu\/cs\/poloha\/#breadcrumb\",\"itemListElement\":[{\"@type\":\"ListItem\",\"position\":1,\"name\":\"Home\",\"item\":\"https:\/\/www.lepalaishotel.eu\/cs\/\"},{\"@type\":\"ListItem\",\"position\":2,\"name\":\"Poloha\"}]},{\"@type\":\"WebSite\",\"@id\":\"https:\/\/www.lepalaishotel.eu\/cs\/#website\",\"url\":\"https:\/\/www.lepalaishotel.eu\/cs\/\",\"name\":\"Le Palais Art Hotel Prague\",\"description\":\"\",\"publisher\":{\"@id\":\"https:\/\/www.lepalaishotel.eu\/cs\/#organization\"},\"potentialAction\":[{\"@type\":\"SearchAction\",\"target\":{\"@type\":\"EntryPoint\",\"urlTemplate\":\"https:\/\/www.lepalaishotel.eu\/cs\/?s={search_term_string}\"},\"query-input\":\"required name=search_term_string\"}],\"inLanguage\":\"cs\"},{\"@type\":\"Organization\",\"@id\":\"https:\/\/www.lepalaishotel.eu\/cs\/#organization\",\"name\":\"Le Palais Art Hotel Prague\",\"url\":\"https:\/\/www.lepalaishotel.eu\/cs\/\",\"logo\":{\"@type\":\"ImageObject\",\"inLanguage\":\"cs\",\"@id\":\"https:\/\/www.lepalaishotel.eu\/cs\/#\/schema\/logo\/image\/\",\"url\":\"https:\/\/www.lepalaishotel.eu\/wp-content\/uploads\/sites\/218\/2025\/02\/le_palais_logo_gold.svg\",\"contentUrl\":\"https:\/\/www.lepalaishotel.eu\/wp-content\/uploads\/sites\/218\/2025\/02\/le_palais_logo_gold.svg\",\"width\":434,\"height\":334,\"caption\":\"Le Palais Art Hotel Prague\"},\"image\":{\"@id\":\"https:\/\/www.lepalaishotel.eu\/cs\/#\/schema\/logo\/image\/\"},\"sameAs\":[\"https:\/\/www.facebook.com\/Le.Palais.Hotel.Prague\",\"https:\/\/www.instagram.com\/lepalais_hotel_prague\",\"https:\/\/twitter.com\/LePalais_Prague\"]}]}<\/script>\n<!-- \/ Yoast SEO plugin. -->","yoast_head_json":{"title":"Poloha - Le Palais Art Hotel Prague -","description":"Le Palais Art Hotel Prague se nach\u00e1z\u00ed v luxusn\u00ed reziden\u010dn\u00ed \u010dtvrti Kr\u00e1lovsk\u00e9 Vinohrady, pouh\u00fdch 15 minut p\u011b\u0161ky od V\u00e1clavsk\u00e9ho n\u00e1m\u011bst\u00ed a N\u00e1rodn\u00edho muzea.  Hotel je nejbl\u00ed\u017ee polo\u017een\u00fd luxusn\u00ed hotel u pra\u017esk\u00e9ho Kongresov\u00e9ho centra a nab\u00edz\u00ed v\u00fdborn\u00e9 dopravn\u00ed spojen\u00ed do nejpopul\u00e1rn\u011bj\u0161\u00edch turistick\u00fdch atrakc\u00ed, pam\u00e1tek a obchodn\u00edch z\u00f3n. Nespo\u010det kr\u00e1sn\u00fdch park\u016f, kav\u00e1ren a restaurac\u00ed najdete v bl\u00edzk\u00e9m okol\u00ed hotelu.","robots":{"index":"index","follow":"follow","max-snippet":"max-snippet:-1","max-image-preview":"max-image-preview:large","max-video-preview":"max-video-preview:-1"},"canonical":"https:\/\/www.lepalaishotel.eu\/cs\/poloha\/","og_locale":"cs_CZ","og_type":"article","og_title":"Poloha - Le Palais Art Hotel Prague -","og_description":"Le Palais Art Hotel Prague se nach\u00e1z\u00ed v luxusn\u00ed reziden\u010dn\u00ed \u010dtvrti Kr\u00e1lovsk\u00e9 Vinohrady, pouh\u00fdch 15 minut p\u011b\u0161ky od V\u00e1clavsk\u00e9ho n\u00e1m\u011bst\u00ed a N\u00e1rodn\u00edho muzea.  Hotel je nejbl\u00ed\u017ee polo\u017een\u00fd luxusn\u00ed hotel u pra\u017esk\u00e9ho Kongresov\u00e9ho centra a nab\u00edz\u00ed v\u00fdborn\u00e9 dopravn\u00ed spojen\u00ed do nejpopul\u00e1rn\u011bj\u0161\u00edch turistick\u00fdch atrakc\u00ed, pam\u00e1tek a obchodn\u00edch z\u00f3n. Nespo\u010det kr\u00e1sn\u00fdch park\u016f, kav\u00e1ren a restaurac\u00ed najdete v bl\u00edzk\u00e9m okol\u00ed hotelu.","og_url":"https:\/\/www.lepalaishotel.eu\/cs\/poloha\/","og_site_name":"Le Palais Art Hotel Prague","article_publisher":"https:\/\/www.facebook.com\/Le.Palais.Hotel.Prague","article_modified_time":"2025-03-19T09:44:34+00:00","twitter_card":"summary_large_image","twitter_misc":{"Odhadovan\u00e1 doba \u010dten\u00ed":"1 minuta"},"schema":{"@context":"https:\/\/schema.org","@graph":[{"@type":"WebPage","@id":"https:\/\/www.lepalaishotel.eu\/cs\/poloha\/","url":"https:\/\/www.lepalaishotel.eu\/cs\/poloha\/","name":"Poloha - Le Palais Art Hotel Prague -","isPartOf":{"@id":"https:\/\/www.lepalaishotel.eu\/cs\/#website"},"datePublished":"2025-02-24T12:41:49+00:00","dateModified":"2025-03-19T09:44:34+00:00","description":"Le Palais Art Hotel Prague se nach\u00e1z\u00ed v luxusn\u00ed reziden\u010dn\u00ed \u010dtvrti Kr\u00e1lovsk\u00e9 Vinohrady, pouh\u00fdch 15 minut p\u011b\u0161ky od V\u00e1clavsk\u00e9ho n\u00e1m\u011bst\u00ed a N\u00e1rodn\u00edho muzea. Hotel je nejbl\u00ed\u017ee polo\u017een\u00fd luxusn\u00ed hotel u pra\u017esk\u00e9ho Kongresov\u00e9ho centra a nab\u00edz\u00ed v\u00fdborn\u00e9 dopravn\u00ed spojen\u00ed do nejpopul\u00e1rn\u011bj\u0161\u00edch turistick\u00fdch atrakc\u00ed, pam\u00e1tek a obchodn\u00edch z\u00f3n. Nespo\u010det kr\u00e1sn\u00fdch park\u016f, kav\u00e1ren a restaurac\u00ed najdete v bl\u00edzk\u00e9m okol\u00ed hotelu.","breadcrumb":{"@id":"https:\/\/www.lepalaishotel.eu\/cs\/poloha\/#breadcrumb"},"inLanguage":"cs","potentialAction":[{"@type":"ReadAction","target":["https:\/\/www.lepalaishotel.eu\/cs\/poloha\/"]}]},{"@type":"BreadcrumbList","@id":"https:\/\/www.lepalaishotel.eu\/cs\/poloha\/#breadcrumb","itemListElement":[{"@type":"ListItem","position":1,"name":"Home","item":"https:\/\/www.lepalaishotel.eu\/cs\/"},{"@type":"ListItem","position":2,"name":"Poloha"}]},{"@type":"WebSite","@id":"https:\/\/www.lepalaishotel.eu\/cs\/#website","url":"https:\/\/www.lepalaishotel.eu\/cs\/","name":"Le Palais Art Hotel Prague","description":"","publisher":{"@id":"https:\/\/www.lepalaishotel.eu\/cs\/#organization"},"potentialAction":[{"@type":"SearchAction","target":{"@type":"EntryPoint","urlTemplate":"https:\/\/www.lepalaishotel.eu\/cs\/?s={search_term_string}"},"query-input":"required name=search_term_string"}],"inLanguage":"cs"},{"@type":"Organization","@id":"https:\/\/www.lepalaishotel.eu\/cs\/#organization","name":"Le Palais Art Hotel Prague","url":"https:\/\/www.lepalaishotel.eu\/cs\/","logo":{"@type":"ImageObject","inLanguage":"cs","@id":"https:\/\/www.lepalaishotel.eu\/cs\/#\/schema\/logo\/image\/","url":"https:\/\/www.lepalaishotel.eu\/wp-content\/uploads\/sites\/218\/2025\/02\/le_palais_logo_gold.svg","contentUrl":"https:\/\/www.lepalaishotel.eu\/wp-content\/uploads\/sites\/218\/2025\/02\/le_palais_logo_gold.svg","width":434,"height":334,"caption":"Le Palais Art Hotel Prague"},"image":{"@id":"https:\/\/www.lepalaishotel.eu\/cs\/#\/schema\/logo\/image\/"},"sameAs":["https:\/\/www.facebook.com\/Le.Palais.Hotel.Prague","https:\/\/www.instagram.com\/lepalais_hotel_prague","https:\/\/twitter.com\/LePalais_Prague"]}]}},"acf":[],"_links":{"self":[{"href":"https:\/\/www.lepalaishotel.eu\/cs\/wp-json\/wp\/v2\/pages\/412"}],"collection":[{"href":"https:\/\/www.lepalaishotel.eu\/cs\/wp-json\/wp\/v2\/pages"}],"about":[{"href":"https:\/\/www.lepalaishotel.eu\/cs\/wp-json\/wp\/v2\/types\/page"}],"author":[{"embeddable":true,"href":"https:\/\/www.lepalaishotel.eu\/cs\/wp-json\/wp\/v2\/users\/26"}],"replies":[{"embeddable":true,"href":"https:\/\/www.lepalaishotel.eu\/cs\/wp-json\/wp\/v2\/comments?post=412"}],"version-history":[{"count":0,"href":"https:\/\/www.lepalaishotel.eu\/cs\/wp-json\/wp\/v2\/pages\/412\/revisions"}],"wp:attachment":[{"href":"https:\/\/www.lepalaishotel.eu\/cs\/wp-json\/wp\/v2\/media?parent=412"}],"curies":[{"name":"wp","href":"https:\/\/api.w.org\/{rel}","templated":true}]}}