{"id":399,"date":"2025-02-24T13:52:00","date_gmt":"2025-02-24T12:52:00","guid":{"rendered":"https:\/\/lepalaishotel.ms2.decms.eu\/?page_id=399"},"modified":"2025-03-19T10:11:29","modified_gmt":"2025-03-19T09:11:29","slug":"art","status":"publish","type":"page","link":"https:\/\/www.lepalaishotel.eu\/cs\/art\/","title":{"rendered":"Art"},"content":{"rendered":"<p>Jak ji\u017e napov\u00edd\u00e1 slovo ART v\u00a0n\u00e1zvu na\u0161eho hotelu, um\u011bn\u00ed je jeho ned\u00edlnou sou\u010d\u00e1st\u00ed. Ve ve\u0159ejn\u00fdch prostor\u00e1ch a vybran\u00fdch apartm\u00e1nech se m\u016f\u017eete obdivovat d\u00edl\u016fm od mnoh\u00fdch um\u011blc\u016f. Samotn\u00e1 stavba hotelu je s\u00a0ohledem na pam\u00e1tkov\u011b chr\u00e1n\u011bn\u00e9 p\u016fvodn\u00ed \u010d\u00e1sti interi\u00e9r\u016f z\u00a0konce 19. stolet\u00ed mal\u00fdm muzeem.<\/p>\n<p>Hlavn\u00ed pil\u00ed\u0159em cel\u00e9ho um\u011bleck\u00e9ho konceptu Le Palais Art Hotel Prague, je <strong>Lud\u011bk Marold<\/strong>. Nepr\u00e1vem pozapomenut\u00fd \u010desk\u00fd mal\u00ed\u0159 a ilustr\u00e1tor sv\u011btov\u00e9ho v\u00fdznamu, kter\u00fd dos\u00e1hl sv\u00e9ho \u00fasp\u011bchu v\u00a0metropol\u00edch, jako je Pa\u0159\u00ed\u017e a Mnichov, a to je\u0161t\u011b p\u0159ed dovr\u0161en\u00edm v\u011bku 30 let.<\/p>\n","protected":false},"excerpt":{"rendered":"<p>Jak ji\u017e napov\u00edd\u00e1 slovo ART v\u00a0n\u00e1zvu na\u0161eho hotelu, um\u011bn\u00ed je jeho ned\u00edlnou sou\u010d\u00e1st\u00ed. Ve ve\u0159ejn\u00fdch prostor\u00e1ch a vybran\u00fdch apartm\u00e1nech se m\u016f\u017eete obdivovat d\u00edl\u016fm od mnoh\u00fdch um\u011blc\u016f. Samotn\u00e1 stavba hotelu je s\u00a0ohledem na pam\u00e1tkov\u011b chr\u00e1n\u011bn\u00e9 p\u016fvodn\u00ed \u010d\u00e1sti interi\u00e9r\u016f z\u00a0konce 19. stolet\u00ed mal\u00fdm muzeem. Hlavn\u00ed pil\u00ed\u0159em cel\u00e9ho um\u011bleck\u00e9ho konceptu Le Palais Art Hotel Prague, je Lud\u011bk Marold. [&hellip;]<\/p>\n","protected":false},"author":26,"featured_media":0,"parent":0,"menu_order":90,"comment_status":"closed","ping_status":"closed","template":"template-default-4.php","meta":{"footnotes":""},"yoast_head":"<!-- This site is optimized with the Yoast SEO plugin v22.3 - https:\/\/yoast.com\/wordpress\/plugins\/seo\/ -->\n<title>Art - Le Palais Art Hotel Prague -<\/title>\n<meta name=\"description\" content=\"Jak ji\u017e napov\u00edd\u00e1 slovo ART v\u00a0n\u00e1zvu na\u0161eho hotelu, um\u011bn\u00ed je jeho ned\u00edlnou sou\u010d\u00e1st\u00ed. Ve ve\u0159ejn\u00fdch prostor\u00e1ch a vybran\u00fdch apartm\u00e1nech se m\u016f\u017eete obdivovat d\u00edl\u016fm od mnoh\u00fdch um\u011blc\u016f\" \/>\n<meta name=\"robots\" content=\"index, follow, max-snippet:-1, max-image-preview:large, max-video-preview:-1\" \/>\n<link rel=\"canonical\" href=\"https:\/\/www.lepalaishotel.eu\/cs\/art\/\" \/>\n<meta property=\"og:locale\" content=\"cs_CZ\" \/>\n<meta property=\"og:type\" content=\"article\" \/>\n<meta property=\"og:title\" content=\"Art - Le Palais Art Hotel Prague -\" \/>\n<meta property=\"og:description\" content=\"Jak ji\u017e napov\u00edd\u00e1 slovo ART v\u00a0n\u00e1zvu na\u0161eho hotelu, um\u011bn\u00ed je jeho ned\u00edlnou sou\u010d\u00e1st\u00ed. Ve ve\u0159ejn\u00fdch prostor\u00e1ch a vybran\u00fdch apartm\u00e1nech se m\u016f\u017eete obdivovat d\u00edl\u016fm od mnoh\u00fdch um\u011blc\u016f\" \/>\n<meta property=\"og:url\" content=\"https:\/\/www.lepalaishotel.eu\/cs\/art\/\" \/>\n<meta property=\"og:site_name\" content=\"Le Palais Art Hotel Prague\" \/>\n<meta property=\"article:publisher\" content=\"https:\/\/www.facebook.com\/Le.Palais.Hotel.Prague\" \/>\n<meta property=\"article:modified_time\" content=\"2025-03-19T09:11:29+00:00\" \/>\n<meta name=\"twitter:card\" content=\"summary_large_image\" \/>\n<meta name=\"twitter:label1\" content=\"Odhadovan\u00e1 doba \u010dten\u00ed\" \/>\n\t<meta name=\"twitter:data1\" content=\"1 minuta\" \/>\n<script type=\"application\/ld+json\" class=\"yoast-schema-graph\">{\"@context\":\"https:\/\/schema.org\",\"@graph\":[{\"@type\":\"WebPage\",\"@id\":\"https:\/\/www.lepalaishotel.eu\/cs\/art\/\",\"url\":\"https:\/\/www.lepalaishotel.eu\/cs\/art\/\",\"name\":\"Art - Le Palais Art Hotel Prague -\",\"isPartOf\":{\"@id\":\"https:\/\/www.lepalaishotel.eu\/cs\/#website\"},\"datePublished\":\"2025-02-24T12:52:00+00:00\",\"dateModified\":\"2025-03-19T09:11:29+00:00\",\"description\":\"Jak ji\u017e napov\u00edd\u00e1 slovo ART v\u00a0n\u00e1zvu na\u0161eho hotelu, um\u011bn\u00ed je jeho ned\u00edlnou sou\u010d\u00e1st\u00ed. Ve ve\u0159ejn\u00fdch prostor\u00e1ch a vybran\u00fdch apartm\u00e1nech se m\u016f\u017eete obdivovat d\u00edl\u016fm od mnoh\u00fdch um\u011blc\u016f\",\"breadcrumb\":{\"@id\":\"https:\/\/www.lepalaishotel.eu\/cs\/art\/#breadcrumb\"},\"inLanguage\":\"cs\",\"potentialAction\":[{\"@type\":\"ReadAction\",\"target\":[\"https:\/\/www.lepalaishotel.eu\/cs\/art\/\"]}]},{\"@type\":\"BreadcrumbList\",\"@id\":\"https:\/\/www.lepalaishotel.eu\/cs\/art\/#breadcrumb\",\"itemListElement\":[{\"@type\":\"ListItem\",\"position\":1,\"name\":\"Home\",\"item\":\"https:\/\/www.lepalaishotel.eu\/cs\/\"},{\"@type\":\"ListItem\",\"position\":2,\"name\":\"Art\"}]},{\"@type\":\"WebSite\",\"@id\":\"https:\/\/www.lepalaishotel.eu\/cs\/#website\",\"url\":\"https:\/\/www.lepalaishotel.eu\/cs\/\",\"name\":\"Le Palais Art Hotel Prague\",\"description\":\"\",\"publisher\":{\"@id\":\"https:\/\/www.lepalaishotel.eu\/cs\/#organization\"},\"potentialAction\":[{\"@type\":\"SearchAction\",\"target\":{\"@type\":\"EntryPoint\",\"urlTemplate\":\"https:\/\/www.lepalaishotel.eu\/cs\/?s={search_term_string}\"},\"query-input\":\"required name=search_term_string\"}],\"inLanguage\":\"cs\"},{\"@type\":\"Organization\",\"@id\":\"https:\/\/www.lepalaishotel.eu\/cs\/#organization\",\"name\":\"Le Palais Art Hotel Prague\",\"url\":\"https:\/\/www.lepalaishotel.eu\/cs\/\",\"logo\":{\"@type\":\"ImageObject\",\"inLanguage\":\"cs\",\"@id\":\"https:\/\/www.lepalaishotel.eu\/cs\/#\/schema\/logo\/image\/\",\"url\":\"https:\/\/www.lepalaishotel.eu\/wp-content\/uploads\/sites\/218\/2025\/02\/le_palais_logo_gold.svg\",\"contentUrl\":\"https:\/\/www.lepalaishotel.eu\/wp-content\/uploads\/sites\/218\/2025\/02\/le_palais_logo_gold.svg\",\"width\":434,\"height\":334,\"caption\":\"Le Palais Art Hotel Prague\"},\"image\":{\"@id\":\"https:\/\/www.lepalaishotel.eu\/cs\/#\/schema\/logo\/image\/\"},\"sameAs\":[\"https:\/\/www.facebook.com\/Le.Palais.Hotel.Prague\",\"https:\/\/www.instagram.com\/lepalais_hotel_prague\",\"https:\/\/twitter.com\/LePalais_Prague\"]}]}<\/script>\n<!-- \/ Yoast SEO plugin. -->","yoast_head_json":{"title":"Art - Le Palais Art Hotel Prague -","description":"Jak ji\u017e napov\u00edd\u00e1 slovo ART v\u00a0n\u00e1zvu na\u0161eho hotelu, um\u011bn\u00ed je jeho ned\u00edlnou sou\u010d\u00e1st\u00ed. Ve ve\u0159ejn\u00fdch prostor\u00e1ch a vybran\u00fdch apartm\u00e1nech se m\u016f\u017eete obdivovat d\u00edl\u016fm od mnoh\u00fdch um\u011blc\u016f","robots":{"index":"index","follow":"follow","max-snippet":"max-snippet:-1","max-image-preview":"max-image-preview:large","max-video-preview":"max-video-preview:-1"},"canonical":"https:\/\/www.lepalaishotel.eu\/cs\/art\/","og_locale":"cs_CZ","og_type":"article","og_title":"Art - Le Palais Art Hotel Prague -","og_description":"Jak ji\u017e napov\u00edd\u00e1 slovo ART v\u00a0n\u00e1zvu na\u0161eho hotelu, um\u011bn\u00ed je jeho ned\u00edlnou sou\u010d\u00e1st\u00ed. Ve ve\u0159ejn\u00fdch prostor\u00e1ch a vybran\u00fdch apartm\u00e1nech se m\u016f\u017eete obdivovat d\u00edl\u016fm od mnoh\u00fdch um\u011blc\u016f","og_url":"https:\/\/www.lepalaishotel.eu\/cs\/art\/","og_site_name":"Le Palais Art Hotel Prague","article_publisher":"https:\/\/www.facebook.com\/Le.Palais.Hotel.Prague","article_modified_time":"2025-03-19T09:11:29+00:00","twitter_card":"summary_large_image","twitter_misc":{"Odhadovan\u00e1 doba \u010dten\u00ed":"1 minuta"},"schema":{"@context":"https:\/\/schema.org","@graph":[{"@type":"WebPage","@id":"https:\/\/www.lepalaishotel.eu\/cs\/art\/","url":"https:\/\/www.lepalaishotel.eu\/cs\/art\/","name":"Art - Le Palais Art Hotel Prague -","isPartOf":{"@id":"https:\/\/www.lepalaishotel.eu\/cs\/#website"},"datePublished":"2025-02-24T12:52:00+00:00","dateModified":"2025-03-19T09:11:29+00:00","description":"Jak ji\u017e napov\u00edd\u00e1 slovo ART v\u00a0n\u00e1zvu na\u0161eho hotelu, um\u011bn\u00ed je jeho ned\u00edlnou sou\u010d\u00e1st\u00ed. Ve ve\u0159ejn\u00fdch prostor\u00e1ch a vybran\u00fdch apartm\u00e1nech se m\u016f\u017eete obdivovat d\u00edl\u016fm od mnoh\u00fdch um\u011blc\u016f","breadcrumb":{"@id":"https:\/\/www.lepalaishotel.eu\/cs\/art\/#breadcrumb"},"inLanguage":"cs","potentialAction":[{"@type":"ReadAction","target":["https:\/\/www.lepalaishotel.eu\/cs\/art\/"]}]},{"@type":"BreadcrumbList","@id":"https:\/\/www.lepalaishotel.eu\/cs\/art\/#breadcrumb","itemListElement":[{"@type":"ListItem","position":1,"name":"Home","item":"https:\/\/www.lepalaishotel.eu\/cs\/"},{"@type":"ListItem","position":2,"name":"Art"}]},{"@type":"WebSite","@id":"https:\/\/www.lepalaishotel.eu\/cs\/#website","url":"https:\/\/www.lepalaishotel.eu\/cs\/","name":"Le Palais Art Hotel Prague","description":"","publisher":{"@id":"https:\/\/www.lepalaishotel.eu\/cs\/#organization"},"potentialAction":[{"@type":"SearchAction","target":{"@type":"EntryPoint","urlTemplate":"https:\/\/www.lepalaishotel.eu\/cs\/?s={search_term_string}"},"query-input":"required name=search_term_string"}],"inLanguage":"cs"},{"@type":"Organization","@id":"https:\/\/www.lepalaishotel.eu\/cs\/#organization","name":"Le Palais Art Hotel Prague","url":"https:\/\/www.lepalaishotel.eu\/cs\/","logo":{"@type":"ImageObject","inLanguage":"cs","@id":"https:\/\/www.lepalaishotel.eu\/cs\/#\/schema\/logo\/image\/","url":"https:\/\/www.lepalaishotel.eu\/wp-content\/uploads\/sites\/218\/2025\/02\/le_palais_logo_gold.svg","contentUrl":"https:\/\/www.lepalaishotel.eu\/wp-content\/uploads\/sites\/218\/2025\/02\/le_palais_logo_gold.svg","width":434,"height":334,"caption":"Le Palais Art Hotel Prague"},"image":{"@id":"https:\/\/www.lepalaishotel.eu\/cs\/#\/schema\/logo\/image\/"},"sameAs":["https:\/\/www.facebook.com\/Le.Palais.Hotel.Prague","https:\/\/www.instagram.com\/lepalais_hotel_prague","https:\/\/twitter.com\/LePalais_Prague"]}]}},"acf":[],"_links":{"self":[{"href":"https:\/\/www.lepalaishotel.eu\/cs\/wp-json\/wp\/v2\/pages\/399"}],"collection":[{"href":"https:\/\/www.lepalaishotel.eu\/cs\/wp-json\/wp\/v2\/pages"}],"about":[{"href":"https:\/\/www.lepalaishotel.eu\/cs\/wp-json\/wp\/v2\/types\/page"}],"author":[{"embeddable":true,"href":"https:\/\/www.lepalaishotel.eu\/cs\/wp-json\/wp\/v2\/users\/26"}],"replies":[{"embeddable":true,"href":"https:\/\/www.lepalaishotel.eu\/cs\/wp-json\/wp\/v2\/comments?post=399"}],"version-history":[{"count":0,"href":"https:\/\/www.lepalaishotel.eu\/cs\/wp-json\/wp\/v2\/pages\/399\/revisions"}],"wp:attachment":[{"href":"https:\/\/www.lepalaishotel.eu\/cs\/wp-json\/wp\/v2\/media?parent=399"}],"curies":[{"name":"wp","href":"https:\/\/api.w.org\/{rel}","templated":true}]}}