{"id":390,"date":"2025-02-27T18:29:06","date_gmt":"2025-02-27T17:29:06","guid":{"rendered":"https:\/\/lepalaishotel.ms2.decms.eu\/?page_id=390"},"modified":"2025-03-18T18:45:48","modified_gmt":"2025-03-18T17:45:48","slug":"firemni-oslavy","status":"publish","type":"page","link":"https:\/\/www.lepalaishotel.eu\/cs\/akce-a-konference\/firemni-akce-a-jednani\/firemni-oslavy\/","title":{"rendered":"Firemn\u00ed oslavy"},"content":{"rendered":"<p>Pro klienty, kte\u0159\u00ed cht\u011bj\u00ed pozvat na ve\u010d\u00edrek a\u017e 150 osob, jsou p\u0159ipraven\u00e9 prostory na\u0161\u00ed restaurace Artista \u2013 roz\u0161\u00ed\u0159en\u00e9 o p\u0159ilehl\u00e9 salonky. V p\u0159\u00edpad\u011b po\u0159\u00e1d\u00e1n\u00ed slavnostn\u00ed galave\u010de\u0159e si zde v pohodl\u00ed u\u017eije cel\u00fd ve\u010der a\u017e 50 host\u016f.<\/p>\n","protected":false},"excerpt":{"rendered":"<p>Pro klienty, kte\u0159\u00ed cht\u011bj\u00ed pozvat na ve\u010d\u00edrek a\u017e 150 osob, jsou p\u0159ipraven\u00e9 prostory na\u0161\u00ed restaurace Artista \u2013 roz\u0161\u00ed\u0159en\u00e9 o p\u0159ilehl\u00e9 salonky. V p\u0159\u00edpad\u011b po\u0159\u00e1d\u00e1n\u00ed slavnostn\u00ed galave\u010de\u0159e si zde v pohodl\u00ed u\u017eije cel\u00fd ve\u010der a\u017e 50 host\u016f.<\/p>\n","protected":false},"author":26,"featured_media":0,"parent":374,"menu_order":20,"comment_status":"closed","ping_status":"closed","template":"template-default-3.php","meta":{"footnotes":""},"yoast_head":"<!-- This site is optimized with the Yoast SEO plugin v22.3 - https:\/\/yoast.com\/wordpress\/plugins\/seo\/ -->\n<title>Firemn\u00ed oslavy - Le Palais Art Hotel Prague -<\/title>\n<meta name=\"description\" content=\"Pro klienty, kte\u0159\u00ed cht\u011bj\u00ed pozvat na ve\u010d\u00edrek a\u017e 150 osob, jsou p\u0159ipraven\u00e9 prostory na\u0161\u00ed restaurace Artista \u2013 roz\u0161\u00ed\u0159en\u00e9 o p\u0159ilehl\u00e9 salonky. V p\u0159\u00edpad\u011b po\u0159\u00e1d\u00e1n\u00ed slavnostn\u00ed galave\u010de\u0159e si zde v pohodl\u00ed u\u017eije cel\u00fd ve\u010der a\u017e 50 host\u016f.\" \/>\n<meta name=\"robots\" content=\"index, follow, max-snippet:-1, max-image-preview:large, max-video-preview:-1\" \/>\n<link rel=\"canonical\" href=\"https:\/\/www.lepalaishotel.eu\/cs\/akce-a-konference\/firemni-akce-a-jednani\/firemni-oslavy\/\" \/>\n<meta property=\"og:locale\" content=\"cs_CZ\" \/>\n<meta property=\"og:type\" content=\"article\" \/>\n<meta property=\"og:title\" content=\"Firemn\u00ed oslavy - Le Palais Art Hotel Prague -\" \/>\n<meta property=\"og:description\" content=\"Pro klienty, kte\u0159\u00ed cht\u011bj\u00ed pozvat na ve\u010d\u00edrek a\u017e 150 osob, jsou p\u0159ipraven\u00e9 prostory na\u0161\u00ed restaurace Artista \u2013 roz\u0161\u00ed\u0159en\u00e9 o p\u0159ilehl\u00e9 salonky. V p\u0159\u00edpad\u011b po\u0159\u00e1d\u00e1n\u00ed slavnostn\u00ed galave\u010de\u0159e si zde v pohodl\u00ed u\u017eije cel\u00fd ve\u010der a\u017e 50 host\u016f.\" \/>\n<meta property=\"og:url\" content=\"https:\/\/www.lepalaishotel.eu\/cs\/akce-a-konference\/firemni-akce-a-jednani\/firemni-oslavy\/\" \/>\n<meta property=\"og:site_name\" content=\"Le Palais Art Hotel Prague\" \/>\n<meta property=\"article:publisher\" content=\"https:\/\/www.facebook.com\/Le.Palais.Hotel.Prague\" \/>\n<meta property=\"article:modified_time\" content=\"2025-03-18T17:45:48+00:00\" \/>\n<meta name=\"twitter:card\" content=\"summary_large_image\" \/>\n<meta name=\"twitter:label1\" content=\"Odhadovan\u00e1 doba \u010dten\u00ed\" \/>\n\t<meta name=\"twitter:data1\" content=\"1 minuta\" \/>\n<script type=\"application\/ld+json\" class=\"yoast-schema-graph\">{\"@context\":\"https:\/\/schema.org\",\"@graph\":[{\"@type\":\"WebPage\",\"@id\":\"https:\/\/www.lepalaishotel.eu\/cs\/akce-a-konference\/firemni-akce-a-jednani\/firemni-oslavy\/\",\"url\":\"https:\/\/www.lepalaishotel.eu\/cs\/akce-a-konference\/firemni-akce-a-jednani\/firemni-oslavy\/\",\"name\":\"Firemn\u00ed oslavy - Le Palais Art Hotel Prague -\",\"isPartOf\":{\"@id\":\"https:\/\/www.lepalaishotel.eu\/cs\/#website\"},\"datePublished\":\"2025-02-27T17:29:06+00:00\",\"dateModified\":\"2025-03-18T17:45:48+00:00\",\"description\":\"Pro klienty, kte\u0159\u00ed cht\u011bj\u00ed pozvat na ve\u010d\u00edrek a\u017e 150 osob, jsou p\u0159ipraven\u00e9 prostory na\u0161\u00ed restaurace Artista \u2013 roz\u0161\u00ed\u0159en\u00e9 o p\u0159ilehl\u00e9 salonky. V p\u0159\u00edpad\u011b po\u0159\u00e1d\u00e1n\u00ed slavnostn\u00ed galave\u010de\u0159e si zde v pohodl\u00ed u\u017eije cel\u00fd ve\u010der a\u017e 50 host\u016f.\",\"breadcrumb\":{\"@id\":\"https:\/\/www.lepalaishotel.eu\/cs\/akce-a-konference\/firemni-akce-a-jednani\/firemni-oslavy\/#breadcrumb\"},\"inLanguage\":\"cs\",\"potentialAction\":[{\"@type\":\"ReadAction\",\"target\":[\"https:\/\/www.lepalaishotel.eu\/cs\/akce-a-konference\/firemni-akce-a-jednani\/firemni-oslavy\/\"]}]},{\"@type\":\"BreadcrumbList\",\"@id\":\"https:\/\/www.lepalaishotel.eu\/cs\/akce-a-konference\/firemni-akce-a-jednani\/firemni-oslavy\/#breadcrumb\",\"itemListElement\":[{\"@type\":\"ListItem\",\"position\":1,\"name\":\"Home\",\"item\":\"https:\/\/www.lepalaishotel.eu\/cs\/\"},{\"@type\":\"ListItem\",\"position\":2,\"name\":\"Akce a Konference\",\"item\":\"https:\/\/www.lepalaishotel.eu\/cs\/akce-a-konference\/\"},{\"@type\":\"ListItem\",\"position\":3,\"name\":\"Firemn\u00ed akce a jedn\u00e1n\u00ed\",\"item\":\"https:\/\/www.lepalaishotel.eu\/cs\/akce-a-konference\/firemni-akce-a-jednani\/\"},{\"@type\":\"ListItem\",\"position\":4,\"name\":\"Firemn\u00ed oslavy\"}]},{\"@type\":\"WebSite\",\"@id\":\"https:\/\/www.lepalaishotel.eu\/cs\/#website\",\"url\":\"https:\/\/www.lepalaishotel.eu\/cs\/\",\"name\":\"Le Palais Art Hotel Prague\",\"description\":\"\",\"publisher\":{\"@id\":\"https:\/\/www.lepalaishotel.eu\/cs\/#organization\"},\"potentialAction\":[{\"@type\":\"SearchAction\",\"target\":{\"@type\":\"EntryPoint\",\"urlTemplate\":\"https:\/\/www.lepalaishotel.eu\/cs\/?s={search_term_string}\"},\"query-input\":\"required name=search_term_string\"}],\"inLanguage\":\"cs\"},{\"@type\":\"Organization\",\"@id\":\"https:\/\/www.lepalaishotel.eu\/cs\/#organization\",\"name\":\"Le Palais Art Hotel Prague\",\"url\":\"https:\/\/www.lepalaishotel.eu\/cs\/\",\"logo\":{\"@type\":\"ImageObject\",\"inLanguage\":\"cs\",\"@id\":\"https:\/\/www.lepalaishotel.eu\/cs\/#\/schema\/logo\/image\/\",\"url\":\"https:\/\/www.lepalaishotel.eu\/wp-content\/uploads\/sites\/218\/2025\/02\/le_palais_logo_gold.svg\",\"contentUrl\":\"https:\/\/www.lepalaishotel.eu\/wp-content\/uploads\/sites\/218\/2025\/02\/le_palais_logo_gold.svg\",\"width\":434,\"height\":334,\"caption\":\"Le Palais Art Hotel Prague\"},\"image\":{\"@id\":\"https:\/\/www.lepalaishotel.eu\/cs\/#\/schema\/logo\/image\/\"},\"sameAs\":[\"https:\/\/www.facebook.com\/Le.Palais.Hotel.Prague\",\"https:\/\/www.instagram.com\/lepalais_hotel_prague\",\"https:\/\/twitter.com\/LePalais_Prague\"]}]}<\/script>\n<!-- \/ Yoast SEO plugin. -->","yoast_head_json":{"title":"Firemn\u00ed oslavy - Le Palais Art Hotel Prague -","description":"Pro klienty, kte\u0159\u00ed cht\u011bj\u00ed pozvat na ve\u010d\u00edrek a\u017e 150 osob, jsou p\u0159ipraven\u00e9 prostory na\u0161\u00ed restaurace Artista \u2013 roz\u0161\u00ed\u0159en\u00e9 o p\u0159ilehl\u00e9 salonky. V p\u0159\u00edpad\u011b po\u0159\u00e1d\u00e1n\u00ed slavnostn\u00ed galave\u010de\u0159e si zde v pohodl\u00ed u\u017eije cel\u00fd ve\u010der a\u017e 50 host\u016f.","robots":{"index":"index","follow":"follow","max-snippet":"max-snippet:-1","max-image-preview":"max-image-preview:large","max-video-preview":"max-video-preview:-1"},"canonical":"https:\/\/www.lepalaishotel.eu\/cs\/akce-a-konference\/firemni-akce-a-jednani\/firemni-oslavy\/","og_locale":"cs_CZ","og_type":"article","og_title":"Firemn\u00ed oslavy - Le Palais Art Hotel Prague -","og_description":"Pro klienty, kte\u0159\u00ed cht\u011bj\u00ed pozvat na ve\u010d\u00edrek a\u017e 150 osob, jsou p\u0159ipraven\u00e9 prostory na\u0161\u00ed restaurace Artista \u2013 roz\u0161\u00ed\u0159en\u00e9 o p\u0159ilehl\u00e9 salonky. V p\u0159\u00edpad\u011b po\u0159\u00e1d\u00e1n\u00ed slavnostn\u00ed galave\u010de\u0159e si zde v pohodl\u00ed u\u017eije cel\u00fd ve\u010der a\u017e 50 host\u016f.","og_url":"https:\/\/www.lepalaishotel.eu\/cs\/akce-a-konference\/firemni-akce-a-jednani\/firemni-oslavy\/","og_site_name":"Le Palais Art Hotel Prague","article_publisher":"https:\/\/www.facebook.com\/Le.Palais.Hotel.Prague","article_modified_time":"2025-03-18T17:45:48+00:00","twitter_card":"summary_large_image","twitter_misc":{"Odhadovan\u00e1 doba \u010dten\u00ed":"1 minuta"},"schema":{"@context":"https:\/\/schema.org","@graph":[{"@type":"WebPage","@id":"https:\/\/www.lepalaishotel.eu\/cs\/akce-a-konference\/firemni-akce-a-jednani\/firemni-oslavy\/","url":"https:\/\/www.lepalaishotel.eu\/cs\/akce-a-konference\/firemni-akce-a-jednani\/firemni-oslavy\/","name":"Firemn\u00ed oslavy - Le Palais Art Hotel Prague -","isPartOf":{"@id":"https:\/\/www.lepalaishotel.eu\/cs\/#website"},"datePublished":"2025-02-27T17:29:06+00:00","dateModified":"2025-03-18T17:45:48+00:00","description":"Pro klienty, kte\u0159\u00ed cht\u011bj\u00ed pozvat na ve\u010d\u00edrek a\u017e 150 osob, jsou p\u0159ipraven\u00e9 prostory na\u0161\u00ed restaurace Artista \u2013 roz\u0161\u00ed\u0159en\u00e9 o p\u0159ilehl\u00e9 salonky. V p\u0159\u00edpad\u011b po\u0159\u00e1d\u00e1n\u00ed slavnostn\u00ed galave\u010de\u0159e si zde v pohodl\u00ed u\u017eije cel\u00fd ve\u010der a\u017e 50 host\u016f.","breadcrumb":{"@id":"https:\/\/www.lepalaishotel.eu\/cs\/akce-a-konference\/firemni-akce-a-jednani\/firemni-oslavy\/#breadcrumb"},"inLanguage":"cs","potentialAction":[{"@type":"ReadAction","target":["https:\/\/www.lepalaishotel.eu\/cs\/akce-a-konference\/firemni-akce-a-jednani\/firemni-oslavy\/"]}]},{"@type":"BreadcrumbList","@id":"https:\/\/www.lepalaishotel.eu\/cs\/akce-a-konference\/firemni-akce-a-jednani\/firemni-oslavy\/#breadcrumb","itemListElement":[{"@type":"ListItem","position":1,"name":"Home","item":"https:\/\/www.lepalaishotel.eu\/cs\/"},{"@type":"ListItem","position":2,"name":"Akce a Konference","item":"https:\/\/www.lepalaishotel.eu\/cs\/akce-a-konference\/"},{"@type":"ListItem","position":3,"name":"Firemn\u00ed akce a jedn\u00e1n\u00ed","item":"https:\/\/www.lepalaishotel.eu\/cs\/akce-a-konference\/firemni-akce-a-jednani\/"},{"@type":"ListItem","position":4,"name":"Firemn\u00ed oslavy"}]},{"@type":"WebSite","@id":"https:\/\/www.lepalaishotel.eu\/cs\/#website","url":"https:\/\/www.lepalaishotel.eu\/cs\/","name":"Le Palais Art Hotel Prague","description":"","publisher":{"@id":"https:\/\/www.lepalaishotel.eu\/cs\/#organization"},"potentialAction":[{"@type":"SearchAction","target":{"@type":"EntryPoint","urlTemplate":"https:\/\/www.lepalaishotel.eu\/cs\/?s={search_term_string}"},"query-input":"required name=search_term_string"}],"inLanguage":"cs"},{"@type":"Organization","@id":"https:\/\/www.lepalaishotel.eu\/cs\/#organization","name":"Le Palais Art Hotel Prague","url":"https:\/\/www.lepalaishotel.eu\/cs\/","logo":{"@type":"ImageObject","inLanguage":"cs","@id":"https:\/\/www.lepalaishotel.eu\/cs\/#\/schema\/logo\/image\/","url":"https:\/\/www.lepalaishotel.eu\/wp-content\/uploads\/sites\/218\/2025\/02\/le_palais_logo_gold.svg","contentUrl":"https:\/\/www.lepalaishotel.eu\/wp-content\/uploads\/sites\/218\/2025\/02\/le_palais_logo_gold.svg","width":434,"height":334,"caption":"Le Palais Art Hotel Prague"},"image":{"@id":"https:\/\/www.lepalaishotel.eu\/cs\/#\/schema\/logo\/image\/"},"sameAs":["https:\/\/www.facebook.com\/Le.Palais.Hotel.Prague","https:\/\/www.instagram.com\/lepalais_hotel_prague","https:\/\/twitter.com\/LePalais_Prague"]}]}},"acf":[],"_links":{"self":[{"href":"https:\/\/www.lepalaishotel.eu\/cs\/wp-json\/wp\/v2\/pages\/390"}],"collection":[{"href":"https:\/\/www.lepalaishotel.eu\/cs\/wp-json\/wp\/v2\/pages"}],"about":[{"href":"https:\/\/www.lepalaishotel.eu\/cs\/wp-json\/wp\/v2\/types\/page"}],"author":[{"embeddable":true,"href":"https:\/\/www.lepalaishotel.eu\/cs\/wp-json\/wp\/v2\/users\/26"}],"replies":[{"embeddable":true,"href":"https:\/\/www.lepalaishotel.eu\/cs\/wp-json\/wp\/v2\/comments?post=390"}],"version-history":[{"count":0,"href":"https:\/\/www.lepalaishotel.eu\/cs\/wp-json\/wp\/v2\/pages\/390\/revisions"}],"up":[{"embeddable":true,"href":"https:\/\/www.lepalaishotel.eu\/cs\/wp-json\/wp\/v2\/pages\/374"}],"wp:attachment":[{"href":"https:\/\/www.lepalaishotel.eu\/cs\/wp-json\/wp\/v2\/media?parent=390"}],"curies":[{"name":"wp","href":"https:\/\/api.w.org\/{rel}","templated":true}]}}