{"id":378,"date":"2025-02-27T18:23:49","date_gmt":"2025-02-27T17:23:49","guid":{"rendered":"https:\/\/lepalaishotel.ms2.decms.eu\/?page_id=378"},"modified":"2025-03-18T18:14:21","modified_gmt":"2025-03-18T17:14:21","slug":"rodinne-a-spolecenske-akce","status":"publish","type":"page","link":"https:\/\/www.lepalaishotel.eu\/cs\/akce-a-konference\/rodinne-a-spolecenske-akce\/","title":{"rendered":"Rodinn\u00e9 a spole\u010densk\u00e9 akce"},"content":{"rendered":"<p>Opravdovou pochvalou na\u0161\u00ed pr\u00e1ce je, kdy\u017e se host rozhodne v\u00a0prostor\u00e1ch hotelu oslavit sv\u00e9 narozeniny \u010di jinou v\u00fdznamnou ud\u00e1lost se sv\u00fdmi nejbli\u017e\u0161\u00edmi. V\u00a0p\u0159\u00edjemn\u00e9m prost\u0159ed\u00ed restaurace Artista pro takov\u00e9 okam\u017eiky za\u0159\u00edd\u00edme v\u0161e pot\u0159ebn\u00e9, aby ka\u017ed\u00fd na tento ve\u010der u\u017e nav\u017edy vzpom\u00ednal s\u00a0\u00fasm\u011bvem na tv\u00e1\u0159i.<\/p>\n","protected":false},"excerpt":{"rendered":"<p>Opravdovou pochvalou na\u0161\u00ed pr\u00e1ce je, kdy\u017e se host rozhodne v\u00a0prostor\u00e1ch hotelu oslavit sv\u00e9 narozeniny \u010di jinou v\u00fdznamnou ud\u00e1lost se sv\u00fdmi nejbli\u017e\u0161\u00edmi. V\u00a0p\u0159\u00edjemn\u00e9m prost\u0159ed\u00ed restaurace Artista pro takov\u00e9 okam\u017eiky za\u0159\u00edd\u00edme v\u0161e pot\u0159ebn\u00e9, aby ka\u017ed\u00fd na tento ve\u010der u\u017e nav\u017edy vzpom\u00ednal s\u00a0\u00fasm\u011bvem na tv\u00e1\u0159i.<\/p>\n","protected":false},"author":26,"featured_media":0,"parent":367,"menu_order":20,"comment_status":"closed","ping_status":"closed","template":"template-meeting-e-family.php","meta":{"footnotes":""},"yoast_head":"<!-- This site is optimized with the Yoast SEO plugin v22.3 - https:\/\/yoast.com\/wordpress\/plugins\/seo\/ -->\n<title>Rodinn\u00e9 a spole\u010densk\u00e9 akce - Le Palais Art Hotel Prague -<\/title>\n<meta name=\"description\" content=\"Opravdovou pochvalou na\u0161\u00ed pr\u00e1ce je, kdy\u017e se host rozhodne v\u00a0prostor\u00e1ch hotelu oslavit sv\u00e9 narozeniny \u010di jinou v\u00fdznamnou ud\u00e1lost se sv\u00fdmi nejbli\u017e\u0161\u00edmi. V\u00a0p\u0159\u00edjemn\u00e9m prost\u0159ed\u00ed restaurace Artista pro takov\u00e9 okam\u017eiky za\u0159\u00edd\u00edme v\u0161e pot\u0159ebn\u00e9, aby ka\u017ed\u00fd na tento ve\u010der u\u017e nav\u017edy vzpom\u00ednal s\u00a0\u00fasm\u011bvem na tv\u00e1\u0159i.\" \/>\n<meta name=\"robots\" content=\"index, follow, max-snippet:-1, max-image-preview:large, max-video-preview:-1\" \/>\n<link rel=\"canonical\" href=\"https:\/\/www.lepalaishotel.eu\/cs\/akce-a-konference\/rodinne-a-spolecenske-akce\/\" \/>\n<meta property=\"og:locale\" content=\"cs_CZ\" \/>\n<meta property=\"og:type\" content=\"article\" \/>\n<meta property=\"og:title\" content=\"Rodinn\u00e9 a spole\u010densk\u00e9 akce - Le Palais Art Hotel Prague -\" \/>\n<meta property=\"og:description\" content=\"Opravdovou pochvalou na\u0161\u00ed pr\u00e1ce je, kdy\u017e se host rozhodne v\u00a0prostor\u00e1ch hotelu oslavit sv\u00e9 narozeniny \u010di jinou v\u00fdznamnou ud\u00e1lost se sv\u00fdmi nejbli\u017e\u0161\u00edmi. V\u00a0p\u0159\u00edjemn\u00e9m prost\u0159ed\u00ed restaurace Artista pro takov\u00e9 okam\u017eiky za\u0159\u00edd\u00edme v\u0161e pot\u0159ebn\u00e9, aby ka\u017ed\u00fd na tento ve\u010der u\u017e nav\u017edy vzpom\u00ednal s\u00a0\u00fasm\u011bvem na tv\u00e1\u0159i.\" \/>\n<meta property=\"og:url\" content=\"https:\/\/www.lepalaishotel.eu\/cs\/akce-a-konference\/rodinne-a-spolecenske-akce\/\" \/>\n<meta property=\"og:site_name\" content=\"Le Palais Art Hotel Prague\" \/>\n<meta property=\"article:publisher\" content=\"https:\/\/www.facebook.com\/Le.Palais.Hotel.Prague\" \/>\n<meta property=\"article:modified_time\" content=\"2025-03-18T17:14:21+00:00\" \/>\n<meta name=\"twitter:card\" content=\"summary_large_image\" \/>\n<meta name=\"twitter:label1\" content=\"Odhadovan\u00e1 doba \u010dten\u00ed\" \/>\n\t<meta name=\"twitter:data1\" content=\"1 minuta\" \/>\n<script type=\"application\/ld+json\" class=\"yoast-schema-graph\">{\"@context\":\"https:\/\/schema.org\",\"@graph\":[{\"@type\":\"WebPage\",\"@id\":\"https:\/\/www.lepalaishotel.eu\/cs\/akce-a-konference\/rodinne-a-spolecenske-akce\/\",\"url\":\"https:\/\/www.lepalaishotel.eu\/cs\/akce-a-konference\/rodinne-a-spolecenske-akce\/\",\"name\":\"Rodinn\u00e9 a spole\u010densk\u00e9 akce - Le Palais Art Hotel Prague -\",\"isPartOf\":{\"@id\":\"https:\/\/www.lepalaishotel.eu\/cs\/#website\"},\"datePublished\":\"2025-02-27T17:23:49+00:00\",\"dateModified\":\"2025-03-18T17:14:21+00:00\",\"description\":\"Opravdovou pochvalou na\u0161\u00ed pr\u00e1ce je, kdy\u017e se host rozhodne v\u00a0prostor\u00e1ch hotelu oslavit sv\u00e9 narozeniny \u010di jinou v\u00fdznamnou ud\u00e1lost se sv\u00fdmi nejbli\u017e\u0161\u00edmi. V\u00a0p\u0159\u00edjemn\u00e9m prost\u0159ed\u00ed restaurace Artista pro takov\u00e9 okam\u017eiky za\u0159\u00edd\u00edme v\u0161e pot\u0159ebn\u00e9, aby ka\u017ed\u00fd na tento ve\u010der u\u017e nav\u017edy vzpom\u00ednal s\u00a0\u00fasm\u011bvem na tv\u00e1\u0159i.\",\"breadcrumb\":{\"@id\":\"https:\/\/www.lepalaishotel.eu\/cs\/akce-a-konference\/rodinne-a-spolecenske-akce\/#breadcrumb\"},\"inLanguage\":\"cs\",\"potentialAction\":[{\"@type\":\"ReadAction\",\"target\":[\"https:\/\/www.lepalaishotel.eu\/cs\/akce-a-konference\/rodinne-a-spolecenske-akce\/\"]}]},{\"@type\":\"BreadcrumbList\",\"@id\":\"https:\/\/www.lepalaishotel.eu\/cs\/akce-a-konference\/rodinne-a-spolecenske-akce\/#breadcrumb\",\"itemListElement\":[{\"@type\":\"ListItem\",\"position\":1,\"name\":\"Home\",\"item\":\"https:\/\/www.lepalaishotel.eu\/cs\/\"},{\"@type\":\"ListItem\",\"position\":2,\"name\":\"Akce a Konference\",\"item\":\"https:\/\/www.lepalaishotel.eu\/cs\/akce-a-konference\/\"},{\"@type\":\"ListItem\",\"position\":3,\"name\":\"Rodinn\u00e9 a spole\u010densk\u00e9 akce\"}]},{\"@type\":\"WebSite\",\"@id\":\"https:\/\/www.lepalaishotel.eu\/cs\/#website\",\"url\":\"https:\/\/www.lepalaishotel.eu\/cs\/\",\"name\":\"Le Palais Art Hotel Prague\",\"description\":\"\",\"publisher\":{\"@id\":\"https:\/\/www.lepalaishotel.eu\/cs\/#organization\"},\"potentialAction\":[{\"@type\":\"SearchAction\",\"target\":{\"@type\":\"EntryPoint\",\"urlTemplate\":\"https:\/\/www.lepalaishotel.eu\/cs\/?s={search_term_string}\"},\"query-input\":\"required name=search_term_string\"}],\"inLanguage\":\"cs\"},{\"@type\":\"Organization\",\"@id\":\"https:\/\/www.lepalaishotel.eu\/cs\/#organization\",\"name\":\"Le Palais Art Hotel Prague\",\"url\":\"https:\/\/www.lepalaishotel.eu\/cs\/\",\"logo\":{\"@type\":\"ImageObject\",\"inLanguage\":\"cs\",\"@id\":\"https:\/\/www.lepalaishotel.eu\/cs\/#\/schema\/logo\/image\/\",\"url\":\"https:\/\/www.lepalaishotel.eu\/wp-content\/uploads\/sites\/218\/2025\/02\/le_palais_logo_gold.svg\",\"contentUrl\":\"https:\/\/www.lepalaishotel.eu\/wp-content\/uploads\/sites\/218\/2025\/02\/le_palais_logo_gold.svg\",\"width\":434,\"height\":334,\"caption\":\"Le Palais Art Hotel Prague\"},\"image\":{\"@id\":\"https:\/\/www.lepalaishotel.eu\/cs\/#\/schema\/logo\/image\/\"},\"sameAs\":[\"https:\/\/www.facebook.com\/Le.Palais.Hotel.Prague\",\"https:\/\/www.instagram.com\/lepalais_hotel_prague\",\"https:\/\/twitter.com\/LePalais_Prague\"]}]}<\/script>\n<!-- \/ Yoast SEO plugin. -->","yoast_head_json":{"title":"Rodinn\u00e9 a spole\u010densk\u00e9 akce - Le Palais Art Hotel Prague -","description":"Opravdovou pochvalou na\u0161\u00ed pr\u00e1ce je, kdy\u017e se host rozhodne v\u00a0prostor\u00e1ch hotelu oslavit sv\u00e9 narozeniny \u010di jinou v\u00fdznamnou ud\u00e1lost se sv\u00fdmi nejbli\u017e\u0161\u00edmi. V\u00a0p\u0159\u00edjemn\u00e9m prost\u0159ed\u00ed restaurace Artista pro takov\u00e9 okam\u017eiky za\u0159\u00edd\u00edme v\u0161e pot\u0159ebn\u00e9, aby ka\u017ed\u00fd na tento ve\u010der u\u017e nav\u017edy vzpom\u00ednal s\u00a0\u00fasm\u011bvem na tv\u00e1\u0159i.","robots":{"index":"index","follow":"follow","max-snippet":"max-snippet:-1","max-image-preview":"max-image-preview:large","max-video-preview":"max-video-preview:-1"},"canonical":"https:\/\/www.lepalaishotel.eu\/cs\/akce-a-konference\/rodinne-a-spolecenske-akce\/","og_locale":"cs_CZ","og_type":"article","og_title":"Rodinn\u00e9 a spole\u010densk\u00e9 akce - Le Palais Art Hotel Prague -","og_description":"Opravdovou pochvalou na\u0161\u00ed pr\u00e1ce je, kdy\u017e se host rozhodne v\u00a0prostor\u00e1ch hotelu oslavit sv\u00e9 narozeniny \u010di jinou v\u00fdznamnou ud\u00e1lost se sv\u00fdmi nejbli\u017e\u0161\u00edmi. V\u00a0p\u0159\u00edjemn\u00e9m prost\u0159ed\u00ed restaurace Artista pro takov\u00e9 okam\u017eiky za\u0159\u00edd\u00edme v\u0161e pot\u0159ebn\u00e9, aby ka\u017ed\u00fd na tento ve\u010der u\u017e nav\u017edy vzpom\u00ednal s\u00a0\u00fasm\u011bvem na tv\u00e1\u0159i.","og_url":"https:\/\/www.lepalaishotel.eu\/cs\/akce-a-konference\/rodinne-a-spolecenske-akce\/","og_site_name":"Le Palais Art Hotel Prague","article_publisher":"https:\/\/www.facebook.com\/Le.Palais.Hotel.Prague","article_modified_time":"2025-03-18T17:14:21+00:00","twitter_card":"summary_large_image","twitter_misc":{"Odhadovan\u00e1 doba \u010dten\u00ed":"1 minuta"},"schema":{"@context":"https:\/\/schema.org","@graph":[{"@type":"WebPage","@id":"https:\/\/www.lepalaishotel.eu\/cs\/akce-a-konference\/rodinne-a-spolecenske-akce\/","url":"https:\/\/www.lepalaishotel.eu\/cs\/akce-a-konference\/rodinne-a-spolecenske-akce\/","name":"Rodinn\u00e9 a spole\u010densk\u00e9 akce - Le Palais Art Hotel Prague -","isPartOf":{"@id":"https:\/\/www.lepalaishotel.eu\/cs\/#website"},"datePublished":"2025-02-27T17:23:49+00:00","dateModified":"2025-03-18T17:14:21+00:00","description":"Opravdovou pochvalou na\u0161\u00ed pr\u00e1ce je, kdy\u017e se host rozhodne v\u00a0prostor\u00e1ch hotelu oslavit sv\u00e9 narozeniny \u010di jinou v\u00fdznamnou ud\u00e1lost se sv\u00fdmi nejbli\u017e\u0161\u00edmi. V\u00a0p\u0159\u00edjemn\u00e9m prost\u0159ed\u00ed restaurace Artista pro takov\u00e9 okam\u017eiky za\u0159\u00edd\u00edme v\u0161e pot\u0159ebn\u00e9, aby ka\u017ed\u00fd na tento ve\u010der u\u017e nav\u017edy vzpom\u00ednal s\u00a0\u00fasm\u011bvem na tv\u00e1\u0159i.","breadcrumb":{"@id":"https:\/\/www.lepalaishotel.eu\/cs\/akce-a-konference\/rodinne-a-spolecenske-akce\/#breadcrumb"},"inLanguage":"cs","potentialAction":[{"@type":"ReadAction","target":["https:\/\/www.lepalaishotel.eu\/cs\/akce-a-konference\/rodinne-a-spolecenske-akce\/"]}]},{"@type":"BreadcrumbList","@id":"https:\/\/www.lepalaishotel.eu\/cs\/akce-a-konference\/rodinne-a-spolecenske-akce\/#breadcrumb","itemListElement":[{"@type":"ListItem","position":1,"name":"Home","item":"https:\/\/www.lepalaishotel.eu\/cs\/"},{"@type":"ListItem","position":2,"name":"Akce a Konference","item":"https:\/\/www.lepalaishotel.eu\/cs\/akce-a-konference\/"},{"@type":"ListItem","position":3,"name":"Rodinn\u00e9 a spole\u010densk\u00e9 akce"}]},{"@type":"WebSite","@id":"https:\/\/www.lepalaishotel.eu\/cs\/#website","url":"https:\/\/www.lepalaishotel.eu\/cs\/","name":"Le Palais Art Hotel Prague","description":"","publisher":{"@id":"https:\/\/www.lepalaishotel.eu\/cs\/#organization"},"potentialAction":[{"@type":"SearchAction","target":{"@type":"EntryPoint","urlTemplate":"https:\/\/www.lepalaishotel.eu\/cs\/?s={search_term_string}"},"query-input":"required name=search_term_string"}],"inLanguage":"cs"},{"@type":"Organization","@id":"https:\/\/www.lepalaishotel.eu\/cs\/#organization","name":"Le Palais Art Hotel Prague","url":"https:\/\/www.lepalaishotel.eu\/cs\/","logo":{"@type":"ImageObject","inLanguage":"cs","@id":"https:\/\/www.lepalaishotel.eu\/cs\/#\/schema\/logo\/image\/","url":"https:\/\/www.lepalaishotel.eu\/wp-content\/uploads\/sites\/218\/2025\/02\/le_palais_logo_gold.svg","contentUrl":"https:\/\/www.lepalaishotel.eu\/wp-content\/uploads\/sites\/218\/2025\/02\/le_palais_logo_gold.svg","width":434,"height":334,"caption":"Le Palais Art Hotel Prague"},"image":{"@id":"https:\/\/www.lepalaishotel.eu\/cs\/#\/schema\/logo\/image\/"},"sameAs":["https:\/\/www.facebook.com\/Le.Palais.Hotel.Prague","https:\/\/www.instagram.com\/lepalais_hotel_prague","https:\/\/twitter.com\/LePalais_Prague"]}]}},"acf":[],"_links":{"self":[{"href":"https:\/\/www.lepalaishotel.eu\/cs\/wp-json\/wp\/v2\/pages\/378"}],"collection":[{"href":"https:\/\/www.lepalaishotel.eu\/cs\/wp-json\/wp\/v2\/pages"}],"about":[{"href":"https:\/\/www.lepalaishotel.eu\/cs\/wp-json\/wp\/v2\/types\/page"}],"author":[{"embeddable":true,"href":"https:\/\/www.lepalaishotel.eu\/cs\/wp-json\/wp\/v2\/users\/26"}],"replies":[{"embeddable":true,"href":"https:\/\/www.lepalaishotel.eu\/cs\/wp-json\/wp\/v2\/comments?post=378"}],"version-history":[{"count":0,"href":"https:\/\/www.lepalaishotel.eu\/cs\/wp-json\/wp\/v2\/pages\/378\/revisions"}],"up":[{"embeddable":true,"href":"https:\/\/www.lepalaishotel.eu\/cs\/wp-json\/wp\/v2\/pages\/367"}],"wp:attachment":[{"href":"https:\/\/www.lepalaishotel.eu\/cs\/wp-json\/wp\/v2\/media?parent=378"}],"curies":[{"name":"wp","href":"https:\/\/api.w.org\/{rel}","templated":true}]}}