{"id":374,"date":"2025-02-27T18:24:24","date_gmt":"2025-02-27T17:24:24","guid":{"rendered":"https:\/\/lepalaishotel.ms2.decms.eu\/?page_id=374"},"modified":"2025-03-18T18:04:15","modified_gmt":"2025-03-18T17:04:15","slug":"firemni-akce-a-jednani","status":"publish","type":"page","link":"https:\/\/www.lepalaishotel.eu\/cs\/akce-a-konference\/firemni-akce-a-jednani\/","title":{"rendered":"Firemn\u00ed akce a jedn\u00e1n\u00ed"},"content":{"rendered":"<p>Posl\u00e1n\u00edm hotelu je p\u0159ekon\u00e1vat o\u010dek\u00e1v\u00e1n\u00ed i t\u011bch nejn\u00e1ro\u010dn\u011bj\u0161\u00edch host\u016f. Kombinace historick\u00e9 atmosf\u00e9ry a nejmodern\u011bj\u0161\u00edch technologi\u00ed \u010din\u00ed z Le Palais Art Hotel Prague jasnou volbu pro stylov\u00e9 a nezapomenuteln\u00e9 setk\u00e1n\u00ed. Zdej\u0161\u00ed prostory nab\u00edz\u00ed naprosto ide\u00e1ln\u00ed prost\u0159ed\u00ed pro po\u0159\u00e1d\u00e1n\u00ed:<\/p>\n<ul>\n<li>mezin\u00e1rodn\u00edch konferenc\u00ed,<\/li>\n<li>\u0161kolen\u00ed a semin\u00e1\u0159\u016f,<\/li>\n<li>firemn\u00edch oslav a ve\u010d\u00edrk\u016f,<\/li>\n<li>svatby, promoce<\/li>\n<li>prezentov\u00e1n\u00ed hospod\u00e1\u0159sk\u00fdch v\u00fdsledk\u016f<\/li>\n<li>a dal\u0161\u00edch event\u016f.<\/li>\n<\/ul>\n","protected":false},"excerpt":{"rendered":"<p>Posl\u00e1n\u00edm hotelu je p\u0159ekon\u00e1vat o\u010dek\u00e1v\u00e1n\u00ed i t\u011bch nejn\u00e1ro\u010dn\u011bj\u0161\u00edch host\u016f. Kombinace historick\u00e9 atmosf\u00e9ry a nejmodern\u011bj\u0161\u00edch technologi\u00ed \u010din\u00ed z Le Palais Art Hotel Prague jasnou volbu pro stylov\u00e9 a nezapomenuteln\u00e9 setk\u00e1n\u00ed. Zdej\u0161\u00ed prostory nab\u00edz\u00ed naprosto ide\u00e1ln\u00ed prost\u0159ed\u00ed pro po\u0159\u00e1d\u00e1n\u00ed: mezin\u00e1rodn\u00edch konferenc\u00ed, \u0161kolen\u00ed a semin\u00e1\u0159\u016f, firemn\u00edch oslav a ve\u010d\u00edrk\u016f, svatby, promoce prezentov\u00e1n\u00ed hospod\u00e1\u0159sk\u00fdch v\u00fdsledk\u016f a dal\u0161\u00edch event\u016f.<\/p>\n","protected":false},"author":26,"featured_media":0,"parent":367,"menu_order":10,"comment_status":"closed","ping_status":"closed","template":"template-meeting-e-family.php","meta":{"footnotes":""},"yoast_head":"<!-- This site is optimized with the Yoast SEO plugin v22.3 - https:\/\/yoast.com\/wordpress\/plugins\/seo\/ -->\n<title>Firemn\u00ed akce a jedn\u00e1n\u00ed - Le Palais Art Hotel Prague -<\/title>\n<meta name=\"description\" content=\"Posl\u00e1n\u00edm hotelu je p\u0159ekon\u00e1vat o\u010dek\u00e1v\u00e1n\u00ed i t\u011bch nejn\u00e1ro\u010dn\u011bj\u0161\u00edch host\u016f. Kombinace historick\u00e9 atmosf\u00e9ry a nejmodern\u011bj\u0161\u00edch technologi\u00ed \u010din\u00ed z Le Palais Art Hotel Prague jasnou volbu pro stylov\u00e9 a nezapomenuteln\u00e9 setk\u00e1n\u00ed\" \/>\n<meta name=\"robots\" content=\"index, follow, max-snippet:-1, max-image-preview:large, max-video-preview:-1\" \/>\n<link rel=\"canonical\" href=\"https:\/\/www.lepalaishotel.eu\/cs\/akce-a-konference\/firemni-akce-a-jednani\/\" \/>\n<meta property=\"og:locale\" content=\"cs_CZ\" \/>\n<meta property=\"og:type\" content=\"article\" \/>\n<meta property=\"og:title\" content=\"Firemn\u00ed akce a jedn\u00e1n\u00ed - Le Palais Art Hotel Prague -\" \/>\n<meta property=\"og:description\" content=\"Posl\u00e1n\u00edm hotelu je p\u0159ekon\u00e1vat o\u010dek\u00e1v\u00e1n\u00ed i t\u011bch nejn\u00e1ro\u010dn\u011bj\u0161\u00edch host\u016f. Kombinace historick\u00e9 atmosf\u00e9ry a nejmodern\u011bj\u0161\u00edch technologi\u00ed \u010din\u00ed z Le Palais Art Hotel Prague jasnou volbu pro stylov\u00e9 a nezapomenuteln\u00e9 setk\u00e1n\u00ed\" \/>\n<meta property=\"og:url\" content=\"https:\/\/www.lepalaishotel.eu\/cs\/akce-a-konference\/firemni-akce-a-jednani\/\" \/>\n<meta property=\"og:site_name\" content=\"Le Palais Art Hotel Prague\" \/>\n<meta property=\"article:publisher\" content=\"https:\/\/www.facebook.com\/Le.Palais.Hotel.Prague\" \/>\n<meta property=\"article:modified_time\" content=\"2025-03-18T17:04:15+00:00\" \/>\n<meta name=\"twitter:card\" content=\"summary_large_image\" \/>\n<meta name=\"twitter:label1\" content=\"Odhadovan\u00e1 doba \u010dten\u00ed\" \/>\n\t<meta name=\"twitter:data1\" content=\"1 minuta\" \/>\n<script type=\"application\/ld+json\" class=\"yoast-schema-graph\">{\"@context\":\"https:\/\/schema.org\",\"@graph\":[{\"@type\":\"WebPage\",\"@id\":\"https:\/\/www.lepalaishotel.eu\/cs\/akce-a-konference\/firemni-akce-a-jednani\/\",\"url\":\"https:\/\/www.lepalaishotel.eu\/cs\/akce-a-konference\/firemni-akce-a-jednani\/\",\"name\":\"Firemn\u00ed akce a jedn\u00e1n\u00ed - Le Palais Art Hotel Prague -\",\"isPartOf\":{\"@id\":\"https:\/\/www.lepalaishotel.eu\/cs\/#website\"},\"datePublished\":\"2025-02-27T17:24:24+00:00\",\"dateModified\":\"2025-03-18T17:04:15+00:00\",\"description\":\"Posl\u00e1n\u00edm hotelu je p\u0159ekon\u00e1vat o\u010dek\u00e1v\u00e1n\u00ed i t\u011bch nejn\u00e1ro\u010dn\u011bj\u0161\u00edch host\u016f. Kombinace historick\u00e9 atmosf\u00e9ry a nejmodern\u011bj\u0161\u00edch technologi\u00ed \u010din\u00ed z Le Palais Art Hotel Prague jasnou volbu pro stylov\u00e9 a nezapomenuteln\u00e9 setk\u00e1n\u00ed\",\"breadcrumb\":{\"@id\":\"https:\/\/www.lepalaishotel.eu\/cs\/akce-a-konference\/firemni-akce-a-jednani\/#breadcrumb\"},\"inLanguage\":\"cs\",\"potentialAction\":[{\"@type\":\"ReadAction\",\"target\":[\"https:\/\/www.lepalaishotel.eu\/cs\/akce-a-konference\/firemni-akce-a-jednani\/\"]}]},{\"@type\":\"BreadcrumbList\",\"@id\":\"https:\/\/www.lepalaishotel.eu\/cs\/akce-a-konference\/firemni-akce-a-jednani\/#breadcrumb\",\"itemListElement\":[{\"@type\":\"ListItem\",\"position\":1,\"name\":\"Home\",\"item\":\"https:\/\/www.lepalaishotel.eu\/cs\/\"},{\"@type\":\"ListItem\",\"position\":2,\"name\":\"Akce a Konference\",\"item\":\"https:\/\/www.lepalaishotel.eu\/cs\/akce-a-konference\/\"},{\"@type\":\"ListItem\",\"position\":3,\"name\":\"Firemn\u00ed akce a jedn\u00e1n\u00ed\"}]},{\"@type\":\"WebSite\",\"@id\":\"https:\/\/www.lepalaishotel.eu\/cs\/#website\",\"url\":\"https:\/\/www.lepalaishotel.eu\/cs\/\",\"name\":\"Le Palais Art Hotel Prague\",\"description\":\"\",\"publisher\":{\"@id\":\"https:\/\/www.lepalaishotel.eu\/cs\/#organization\"},\"potentialAction\":[{\"@type\":\"SearchAction\",\"target\":{\"@type\":\"EntryPoint\",\"urlTemplate\":\"https:\/\/www.lepalaishotel.eu\/cs\/?s={search_term_string}\"},\"query-input\":\"required name=search_term_string\"}],\"inLanguage\":\"cs\"},{\"@type\":\"Organization\",\"@id\":\"https:\/\/www.lepalaishotel.eu\/cs\/#organization\",\"name\":\"Le Palais Art Hotel Prague\",\"url\":\"https:\/\/www.lepalaishotel.eu\/cs\/\",\"logo\":{\"@type\":\"ImageObject\",\"inLanguage\":\"cs\",\"@id\":\"https:\/\/www.lepalaishotel.eu\/cs\/#\/schema\/logo\/image\/\",\"url\":\"https:\/\/www.lepalaishotel.eu\/wp-content\/uploads\/sites\/218\/2025\/02\/le_palais_logo_gold.svg\",\"contentUrl\":\"https:\/\/www.lepalaishotel.eu\/wp-content\/uploads\/sites\/218\/2025\/02\/le_palais_logo_gold.svg\",\"width\":434,\"height\":334,\"caption\":\"Le Palais Art Hotel Prague\"},\"image\":{\"@id\":\"https:\/\/www.lepalaishotel.eu\/cs\/#\/schema\/logo\/image\/\"},\"sameAs\":[\"https:\/\/www.facebook.com\/Le.Palais.Hotel.Prague\",\"https:\/\/www.instagram.com\/lepalais_hotel_prague\",\"https:\/\/twitter.com\/LePalais_Prague\"]}]}<\/script>\n<!-- \/ Yoast SEO plugin. -->","yoast_head_json":{"title":"Firemn\u00ed akce a jedn\u00e1n\u00ed - Le Palais Art Hotel Prague -","description":"Posl\u00e1n\u00edm hotelu je p\u0159ekon\u00e1vat o\u010dek\u00e1v\u00e1n\u00ed i t\u011bch nejn\u00e1ro\u010dn\u011bj\u0161\u00edch host\u016f. Kombinace historick\u00e9 atmosf\u00e9ry a nejmodern\u011bj\u0161\u00edch technologi\u00ed \u010din\u00ed z Le Palais Art Hotel Prague jasnou volbu pro stylov\u00e9 a nezapomenuteln\u00e9 setk\u00e1n\u00ed","robots":{"index":"index","follow":"follow","max-snippet":"max-snippet:-1","max-image-preview":"max-image-preview:large","max-video-preview":"max-video-preview:-1"},"canonical":"https:\/\/www.lepalaishotel.eu\/cs\/akce-a-konference\/firemni-akce-a-jednani\/","og_locale":"cs_CZ","og_type":"article","og_title":"Firemn\u00ed akce a jedn\u00e1n\u00ed - Le Palais Art Hotel Prague -","og_description":"Posl\u00e1n\u00edm hotelu je p\u0159ekon\u00e1vat o\u010dek\u00e1v\u00e1n\u00ed i t\u011bch nejn\u00e1ro\u010dn\u011bj\u0161\u00edch host\u016f. Kombinace historick\u00e9 atmosf\u00e9ry a nejmodern\u011bj\u0161\u00edch technologi\u00ed \u010din\u00ed z Le Palais Art Hotel Prague jasnou volbu pro stylov\u00e9 a nezapomenuteln\u00e9 setk\u00e1n\u00ed","og_url":"https:\/\/www.lepalaishotel.eu\/cs\/akce-a-konference\/firemni-akce-a-jednani\/","og_site_name":"Le Palais Art Hotel Prague","article_publisher":"https:\/\/www.facebook.com\/Le.Palais.Hotel.Prague","article_modified_time":"2025-03-18T17:04:15+00:00","twitter_card":"summary_large_image","twitter_misc":{"Odhadovan\u00e1 doba \u010dten\u00ed":"1 minuta"},"schema":{"@context":"https:\/\/schema.org","@graph":[{"@type":"WebPage","@id":"https:\/\/www.lepalaishotel.eu\/cs\/akce-a-konference\/firemni-akce-a-jednani\/","url":"https:\/\/www.lepalaishotel.eu\/cs\/akce-a-konference\/firemni-akce-a-jednani\/","name":"Firemn\u00ed akce a jedn\u00e1n\u00ed - Le Palais Art Hotel Prague -","isPartOf":{"@id":"https:\/\/www.lepalaishotel.eu\/cs\/#website"},"datePublished":"2025-02-27T17:24:24+00:00","dateModified":"2025-03-18T17:04:15+00:00","description":"Posl\u00e1n\u00edm hotelu je p\u0159ekon\u00e1vat o\u010dek\u00e1v\u00e1n\u00ed i t\u011bch nejn\u00e1ro\u010dn\u011bj\u0161\u00edch host\u016f. Kombinace historick\u00e9 atmosf\u00e9ry a nejmodern\u011bj\u0161\u00edch technologi\u00ed \u010din\u00ed z Le Palais Art Hotel Prague jasnou volbu pro stylov\u00e9 a nezapomenuteln\u00e9 setk\u00e1n\u00ed","breadcrumb":{"@id":"https:\/\/www.lepalaishotel.eu\/cs\/akce-a-konference\/firemni-akce-a-jednani\/#breadcrumb"},"inLanguage":"cs","potentialAction":[{"@type":"ReadAction","target":["https:\/\/www.lepalaishotel.eu\/cs\/akce-a-konference\/firemni-akce-a-jednani\/"]}]},{"@type":"BreadcrumbList","@id":"https:\/\/www.lepalaishotel.eu\/cs\/akce-a-konference\/firemni-akce-a-jednani\/#breadcrumb","itemListElement":[{"@type":"ListItem","position":1,"name":"Home","item":"https:\/\/www.lepalaishotel.eu\/cs\/"},{"@type":"ListItem","position":2,"name":"Akce a Konference","item":"https:\/\/www.lepalaishotel.eu\/cs\/akce-a-konference\/"},{"@type":"ListItem","position":3,"name":"Firemn\u00ed akce a jedn\u00e1n\u00ed"}]},{"@type":"WebSite","@id":"https:\/\/www.lepalaishotel.eu\/cs\/#website","url":"https:\/\/www.lepalaishotel.eu\/cs\/","name":"Le Palais Art Hotel Prague","description":"","publisher":{"@id":"https:\/\/www.lepalaishotel.eu\/cs\/#organization"},"potentialAction":[{"@type":"SearchAction","target":{"@type":"EntryPoint","urlTemplate":"https:\/\/www.lepalaishotel.eu\/cs\/?s={search_term_string}"},"query-input":"required name=search_term_string"}],"inLanguage":"cs"},{"@type":"Organization","@id":"https:\/\/www.lepalaishotel.eu\/cs\/#organization","name":"Le Palais Art Hotel Prague","url":"https:\/\/www.lepalaishotel.eu\/cs\/","logo":{"@type":"ImageObject","inLanguage":"cs","@id":"https:\/\/www.lepalaishotel.eu\/cs\/#\/schema\/logo\/image\/","url":"https:\/\/www.lepalaishotel.eu\/wp-content\/uploads\/sites\/218\/2025\/02\/le_palais_logo_gold.svg","contentUrl":"https:\/\/www.lepalaishotel.eu\/wp-content\/uploads\/sites\/218\/2025\/02\/le_palais_logo_gold.svg","width":434,"height":334,"caption":"Le Palais Art Hotel Prague"},"image":{"@id":"https:\/\/www.lepalaishotel.eu\/cs\/#\/schema\/logo\/image\/"},"sameAs":["https:\/\/www.facebook.com\/Le.Palais.Hotel.Prague","https:\/\/www.instagram.com\/lepalais_hotel_prague","https:\/\/twitter.com\/LePalais_Prague"]}]}},"acf":[],"_links":{"self":[{"href":"https:\/\/www.lepalaishotel.eu\/cs\/wp-json\/wp\/v2\/pages\/374"}],"collection":[{"href":"https:\/\/www.lepalaishotel.eu\/cs\/wp-json\/wp\/v2\/pages"}],"about":[{"href":"https:\/\/www.lepalaishotel.eu\/cs\/wp-json\/wp\/v2\/types\/page"}],"author":[{"embeddable":true,"href":"https:\/\/www.lepalaishotel.eu\/cs\/wp-json\/wp\/v2\/users\/26"}],"replies":[{"embeddable":true,"href":"https:\/\/www.lepalaishotel.eu\/cs\/wp-json\/wp\/v2\/comments?post=374"}],"version-history":[{"count":0,"href":"https:\/\/www.lepalaishotel.eu\/cs\/wp-json\/wp\/v2\/pages\/374\/revisions"}],"up":[{"embeddable":true,"href":"https:\/\/www.lepalaishotel.eu\/cs\/wp-json\/wp\/v2\/pages\/367"}],"wp:attachment":[{"href":"https:\/\/www.lepalaishotel.eu\/cs\/wp-json\/wp\/v2\/media?parent=374"}],"curies":[{"name":"wp","href":"https:\/\/api.w.org\/{rel}","templated":true}]}}