{"id":367,"date":"2025-02-24T12:28:49","date_gmt":"2025-02-24T11:28:49","guid":{"rendered":"https:\/\/lepalaishotel.ms2.decms.eu\/?page_id=367"},"modified":"2025-03-18T17:57:56","modified_gmt":"2025-03-18T16:57:56","slug":"akce-a-konference","status":"publish","type":"page","link":"https:\/\/www.lepalaishotel.eu\/cs\/akce-a-konference\/","title":{"rendered":"Akce a Konference"},"content":{"rendered":"<p>Le Palais Art Hotel Prague nab\u00edz\u00ed elegantn\u00ed prostory pro v\u0161echny d\u016fle\u017eit\u00e9 sch\u016fzky, pracovn\u00ed konference \u010di soukrom\u00e1 jedn\u00e1n\u00ed. K dispozici je pro na\u0161e hosty p\u0159ipraveno n\u011bkolik pln\u011b klimatizovan\u00fdch konferen\u010dn\u00edch m\u00edstnost\u00ed s LCD televiz\u00ed a stabiln\u00edm vysokorychlostn\u00edm Wi-Fi p\u0159ipojen\u00edm. V\u0161e, co je pot\u0159eba pro efektivn\u00ed prezentov\u00e1n\u00ed firemn\u00edch \u00fasp\u011bch\u016f.<\/p>\n","protected":false},"excerpt":{"rendered":"<p>Le Palais Art Hotel Prague nab\u00edz\u00ed elegantn\u00ed prostory pro v\u0161echny d\u016fle\u017eit\u00e9 sch\u016fzky, pracovn\u00ed konference \u010di soukrom\u00e1 jedn\u00e1n\u00ed. K dispozici je pro na\u0161e hosty p\u0159ipraveno n\u011bkolik pln\u011b klimatizovan\u00fdch konferen\u010dn\u00edch m\u00edstnost\u00ed s LCD televiz\u00ed a stabiln\u00edm vysokorychlostn\u00edm Wi-Fi p\u0159ipojen\u00edm. V\u0161e, co je pot\u0159eba pro efektivn\u00ed prezentov\u00e1n\u00ed firemn\u00edch \u00fasp\u011bch\u016f.<\/p>\n","protected":false},"author":26,"featured_media":0,"parent":0,"menu_order":30,"comment_status":"closed","ping_status":"closed","template":"template-events-e-meeting.php","meta":{"footnotes":""},"yoast_head":"<!-- This site is optimized with the Yoast SEO plugin v22.3 - https:\/\/yoast.com\/wordpress\/plugins\/seo\/ -->\n<title>Akce a Konference - Le Palais Art Hotel Prague -<\/title>\n<meta name=\"description\" content=\"Le Palais Art Hotel Prague nab\u00edz\u00ed elegantn\u00ed prostory pro v\u0161echny d\u016fle\u017eit\u00e9 sch\u016fzky, pracovn\u00ed konference \u010di soukrom\u00e1 jedn\u00e1n\u00ed. K dispozici je pro na\u0161e hosty p\u0159ipraveno n\u011bkolik pln\u011b klimatizovan\u00fdch konferen\u010dn\u00edch m\u00edstnost\u00ed s LCD televiz\u00ed a stabiln\u00edm vysokorychlostn\u00edm Wi-Fi p\u0159ipojen\u00edm\" \/>\n<meta name=\"robots\" content=\"index, follow, max-snippet:-1, max-image-preview:large, max-video-preview:-1\" \/>\n<link rel=\"canonical\" href=\"https:\/\/www.lepalaishotel.eu\/cs\/akce-a-konference\/\" \/>\n<meta property=\"og:locale\" content=\"cs_CZ\" \/>\n<meta property=\"og:type\" content=\"article\" \/>\n<meta property=\"og:title\" content=\"Akce a Konference - Le Palais Art Hotel Prague -\" \/>\n<meta property=\"og:description\" content=\"Le Palais Art Hotel Prague nab\u00edz\u00ed elegantn\u00ed prostory pro v\u0161echny d\u016fle\u017eit\u00e9 sch\u016fzky, pracovn\u00ed konference \u010di soukrom\u00e1 jedn\u00e1n\u00ed. K dispozici je pro na\u0161e hosty p\u0159ipraveno n\u011bkolik pln\u011b klimatizovan\u00fdch konferen\u010dn\u00edch m\u00edstnost\u00ed s LCD televiz\u00ed a stabiln\u00edm vysokorychlostn\u00edm Wi-Fi p\u0159ipojen\u00edm\" \/>\n<meta property=\"og:url\" content=\"https:\/\/www.lepalaishotel.eu\/cs\/akce-a-konference\/\" \/>\n<meta property=\"og:site_name\" content=\"Le Palais Art Hotel Prague\" \/>\n<meta property=\"article:publisher\" content=\"https:\/\/www.facebook.com\/Le.Palais.Hotel.Prague\" \/>\n<meta property=\"article:modified_time\" content=\"2025-03-18T16:57:56+00:00\" \/>\n<meta name=\"twitter:card\" content=\"summary_large_image\" \/>\n<meta name=\"twitter:label1\" content=\"Odhadovan\u00e1 doba \u010dten\u00ed\" \/>\n\t<meta name=\"twitter:data1\" content=\"1 minuta\" \/>\n<script type=\"application\/ld+json\" class=\"yoast-schema-graph\">{\"@context\":\"https:\/\/schema.org\",\"@graph\":[{\"@type\":\"WebPage\",\"@id\":\"https:\/\/www.lepalaishotel.eu\/cs\/akce-a-konference\/\",\"url\":\"https:\/\/www.lepalaishotel.eu\/cs\/akce-a-konference\/\",\"name\":\"Akce a Konference - Le Palais Art Hotel Prague -\",\"isPartOf\":{\"@id\":\"https:\/\/www.lepalaishotel.eu\/cs\/#website\"},\"datePublished\":\"2025-02-24T11:28:49+00:00\",\"dateModified\":\"2025-03-18T16:57:56+00:00\",\"description\":\"Le Palais Art Hotel Prague nab\u00edz\u00ed elegantn\u00ed prostory pro v\u0161echny d\u016fle\u017eit\u00e9 sch\u016fzky, pracovn\u00ed konference \u010di soukrom\u00e1 jedn\u00e1n\u00ed. K dispozici je pro na\u0161e hosty p\u0159ipraveno n\u011bkolik pln\u011b klimatizovan\u00fdch konferen\u010dn\u00edch m\u00edstnost\u00ed s LCD televiz\u00ed a stabiln\u00edm vysokorychlostn\u00edm Wi-Fi p\u0159ipojen\u00edm\",\"breadcrumb\":{\"@id\":\"https:\/\/www.lepalaishotel.eu\/cs\/akce-a-konference\/#breadcrumb\"},\"inLanguage\":\"cs\",\"potentialAction\":[{\"@type\":\"ReadAction\",\"target\":[\"https:\/\/www.lepalaishotel.eu\/cs\/akce-a-konference\/\"]}]},{\"@type\":\"BreadcrumbList\",\"@id\":\"https:\/\/www.lepalaishotel.eu\/cs\/akce-a-konference\/#breadcrumb\",\"itemListElement\":[{\"@type\":\"ListItem\",\"position\":1,\"name\":\"Home\",\"item\":\"https:\/\/www.lepalaishotel.eu\/cs\/\"},{\"@type\":\"ListItem\",\"position\":2,\"name\":\"Akce a Konference\"}]},{\"@type\":\"WebSite\",\"@id\":\"https:\/\/www.lepalaishotel.eu\/cs\/#website\",\"url\":\"https:\/\/www.lepalaishotel.eu\/cs\/\",\"name\":\"Le Palais Art Hotel Prague\",\"description\":\"\",\"publisher\":{\"@id\":\"https:\/\/www.lepalaishotel.eu\/cs\/#organization\"},\"potentialAction\":[{\"@type\":\"SearchAction\",\"target\":{\"@type\":\"EntryPoint\",\"urlTemplate\":\"https:\/\/www.lepalaishotel.eu\/cs\/?s={search_term_string}\"},\"query-input\":\"required name=search_term_string\"}],\"inLanguage\":\"cs\"},{\"@type\":\"Organization\",\"@id\":\"https:\/\/www.lepalaishotel.eu\/cs\/#organization\",\"name\":\"Le Palais Art Hotel Prague\",\"url\":\"https:\/\/www.lepalaishotel.eu\/cs\/\",\"logo\":{\"@type\":\"ImageObject\",\"inLanguage\":\"cs\",\"@id\":\"https:\/\/www.lepalaishotel.eu\/cs\/#\/schema\/logo\/image\/\",\"url\":\"https:\/\/www.lepalaishotel.eu\/wp-content\/uploads\/sites\/218\/2025\/02\/le_palais_logo_gold.svg\",\"contentUrl\":\"https:\/\/www.lepalaishotel.eu\/wp-content\/uploads\/sites\/218\/2025\/02\/le_palais_logo_gold.svg\",\"width\":434,\"height\":334,\"caption\":\"Le Palais Art Hotel Prague\"},\"image\":{\"@id\":\"https:\/\/www.lepalaishotel.eu\/cs\/#\/schema\/logo\/image\/\"},\"sameAs\":[\"https:\/\/www.facebook.com\/Le.Palais.Hotel.Prague\",\"https:\/\/www.instagram.com\/lepalais_hotel_prague\",\"https:\/\/twitter.com\/LePalais_Prague\"]}]}<\/script>\n<!-- \/ Yoast SEO plugin. -->","yoast_head_json":{"title":"Akce a Konference - Le Palais Art Hotel Prague -","description":"Le Palais Art Hotel Prague nab\u00edz\u00ed elegantn\u00ed prostory pro v\u0161echny d\u016fle\u017eit\u00e9 sch\u016fzky, pracovn\u00ed konference \u010di soukrom\u00e1 jedn\u00e1n\u00ed. K dispozici je pro na\u0161e hosty p\u0159ipraveno n\u011bkolik pln\u011b klimatizovan\u00fdch konferen\u010dn\u00edch m\u00edstnost\u00ed s LCD televiz\u00ed a stabiln\u00edm vysokorychlostn\u00edm Wi-Fi p\u0159ipojen\u00edm","robots":{"index":"index","follow":"follow","max-snippet":"max-snippet:-1","max-image-preview":"max-image-preview:large","max-video-preview":"max-video-preview:-1"},"canonical":"https:\/\/www.lepalaishotel.eu\/cs\/akce-a-konference\/","og_locale":"cs_CZ","og_type":"article","og_title":"Akce a Konference - Le Palais Art Hotel Prague -","og_description":"Le Palais Art Hotel Prague nab\u00edz\u00ed elegantn\u00ed prostory pro v\u0161echny d\u016fle\u017eit\u00e9 sch\u016fzky, pracovn\u00ed konference \u010di soukrom\u00e1 jedn\u00e1n\u00ed. K dispozici je pro na\u0161e hosty p\u0159ipraveno n\u011bkolik pln\u011b klimatizovan\u00fdch konferen\u010dn\u00edch m\u00edstnost\u00ed s LCD televiz\u00ed a stabiln\u00edm vysokorychlostn\u00edm Wi-Fi p\u0159ipojen\u00edm","og_url":"https:\/\/www.lepalaishotel.eu\/cs\/akce-a-konference\/","og_site_name":"Le Palais Art Hotel Prague","article_publisher":"https:\/\/www.facebook.com\/Le.Palais.Hotel.Prague","article_modified_time":"2025-03-18T16:57:56+00:00","twitter_card":"summary_large_image","twitter_misc":{"Odhadovan\u00e1 doba \u010dten\u00ed":"1 minuta"},"schema":{"@context":"https:\/\/schema.org","@graph":[{"@type":"WebPage","@id":"https:\/\/www.lepalaishotel.eu\/cs\/akce-a-konference\/","url":"https:\/\/www.lepalaishotel.eu\/cs\/akce-a-konference\/","name":"Akce a Konference - Le Palais Art Hotel Prague -","isPartOf":{"@id":"https:\/\/www.lepalaishotel.eu\/cs\/#website"},"datePublished":"2025-02-24T11:28:49+00:00","dateModified":"2025-03-18T16:57:56+00:00","description":"Le Palais Art Hotel Prague nab\u00edz\u00ed elegantn\u00ed prostory pro v\u0161echny d\u016fle\u017eit\u00e9 sch\u016fzky, pracovn\u00ed konference \u010di soukrom\u00e1 jedn\u00e1n\u00ed. K dispozici je pro na\u0161e hosty p\u0159ipraveno n\u011bkolik pln\u011b klimatizovan\u00fdch konferen\u010dn\u00edch m\u00edstnost\u00ed s LCD televiz\u00ed a stabiln\u00edm vysokorychlostn\u00edm Wi-Fi p\u0159ipojen\u00edm","breadcrumb":{"@id":"https:\/\/www.lepalaishotel.eu\/cs\/akce-a-konference\/#breadcrumb"},"inLanguage":"cs","potentialAction":[{"@type":"ReadAction","target":["https:\/\/www.lepalaishotel.eu\/cs\/akce-a-konference\/"]}]},{"@type":"BreadcrumbList","@id":"https:\/\/www.lepalaishotel.eu\/cs\/akce-a-konference\/#breadcrumb","itemListElement":[{"@type":"ListItem","position":1,"name":"Home","item":"https:\/\/www.lepalaishotel.eu\/cs\/"},{"@type":"ListItem","position":2,"name":"Akce a Konference"}]},{"@type":"WebSite","@id":"https:\/\/www.lepalaishotel.eu\/cs\/#website","url":"https:\/\/www.lepalaishotel.eu\/cs\/","name":"Le Palais Art Hotel Prague","description":"","publisher":{"@id":"https:\/\/www.lepalaishotel.eu\/cs\/#organization"},"potentialAction":[{"@type":"SearchAction","target":{"@type":"EntryPoint","urlTemplate":"https:\/\/www.lepalaishotel.eu\/cs\/?s={search_term_string}"},"query-input":"required name=search_term_string"}],"inLanguage":"cs"},{"@type":"Organization","@id":"https:\/\/www.lepalaishotel.eu\/cs\/#organization","name":"Le Palais Art Hotel Prague","url":"https:\/\/www.lepalaishotel.eu\/cs\/","logo":{"@type":"ImageObject","inLanguage":"cs","@id":"https:\/\/www.lepalaishotel.eu\/cs\/#\/schema\/logo\/image\/","url":"https:\/\/www.lepalaishotel.eu\/wp-content\/uploads\/sites\/218\/2025\/02\/le_palais_logo_gold.svg","contentUrl":"https:\/\/www.lepalaishotel.eu\/wp-content\/uploads\/sites\/218\/2025\/02\/le_palais_logo_gold.svg","width":434,"height":334,"caption":"Le Palais Art Hotel Prague"},"image":{"@id":"https:\/\/www.lepalaishotel.eu\/cs\/#\/schema\/logo\/image\/"},"sameAs":["https:\/\/www.facebook.com\/Le.Palais.Hotel.Prague","https:\/\/www.instagram.com\/lepalais_hotel_prague","https:\/\/twitter.com\/LePalais_Prague"]}]}},"acf":[],"_links":{"self":[{"href":"https:\/\/www.lepalaishotel.eu\/cs\/wp-json\/wp\/v2\/pages\/367"}],"collection":[{"href":"https:\/\/www.lepalaishotel.eu\/cs\/wp-json\/wp\/v2\/pages"}],"about":[{"href":"https:\/\/www.lepalaishotel.eu\/cs\/wp-json\/wp\/v2\/types\/page"}],"author":[{"embeddable":true,"href":"https:\/\/www.lepalaishotel.eu\/cs\/wp-json\/wp\/v2\/users\/26"}],"replies":[{"embeddable":true,"href":"https:\/\/www.lepalaishotel.eu\/cs\/wp-json\/wp\/v2\/comments?post=367"}],"version-history":[{"count":0,"href":"https:\/\/www.lepalaishotel.eu\/cs\/wp-json\/wp\/v2\/pages\/367\/revisions"}],"wp:attachment":[{"href":"https:\/\/www.lepalaishotel.eu\/cs\/wp-json\/wp\/v2\/media?parent=367"}],"curies":[{"name":"wp","href":"https:\/\/api.w.org\/{rel}","templated":true}]}}