{"id":359,"date":"2025-02-27T16:19:16","date_gmt":"2025-02-27T15:19:16","guid":{"rendered":"https:\/\/lepalaishotel.ms2.decms.eu\/?page_id=359"},"modified":"2026-01-02T14:11:47","modified_gmt":"2026-01-02T13:11:47","slug":"artista-restaurace-praha","status":"publish","type":"page","link":"https:\/\/www.lepalaishotel.eu\/cs\/restaurace\/artista-restaurace-praha\/","title":{"rendered":"Artista Restaurace Praha"},"content":{"rendered":"<p>Restaurace Artista je ide\u00e1ln\u00edm m\u00edstem nejen pro milovn\u00edky kvalitn\u00ed gastronomie. Nab\u00edz\u00ed inovativn\u00ed a nekonven\u010dn\u00ed \u010deskou i zahrani\u010dn\u00ed kuchyni. T\u00fdm profesion\u00e1l\u016f klade u ka\u017ed\u00e9ho chodu d\u016fraz na pou\u017eit\u00ed pouze t\u011bch nejlep\u0161\u00edch sez\u00f3nn\u00edch surovin od lok\u00e1ln\u00edch dodavatel\u016f.<\/p>\n<p>Je jen na na\u0161ich hostech, jestli si zde cht\u011bj\u00ed vychutnat lehk\u00fd Business Lunch. Ke ka\u017ed\u00e9mu j\u00eddlu nab\u00edz\u00edme \u0161irok\u00fd v\u00fdb\u011br kvalitn\u00edch v\u00edn, osv\u011b\u017euj\u00edc\u00edch m\u00edchan\u00fdch n\u00e1poj\u016f, ale i to\u010den\u00e9ho piva. To v\u0161e si n\u00e1\u0161 host m\u016f\u017ee u\u017e\u00edt na terase s p\u0159ekr\u00e1sn\u00fdm v\u00fdhledem na Nuselsk\u00e9 \u00fadol\u00ed a Nov\u00e9 m\u011bsto.<\/p>\n<p><em>*z d\u016fvodu intern\u00edch opat\u0159en\u00ed hotelu m\u016f\u017ee b\u00fdt otev\u00edrac\u00ed doba restaurace a lobby baru omezen\u00e1<\/em><\/p>\n","protected":false},"excerpt":{"rendered":"<p>Restaurace Artista je ide\u00e1ln\u00edm m\u00edstem nejen pro milovn\u00edky kvalitn\u00ed gastronomie. Nab\u00edz\u00ed inovativn\u00ed a nekonven\u010dn\u00ed \u010deskou i zahrani\u010dn\u00ed kuchyni. T\u00fdm profesion\u00e1l\u016f klade u ka\u017ed\u00e9ho chodu d\u016fraz na pou\u017eit\u00ed pouze t\u011bch nejlep\u0161\u00edch sez\u00f3nn\u00edch surovin od lok\u00e1ln\u00edch dodavatel\u016f. Je jen na na\u0161ich hostech, jestli si zde cht\u011bj\u00ed vychutnat lehk\u00fd Business Lunch. Ke ka\u017ed\u00e9mu j\u00eddlu nab\u00edz\u00edme \u0161irok\u00fd v\u00fdb\u011br kvalitn\u00edch [&hellip;]<\/p>\n","protected":false},"author":26,"featured_media":0,"parent":356,"menu_order":10,"comment_status":"closed","ping_status":"closed","template":"template-single-restaurant.php","meta":{"footnotes":""},"yoast_head":"<!-- This site is optimized with the Yoast SEO plugin v22.3 - https:\/\/yoast.com\/wordpress\/plugins\/seo\/ -->\n<title>Artista Restaurace Praha - Le Palais Art Hotel Prague -<\/title>\n<meta name=\"description\" content=\"Restaurace Artista je ide\u00e1ln\u00edm m\u00edstem nejen pro milovn\u00edky kvalitn\u00ed gastronomie. Nab\u00edz\u00ed inovativn\u00ed a nekonven\u010dn\u00ed \u010deskou i zahrani\u010dn\u00ed kuchyni\" \/>\n<meta name=\"robots\" content=\"index, follow, max-snippet:-1, max-image-preview:large, max-video-preview:-1\" \/>\n<link rel=\"canonical\" href=\"https:\/\/www.lepalaishotel.eu\/cs\/restaurace\/artista-restaurace-praha\/\" \/>\n<meta property=\"og:locale\" content=\"cs_CZ\" \/>\n<meta property=\"og:type\" content=\"article\" \/>\n<meta property=\"og:title\" content=\"Artista Restaurace Praha - Le Palais Art Hotel Prague -\" \/>\n<meta property=\"og:description\" content=\"Restaurace Artista je ide\u00e1ln\u00edm m\u00edstem nejen pro milovn\u00edky kvalitn\u00ed gastronomie. Nab\u00edz\u00ed inovativn\u00ed a nekonven\u010dn\u00ed \u010deskou i zahrani\u010dn\u00ed kuchyni\" \/>\n<meta property=\"og:url\" content=\"https:\/\/www.lepalaishotel.eu\/cs\/restaurace\/artista-restaurace-praha\/\" \/>\n<meta property=\"og:site_name\" content=\"Le Palais Art Hotel Prague\" \/>\n<meta property=\"article:publisher\" content=\"https:\/\/www.facebook.com\/Le.Palais.Hotel.Prague\" \/>\n<meta property=\"article:modified_time\" content=\"2026-01-02T13:11:47+00:00\" \/>\n<meta name=\"twitter:card\" content=\"summary_large_image\" \/>\n<meta name=\"twitter:label1\" content=\"Odhadovan\u00e1 doba \u010dten\u00ed\" \/>\n\t<meta name=\"twitter:data1\" content=\"1 minuta\" \/>\n<script type=\"application\/ld+json\" class=\"yoast-schema-graph\">{\"@context\":\"https:\/\/schema.org\",\"@graph\":[{\"@type\":\"WebPage\",\"@id\":\"https:\/\/www.lepalaishotel.eu\/cs\/restaurace\/artista-restaurace-praha\/\",\"url\":\"https:\/\/www.lepalaishotel.eu\/cs\/restaurace\/artista-restaurace-praha\/\",\"name\":\"Artista Restaurace Praha - Le Palais Art Hotel Prague -\",\"isPartOf\":{\"@id\":\"https:\/\/www.lepalaishotel.eu\/cs\/#website\"},\"datePublished\":\"2025-02-27T15:19:16+00:00\",\"dateModified\":\"2026-01-02T13:11:47+00:00\",\"description\":\"Restaurace Artista je ide\u00e1ln\u00edm m\u00edstem nejen pro milovn\u00edky kvalitn\u00ed gastronomie. Nab\u00edz\u00ed inovativn\u00ed a nekonven\u010dn\u00ed \u010deskou i zahrani\u010dn\u00ed kuchyni\",\"breadcrumb\":{\"@id\":\"https:\/\/www.lepalaishotel.eu\/cs\/restaurace\/artista-restaurace-praha\/#breadcrumb\"},\"inLanguage\":\"cs\",\"potentialAction\":[{\"@type\":\"ReadAction\",\"target\":[\"https:\/\/www.lepalaishotel.eu\/cs\/restaurace\/artista-restaurace-praha\/\"]}]},{\"@type\":\"BreadcrumbList\",\"@id\":\"https:\/\/www.lepalaishotel.eu\/cs\/restaurace\/artista-restaurace-praha\/#breadcrumb\",\"itemListElement\":[{\"@type\":\"ListItem\",\"position\":1,\"name\":\"Home\",\"item\":\"https:\/\/www.lepalaishotel.eu\/cs\/\"},{\"@type\":\"ListItem\",\"position\":2,\"name\":\"Restaurace\",\"item\":\"https:\/\/www.lepalaishotel.eu\/cs\/restaurace\/\"},{\"@type\":\"ListItem\",\"position\":3,\"name\":\"Artista Restaurace Praha\"}]},{\"@type\":\"WebSite\",\"@id\":\"https:\/\/www.lepalaishotel.eu\/cs\/#website\",\"url\":\"https:\/\/www.lepalaishotel.eu\/cs\/\",\"name\":\"Le Palais Art Hotel Prague\",\"description\":\"\",\"publisher\":{\"@id\":\"https:\/\/www.lepalaishotel.eu\/cs\/#organization\"},\"potentialAction\":[{\"@type\":\"SearchAction\",\"target\":{\"@type\":\"EntryPoint\",\"urlTemplate\":\"https:\/\/www.lepalaishotel.eu\/cs\/?s={search_term_string}\"},\"query-input\":\"required name=search_term_string\"}],\"inLanguage\":\"cs\"},{\"@type\":\"Organization\",\"@id\":\"https:\/\/www.lepalaishotel.eu\/cs\/#organization\",\"name\":\"Le Palais Art Hotel Prague\",\"url\":\"https:\/\/www.lepalaishotel.eu\/cs\/\",\"logo\":{\"@type\":\"ImageObject\",\"inLanguage\":\"cs\",\"@id\":\"https:\/\/www.lepalaishotel.eu\/cs\/#\/schema\/logo\/image\/\",\"url\":\"https:\/\/www.lepalaishotel.eu\/wp-content\/uploads\/sites\/218\/2025\/02\/le_palais_logo_gold.svg\",\"contentUrl\":\"https:\/\/www.lepalaishotel.eu\/wp-content\/uploads\/sites\/218\/2025\/02\/le_palais_logo_gold.svg\",\"width\":434,\"height\":334,\"caption\":\"Le Palais Art Hotel Prague\"},\"image\":{\"@id\":\"https:\/\/www.lepalaishotel.eu\/cs\/#\/schema\/logo\/image\/\"},\"sameAs\":[\"https:\/\/www.facebook.com\/Le.Palais.Hotel.Prague\",\"https:\/\/www.instagram.com\/lepalais_hotel_prague\",\"https:\/\/twitter.com\/LePalais_Prague\"]}]}<\/script>\n<!-- \/ Yoast SEO plugin. -->","yoast_head_json":{"title":"Artista Restaurace Praha - Le Palais Art Hotel Prague -","description":"Restaurace Artista je ide\u00e1ln\u00edm m\u00edstem nejen pro milovn\u00edky kvalitn\u00ed gastronomie. Nab\u00edz\u00ed inovativn\u00ed a nekonven\u010dn\u00ed \u010deskou i zahrani\u010dn\u00ed kuchyni","robots":{"index":"index","follow":"follow","max-snippet":"max-snippet:-1","max-image-preview":"max-image-preview:large","max-video-preview":"max-video-preview:-1"},"canonical":"https:\/\/www.lepalaishotel.eu\/cs\/restaurace\/artista-restaurace-praha\/","og_locale":"cs_CZ","og_type":"article","og_title":"Artista Restaurace Praha - Le Palais Art Hotel Prague -","og_description":"Restaurace Artista je ide\u00e1ln\u00edm m\u00edstem nejen pro milovn\u00edky kvalitn\u00ed gastronomie. Nab\u00edz\u00ed inovativn\u00ed a nekonven\u010dn\u00ed \u010deskou i zahrani\u010dn\u00ed kuchyni","og_url":"https:\/\/www.lepalaishotel.eu\/cs\/restaurace\/artista-restaurace-praha\/","og_site_name":"Le Palais Art Hotel Prague","article_publisher":"https:\/\/www.facebook.com\/Le.Palais.Hotel.Prague","article_modified_time":"2026-01-02T13:11:47+00:00","twitter_card":"summary_large_image","twitter_misc":{"Odhadovan\u00e1 doba \u010dten\u00ed":"1 minuta"},"schema":{"@context":"https:\/\/schema.org","@graph":[{"@type":"WebPage","@id":"https:\/\/www.lepalaishotel.eu\/cs\/restaurace\/artista-restaurace-praha\/","url":"https:\/\/www.lepalaishotel.eu\/cs\/restaurace\/artista-restaurace-praha\/","name":"Artista Restaurace Praha - Le Palais Art Hotel Prague -","isPartOf":{"@id":"https:\/\/www.lepalaishotel.eu\/cs\/#website"},"datePublished":"2025-02-27T15:19:16+00:00","dateModified":"2026-01-02T13:11:47+00:00","description":"Restaurace Artista je ide\u00e1ln\u00edm m\u00edstem nejen pro milovn\u00edky kvalitn\u00ed gastronomie. Nab\u00edz\u00ed inovativn\u00ed a nekonven\u010dn\u00ed \u010deskou i zahrani\u010dn\u00ed kuchyni","breadcrumb":{"@id":"https:\/\/www.lepalaishotel.eu\/cs\/restaurace\/artista-restaurace-praha\/#breadcrumb"},"inLanguage":"cs","potentialAction":[{"@type":"ReadAction","target":["https:\/\/www.lepalaishotel.eu\/cs\/restaurace\/artista-restaurace-praha\/"]}]},{"@type":"BreadcrumbList","@id":"https:\/\/www.lepalaishotel.eu\/cs\/restaurace\/artista-restaurace-praha\/#breadcrumb","itemListElement":[{"@type":"ListItem","position":1,"name":"Home","item":"https:\/\/www.lepalaishotel.eu\/cs\/"},{"@type":"ListItem","position":2,"name":"Restaurace","item":"https:\/\/www.lepalaishotel.eu\/cs\/restaurace\/"},{"@type":"ListItem","position":3,"name":"Artista Restaurace Praha"}]},{"@type":"WebSite","@id":"https:\/\/www.lepalaishotel.eu\/cs\/#website","url":"https:\/\/www.lepalaishotel.eu\/cs\/","name":"Le Palais Art Hotel Prague","description":"","publisher":{"@id":"https:\/\/www.lepalaishotel.eu\/cs\/#organization"},"potentialAction":[{"@type":"SearchAction","target":{"@type":"EntryPoint","urlTemplate":"https:\/\/www.lepalaishotel.eu\/cs\/?s={search_term_string}"},"query-input":"required name=search_term_string"}],"inLanguage":"cs"},{"@type":"Organization","@id":"https:\/\/www.lepalaishotel.eu\/cs\/#organization","name":"Le Palais Art Hotel Prague","url":"https:\/\/www.lepalaishotel.eu\/cs\/","logo":{"@type":"ImageObject","inLanguage":"cs","@id":"https:\/\/www.lepalaishotel.eu\/cs\/#\/schema\/logo\/image\/","url":"https:\/\/www.lepalaishotel.eu\/wp-content\/uploads\/sites\/218\/2025\/02\/le_palais_logo_gold.svg","contentUrl":"https:\/\/www.lepalaishotel.eu\/wp-content\/uploads\/sites\/218\/2025\/02\/le_palais_logo_gold.svg","width":434,"height":334,"caption":"Le Palais Art Hotel Prague"},"image":{"@id":"https:\/\/www.lepalaishotel.eu\/cs\/#\/schema\/logo\/image\/"},"sameAs":["https:\/\/www.facebook.com\/Le.Palais.Hotel.Prague","https:\/\/www.instagram.com\/lepalais_hotel_prague","https:\/\/twitter.com\/LePalais_Prague"]}]}},"acf":[],"_links":{"self":[{"href":"https:\/\/www.lepalaishotel.eu\/cs\/wp-json\/wp\/v2\/pages\/359"}],"collection":[{"href":"https:\/\/www.lepalaishotel.eu\/cs\/wp-json\/wp\/v2\/pages"}],"about":[{"href":"https:\/\/www.lepalaishotel.eu\/cs\/wp-json\/wp\/v2\/types\/page"}],"author":[{"embeddable":true,"href":"https:\/\/www.lepalaishotel.eu\/cs\/wp-json\/wp\/v2\/users\/26"}],"replies":[{"embeddable":true,"href":"https:\/\/www.lepalaishotel.eu\/cs\/wp-json\/wp\/v2\/comments?post=359"}],"version-history":[{"count":0,"href":"https:\/\/www.lepalaishotel.eu\/cs\/wp-json\/wp\/v2\/pages\/359\/revisions"}],"up":[{"embeddable":true,"href":"https:\/\/www.lepalaishotel.eu\/cs\/wp-json\/wp\/v2\/pages\/356"}],"wp:attachment":[{"href":"https:\/\/www.lepalaishotel.eu\/cs\/wp-json\/wp\/v2\/media?parent=359"}],"curies":[{"name":"wp","href":"https:\/\/api.w.org\/{rel}","templated":true}]}}