{"id":340,"date":"2025-02-19T16:30:35","date_gmt":"2025-02-19T15:30:35","guid":{"rendered":"https:\/\/lepalaishotel.ms2.decms.eu\/?page_id=340"},"modified":"2026-04-05T10:05:34","modified_gmt":"2026-04-05T08:05:34","slug":"le-palais-art-hotel-praha","status":"publish","type":"page","link":"https:\/\/www.lepalaishotel.eu\/cs\/","title":{"rendered":"Le Palais Art Hotel Praha"},"content":{"rendered":"<p>Le Palais Art Hotel Praha je skute\u010dn\u011b v\u00fdjime\u010dn\u00e9 m\u00edsto, kter\u00e9 kombinuje historickou atmosf\u00e9ru s modern\u00edm luxusem. Tento p\u011btihv\u011bzdi\u010dkov\u00fd hotel v Praze s\u00eddl\u00ed v pe\u010dliv\u011b zrekonstruovan\u00e9 budov\u011b z 19. stolet\u00ed a nab\u00edz\u00ed nejen elegantn\u00ed ubytov\u00e1n\u00ed, ale tak\u00e9 um\u011bleck\u00fd z\u00e1\u017eitek \u2013 v interi\u00e9rech hotelu Le Palais jsou vystavena d\u00edla zn\u00e1m\u00fdch \u010desk\u00fdch i zahrani\u010dn\u00edch um\u011blc\u016f.<\/p>\n<p>Poloha hotelu v pra\u017esk\u00e9 \u010dtvrti Vinohrady Praha 2, kter\u00e1 je zn\u00e1m\u00e1 svou architekturou, klidn\u00fdm prost\u0159ed\u00edm a mno\u017estv\u00edm kav\u00e1ren, restaurac\u00ed i park\u016f, je ide\u00e1ln\u00ed jak pro turisty, tak i pro ty, kte\u0159\u00ed cht\u011bj\u00ed za\u017e\u00edt autentickou Prahu mimo hlavn\u00ed turistick\u00e9 trasy. Bl\u00edzkost Divadla na Vinohradech v Praze nebo snadn\u00e1 p\u011b\u0161\u00ed dostupnost V\u00e1clavsk\u00e9ho n\u00e1m\u011bst\u00ed \u010di historick\u00e9ho centra Prahy d\u011blaj\u00ed z hotelu ide\u00e1ln\u00ed v\u00fdchoz\u00ed bod pro objevov\u00e1n\u00ed stov\u011b\u017eat\u00e9 Prahy.<\/p>\n<p class=\"\" data-start=\"261\" data-end=\"616\">Pobyt v hotelu\u00a0 Le Palais p\u0159in\u00e1\u0161\u00ed kouzlo obdob\u00ed Belle \u00c9poque v kombinaci se sou\u010dasn\u00fdm komfortem. Obdivovat zde m\u016f\u017eete p\u016fvodn\u00ed stropy od slavn\u00e9ho \u010desk\u00e9ho mal\u00ed\u0159e Ludka Marolda, kter\u00fd v budov\u011b kdysi \u017eil a tvo\u0159il. Interi\u00e9ry hotelu jsou lad\u011bny do klidn\u00e9 elegance a zdob\u00ed je pe\u010dliv\u011b vybran\u00e1 um\u011bleck\u00e1 d\u00edla, kter\u00e1 dotv\u00e1\u0159ej\u00ed jedine\u010dnou atmosf\u00e9ru tohoto v\u00fdjime\u010dn\u00e9ho m\u00edsta.<\/p>\n","protected":false},"excerpt":{"rendered":"<p>Le Palais Art Hotel Praha je skute\u010dn\u011b v\u00fdjime\u010dn\u00e9 m\u00edsto, kter\u00e9 kombinuje historickou atmosf\u00e9ru s modern\u00edm luxusem. Tento p\u011btihv\u011bzdi\u010dkov\u00fd hotel v Praze s\u00eddl\u00ed v pe\u010dliv\u011b zrekonstruovan\u00e9 budov\u011b z 19. stolet\u00ed a nab\u00edz\u00ed nejen elegantn\u00ed ubytov\u00e1n\u00ed, ale tak\u00e9 um\u011bleck\u00fd z\u00e1\u017eitek \u2013 v interi\u00e9rech hotelu Le Palais jsou vystavena d\u00edla zn\u00e1m\u00fdch \u010desk\u00fdch i zahrani\u010dn\u00edch um\u011blc\u016f. Poloha hotelu v [&hellip;]<\/p>\n","protected":false},"author":26,"featured_media":0,"parent":0,"menu_order":10,"comment_status":"closed","ping_status":"closed","template":"","meta":{"footnotes":""},"yoast_head":"<!-- This site is optimized with the Yoast SEO plugin v22.3 - https:\/\/yoast.com\/wordpress\/plugins\/seo\/ -->\n<title>Le Palais Art Hotel Praha - Le Palais Art Hotel Prague -<\/title>\n<meta name=\"description\" content=\"Le Palais Art Hotel Praha je skute\u010dn\u011b v\u00fdjime\u010dn\u00e9 m\u00edsto, kter\u00e9 kombinuje historickou atmosf\u00e9ru s modern\u00edm luxusem. Tento p\u011btihv\u011bzdi\u010dkov\u00fd hotel v Praze s\u00eddl\u00ed v pe\u010dliv\u011b zrekonstruovan\u00e9 budov\u011b z 19\" \/>\n<meta name=\"robots\" content=\"index, follow, max-snippet:-1, max-image-preview:large, max-video-preview:-1\" \/>\n<link rel=\"canonical\" href=\"https:\/\/www.lepalaishotel.eu\/cs\/\" \/>\n<meta property=\"og:locale\" content=\"cs_CZ\" \/>\n<meta property=\"og:type\" content=\"article\" \/>\n<meta property=\"og:title\" content=\"Le Palais Art Hotel Praha - Le Palais Art Hotel Prague -\" \/>\n<meta property=\"og:description\" content=\"Le Palais Art Hotel Praha je skute\u010dn\u011b v\u00fdjime\u010dn\u00e9 m\u00edsto, kter\u00e9 kombinuje historickou atmosf\u00e9ru s modern\u00edm luxusem. Tento p\u011btihv\u011bzdi\u010dkov\u00fd hotel v Praze s\u00eddl\u00ed v pe\u010dliv\u011b zrekonstruovan\u00e9 budov\u011b z 19\" \/>\n<meta property=\"og:url\" content=\"https:\/\/www.lepalaishotel.eu\/cs\/\" \/>\n<meta property=\"og:site_name\" content=\"Le Palais Art Hotel Prague\" \/>\n<meta property=\"article:publisher\" content=\"https:\/\/www.facebook.com\/Le.Palais.Hotel.Prague\" \/>\n<meta property=\"article:modified_time\" content=\"2026-04-05T08:05:34+00:00\" \/>\n<meta name=\"twitter:card\" content=\"summary_large_image\" \/>\n<meta name=\"twitter:label1\" content=\"Odhadovan\u00e1 doba \u010dten\u00ed\" \/>\n\t<meta name=\"twitter:data1\" content=\"1 minuta\" \/>\n<script type=\"application\/ld+json\" class=\"yoast-schema-graph\">{\"@context\":\"https:\/\/schema.org\",\"@graph\":[{\"@type\":\"WebPage\",\"@id\":\"https:\/\/www.lepalaishotel.eu\/cs\/\",\"url\":\"https:\/\/www.lepalaishotel.eu\/cs\/\",\"name\":\"Le Palais Art Hotel Praha - Le Palais Art Hotel Prague -\",\"isPartOf\":{\"@id\":\"https:\/\/www.lepalaishotel.eu\/cs\/#website\"},\"datePublished\":\"2025-02-19T15:30:35+00:00\",\"dateModified\":\"2026-04-05T08:05:34+00:00\",\"description\":\"Le Palais Art Hotel Praha je skute\u010dn\u011b v\u00fdjime\u010dn\u00e9 m\u00edsto, kter\u00e9 kombinuje historickou atmosf\u00e9ru s modern\u00edm luxusem. Tento p\u011btihv\u011bzdi\u010dkov\u00fd hotel v Praze s\u00eddl\u00ed v pe\u010dliv\u011b zrekonstruovan\u00e9 budov\u011b z 19\",\"breadcrumb\":{\"@id\":\"https:\/\/www.lepalaishotel.eu\/cs\/#breadcrumb\"},\"inLanguage\":\"cs\",\"potentialAction\":[{\"@type\":\"ReadAction\",\"target\":[\"https:\/\/www.lepalaishotel.eu\/cs\/\"]}]},{\"@type\":\"BreadcrumbList\",\"@id\":\"https:\/\/www.lepalaishotel.eu\/cs\/#breadcrumb\",\"itemListElement\":[{\"@type\":\"ListItem\",\"position\":1,\"name\":\"Home\",\"item\":\"https:\/\/www.lepalaishotel.eu\/cs\/\"},{\"@type\":\"ListItem\",\"position\":2,\"name\":\"Le Palais Art Hotel Praha\"}]},{\"@type\":\"WebSite\",\"@id\":\"https:\/\/www.lepalaishotel.eu\/cs\/#website\",\"url\":\"https:\/\/www.lepalaishotel.eu\/cs\/\",\"name\":\"Le Palais Art Hotel Prague\",\"description\":\"\",\"publisher\":{\"@id\":\"https:\/\/www.lepalaishotel.eu\/cs\/#organization\"},\"potentialAction\":[{\"@type\":\"SearchAction\",\"target\":{\"@type\":\"EntryPoint\",\"urlTemplate\":\"https:\/\/www.lepalaishotel.eu\/cs\/?s={search_term_string}\"},\"query-input\":\"required name=search_term_string\"}],\"inLanguage\":\"cs\"},{\"@type\":\"Organization\",\"@id\":\"https:\/\/www.lepalaishotel.eu\/cs\/#organization\",\"name\":\"Le Palais Art Hotel Prague\",\"url\":\"https:\/\/www.lepalaishotel.eu\/cs\/\",\"logo\":{\"@type\":\"ImageObject\",\"inLanguage\":\"cs\",\"@id\":\"https:\/\/www.lepalaishotel.eu\/cs\/#\/schema\/logo\/image\/\",\"url\":\"https:\/\/www.lepalaishotel.eu\/wp-content\/uploads\/sites\/218\/2025\/02\/le_palais_logo_gold.svg\",\"contentUrl\":\"https:\/\/www.lepalaishotel.eu\/wp-content\/uploads\/sites\/218\/2025\/02\/le_palais_logo_gold.svg\",\"width\":434,\"height\":334,\"caption\":\"Le Palais Art Hotel Prague\"},\"image\":{\"@id\":\"https:\/\/www.lepalaishotel.eu\/cs\/#\/schema\/logo\/image\/\"},\"sameAs\":[\"https:\/\/www.facebook.com\/Le.Palais.Hotel.Prague\",\"https:\/\/www.instagram.com\/lepalais_hotel_prague\",\"https:\/\/twitter.com\/LePalais_Prague\"]}]}<\/script>\n<!-- \/ Yoast SEO plugin. -->","yoast_head_json":{"title":"Le Palais Art Hotel Praha - Le Palais Art Hotel Prague -","description":"Le Palais Art Hotel Praha je skute\u010dn\u011b v\u00fdjime\u010dn\u00e9 m\u00edsto, kter\u00e9 kombinuje historickou atmosf\u00e9ru s modern\u00edm luxusem. Tento p\u011btihv\u011bzdi\u010dkov\u00fd hotel v Praze s\u00eddl\u00ed v pe\u010dliv\u011b zrekonstruovan\u00e9 budov\u011b z 19","robots":{"index":"index","follow":"follow","max-snippet":"max-snippet:-1","max-image-preview":"max-image-preview:large","max-video-preview":"max-video-preview:-1"},"canonical":"https:\/\/www.lepalaishotel.eu\/cs\/","og_locale":"cs_CZ","og_type":"article","og_title":"Le Palais Art Hotel Praha - Le Palais Art Hotel Prague -","og_description":"Le Palais Art Hotel Praha je skute\u010dn\u011b v\u00fdjime\u010dn\u00e9 m\u00edsto, kter\u00e9 kombinuje historickou atmosf\u00e9ru s modern\u00edm luxusem. Tento p\u011btihv\u011bzdi\u010dkov\u00fd hotel v Praze s\u00eddl\u00ed v pe\u010dliv\u011b zrekonstruovan\u00e9 budov\u011b z 19","og_url":"https:\/\/www.lepalaishotel.eu\/cs\/","og_site_name":"Le Palais Art Hotel Prague","article_publisher":"https:\/\/www.facebook.com\/Le.Palais.Hotel.Prague","article_modified_time":"2026-04-05T08:05:34+00:00","twitter_card":"summary_large_image","twitter_misc":{"Odhadovan\u00e1 doba \u010dten\u00ed":"1 minuta"},"schema":{"@context":"https:\/\/schema.org","@graph":[{"@type":"WebPage","@id":"https:\/\/www.lepalaishotel.eu\/cs\/","url":"https:\/\/www.lepalaishotel.eu\/cs\/","name":"Le Palais Art Hotel Praha - Le Palais Art Hotel Prague -","isPartOf":{"@id":"https:\/\/www.lepalaishotel.eu\/cs\/#website"},"datePublished":"2025-02-19T15:30:35+00:00","dateModified":"2026-04-05T08:05:34+00:00","description":"Le Palais Art Hotel Praha je skute\u010dn\u011b v\u00fdjime\u010dn\u00e9 m\u00edsto, kter\u00e9 kombinuje historickou atmosf\u00e9ru s modern\u00edm luxusem. Tento p\u011btihv\u011bzdi\u010dkov\u00fd hotel v Praze s\u00eddl\u00ed v pe\u010dliv\u011b zrekonstruovan\u00e9 budov\u011b z 19","breadcrumb":{"@id":"https:\/\/www.lepalaishotel.eu\/cs\/#breadcrumb"},"inLanguage":"cs","potentialAction":[{"@type":"ReadAction","target":["https:\/\/www.lepalaishotel.eu\/cs\/"]}]},{"@type":"BreadcrumbList","@id":"https:\/\/www.lepalaishotel.eu\/cs\/#breadcrumb","itemListElement":[{"@type":"ListItem","position":1,"name":"Home","item":"https:\/\/www.lepalaishotel.eu\/cs\/"},{"@type":"ListItem","position":2,"name":"Le Palais Art Hotel Praha"}]},{"@type":"WebSite","@id":"https:\/\/www.lepalaishotel.eu\/cs\/#website","url":"https:\/\/www.lepalaishotel.eu\/cs\/","name":"Le Palais Art Hotel Prague","description":"","publisher":{"@id":"https:\/\/www.lepalaishotel.eu\/cs\/#organization"},"potentialAction":[{"@type":"SearchAction","target":{"@type":"EntryPoint","urlTemplate":"https:\/\/www.lepalaishotel.eu\/cs\/?s={search_term_string}"},"query-input":"required name=search_term_string"}],"inLanguage":"cs"},{"@type":"Organization","@id":"https:\/\/www.lepalaishotel.eu\/cs\/#organization","name":"Le Palais Art Hotel Prague","url":"https:\/\/www.lepalaishotel.eu\/cs\/","logo":{"@type":"ImageObject","inLanguage":"cs","@id":"https:\/\/www.lepalaishotel.eu\/cs\/#\/schema\/logo\/image\/","url":"https:\/\/www.lepalaishotel.eu\/wp-content\/uploads\/sites\/218\/2025\/02\/le_palais_logo_gold.svg","contentUrl":"https:\/\/www.lepalaishotel.eu\/wp-content\/uploads\/sites\/218\/2025\/02\/le_palais_logo_gold.svg","width":434,"height":334,"caption":"Le Palais Art Hotel Prague"},"image":{"@id":"https:\/\/www.lepalaishotel.eu\/cs\/#\/schema\/logo\/image\/"},"sameAs":["https:\/\/www.facebook.com\/Le.Palais.Hotel.Prague","https:\/\/www.instagram.com\/lepalais_hotel_prague","https:\/\/twitter.com\/LePalais_Prague"]}]}},"acf":[],"_links":{"self":[{"href":"https:\/\/www.lepalaishotel.eu\/cs\/wp-json\/wp\/v2\/pages\/340"}],"collection":[{"href":"https:\/\/www.lepalaishotel.eu\/cs\/wp-json\/wp\/v2\/pages"}],"about":[{"href":"https:\/\/www.lepalaishotel.eu\/cs\/wp-json\/wp\/v2\/types\/page"}],"author":[{"embeddable":true,"href":"https:\/\/www.lepalaishotel.eu\/cs\/wp-json\/wp\/v2\/users\/26"}],"replies":[{"embeddable":true,"href":"https:\/\/www.lepalaishotel.eu\/cs\/wp-json\/wp\/v2\/comments?post=340"}],"version-history":[{"count":0,"href":"https:\/\/www.lepalaishotel.eu\/cs\/wp-json\/wp\/v2\/pages\/340\/revisions"}],"wp:attachment":[{"href":"https:\/\/www.lepalaishotel.eu\/cs\/wp-json\/wp\/v2\/media?parent=340"}],"curies":[{"name":"wp","href":"https:\/\/api.w.org\/{rel}","templated":true}]}}